{"id":9371,"date":"2021-05-26T18:14:32","date_gmt":"2021-05-26T16:14:32","guid":{"rendered":"https:\/\/www.systab.it\/?page_id=9371"},"modified":"2026-02-16T12:00:51","modified_gmt":"2026-02-16T11:00:51","slug":"consolidamento-fondazioni-scuola-siena","status":"publish","type":"page","link":"https:\/\/www.systab.it\/en\/consolidamento-fondazioni-scuola-siena\/","title":{"rendered":"Consolidamento e sollevamento di un ascensore"},"content":{"rendered":"<p>[et_pb_section fb_built=&#8221;1&#8243; admin_label=&#8221;section&#8221; _builder_version=&#8221;4.16&#8243; global_colors_info=&#8221;{}&#8221;][et_pb_row column_structure=&#8221;1_5,1_5,1_5,1_5,1_5&#8243; _builder_version=&#8221;4.17.1&#8243; _module_preset=&#8221;default&#8221; global_colors_info=&#8221;{}&#8221;][et_pb_column type=&#8221;1_5&#8243; _builder_version=&#8221;4.17.1&#8243; _module_preset=&#8221;default&#8221; global_colors_info=&#8221;{}&#8221;][et_pb_image src=&#8221;https:\/\/www.systab.it\/wp-content\/uploads\/2021\/05\/edificio-consolidato.jpg&#8221; alt=&#8221;Consolidamento fondazioni scuola a Siena&#8221; title_text=&#8221;Consolidamento fondazioni scuola a Siena&#8221; show_in_lightbox=&#8221;on&#8221; _builder_version=&#8221;4.17.1&#8243; _module_preset=&#8221;default&#8221; animation_style=&#8221;flip&#8221; global_colors_info=&#8221;{}&#8221;][\/et_pb_image][\/et_pb_column][et_pb_column type=&#8221;1_5&#8243; _builder_version=&#8221;4.17.1&#8243; _module_preset=&#8221;default&#8221; global_colors_info=&#8221;{}&#8221;][et_pb_image src=&#8221;https:\/\/www.systab.it\/wp-content\/uploads\/2021\/05\/iniezione-systab-2.jpg&#8221; alt=&#8221;Consolidamento fondazioni scuola a Siena&#8221; title_text=&#8221;Iniezione di resine espandenti per consolidare ascensore&#8221; show_in_lightbox=&#8221;on&#8221; _builder_version=&#8221;4.17.1&#8243; _module_preset=&#8221;default&#8221; animation_style=&#8221;flip&#8221; global_colors_info=&#8221;{}&#8221;][\/et_pb_image][\/et_pb_column][et_pb_column type=&#8221;1_5&#8243; _builder_version=&#8221;4.17.1&#8243; _module_preset=&#8221;default&#8221; global_colors_info=&#8221;{}&#8221;][et_pb_image src=&#8221;https:\/\/www.systab.it\/wp-content\/uploads\/2021\/05\/foratura-systab.jpg&#8221; alt=&#8221;Consolidamento fondazioni scuola a Siena&#8221; title_text=&#8221;Foratura Systab per consolidamento fondazioni ascensore&#8221; show_in_lightbox=&#8221;on&#8221; _builder_version=&#8221;4.17.1&#8243; _module_preset=&#8221;default&#8221; animation_style=&#8221;flip&#8221; global_colors_info=&#8221;{}&#8221;][\/et_pb_image][\/et_pb_column][et_pb_column type=&#8221;1_5&#8243; _builder_version=&#8221;4.17.1&#8243; _module_preset=&#8221;default&#8221; global_colors_info=&#8221;{}&#8221;][et_pb_image src=&#8221;https:\/\/www.systab.it\/wp-content\/uploads\/2021\/05\/iniezione-systab.jpg&#8221; alt=&#8221;Consolidamento fondazioni scuola a Siena&#8221; title_text=&#8221;Iniezione di resine espandenti per consolidare fondamenta&#8221; show_in_lightbox=&#8221;on&#8221; _builder_version=&#8221;4.17.1&#8243; _module_preset=&#8221;default&#8221; animation_style=&#8221;flip&#8221; global_colors_info=&#8221;{}&#8221;][\/et_pb_image][\/et_pb_column][et_pb_column type=&#8221;1_5&#8243; _builder_version=&#8221;4.17.1&#8243; _module_preset=&#8221;default&#8221; global_colors_info=&#8221;{}&#8221;][\/et_pb_column][\/et_pb_row][et_pb_row admin_label=&#8221;row&#8221; _builder_version=&#8221;4.16&#8243; background_size=&#8221;initial&#8221; background_position=&#8221;top_left&#8221; background_repeat=&#8221;repeat&#8221; global_colors_info=&#8221;{}&#8221;][et_pb_column type=&#8221;4_4&#8243; _builder_version=&#8221;4.16&#8243; custom_padding=&#8221;|||&#8221; global_colors_info=&#8221;{}&#8221; custom_padding__hover=&#8221;|||&#8221;][et_pb_text admin_label=&#8221;Text&#8221; _builder_version=&#8221;4.17.1&#8243; background_size=&#8221;initial&#8221; background_position=&#8221;top_left&#8221; background_repeat=&#8221;repeat&#8221; hover_enabled=&#8221;0&#8243; global_colors_info=&#8221;{}&#8221; sticky_enabled=&#8221;0&#8243;]&nbsp;<\/p>\n<h1><b>Consolidamento di una Scuola a Siena<\/b><\/h1>\n<p>&nbsp;<br \/>\nSi tratta di un edificio scolastico sito nelle colline di Siena.<\/p>\n<p>La Scuola dell&#8217;Infanzia IL CASTAGNO \u00e8 stata oggetto di un completo intervento di riqualificazione energetica ed antisismica. La struttura \u00e8 completamente in muratura di mattoni ed \u00e8 costituita da 2 piani fuori terra e da una zona con in pi\u00f9 un livello interrato in corrispondenza della zona centrale.<\/p>\n<p>I terreni di queste zone presentano dal punti vista geotecnico, parecchie insidie. In particolare sono terreni soggetti a notevoli variazioni volumetriche in funzione del variare del contenuto di umidit\u00e0. Succede cos\u00ec che durante periodi di forte siccit\u00e0 si verifichino essiccamenti fino a profondit\u00e0 significative (anche oltre i 3 metri) e ci\u00f2 comporta ritiri del terreno e crepe nei muri di molte case.<\/p>\n<h2><b>Consolidamento delle fondazioni Scuola dell&#8217;Infanzia IL CASTAGNO<\/b><\/h2>\n<h2><b>La soluzione SYStab con resine espandenti differenziate<\/b><\/h2>\n<p>L\u2019analisi del quadro fessurativo ha evidenziato un <b>cedimento diffusi <\/b>sia sul perimetro che sui muri portanti interni<b>.<\/b><\/p>\n<p>L&#8217;Ing. Corti Giovanni incaricato dal Comune di Siena ha elaborato un progetto di consolidamento che ha previsto:<\/p>\n<ul>\n<li>realizzazione di micropali su tutto il perimetro (realizzato dall&#8217;Impresa F.lli Potestio aggiudicatrice dell&#8217;appalto complessivo)<\/li>\n<li>consolidamento con iniezione di resine a lenta espansione sui muri portanti interni.<\/li>\n<\/ul>\n<p>Sono state quindi eseguite iniezioni sui muri di spina iniezioni con 2 tipi differenti di resine espandenti:<\/p>\n<ul>\n<li><strong>resine ad alta densit\u00e0:<\/strong> ottimali per riempimento dei vuoti pi\u00f9 importanti e per mantenere elevate caratteristiche meccaniche e controllo della diffusione nel terreno;<\/li>\n<li><strong>resine ad alta espansione<\/strong>: impiegate nella seconda fase per ottenere spinte di compattazione elevate ed avere una diffusione elevata della resina nel terreno, anche in presenza di vuoti microscopici.<\/li>\n<\/ul>\n<p>Le opere sono state <strong>completate in 4 giornate.<\/strong><\/p>\n<p>Al fine di verificare i miglioramenti ottenuti sono state eseguite una serie di <strong>indagini geognostiche pre e post iniezione<\/strong>.<\/p>\n<p>Per maggiori informazioni su questa Case History:[\/et_pb_text][\/et_pb_column][\/et_pb_row][\/et_pb_section][et_pb_section fb_built=&#8221;1&#8243; admin_label=&#8221;Contact Form Section&#8221; _builder_version=&#8221;4.17.1&#8243; _module_preset=&#8221;default&#8221; background_color=&#8221;#fcd21d&#8221; background_image=&#8221;https:\/\/www.systab.it\/wp-content\/uploads\/2022\/10\/home-02-scaled.jpg&#8221; min_height=&#8221;465px&#8221; custom_padding=&#8221;29px||23px|||&#8221; animation_style=&#8221;zoom&#8221; animation_direction=&#8221;bottom&#8221; animation_intensity_zoom=&#8221;10%&#8221; global_module=&#8221;14507&#8243; saved_tabs=&#8221;all&#8221; global_colors_info=&#8221;{}&#8221;][et_pb_row admin_label=&#8221;Service Section Title&#8221; _builder_version=&#8221;4.17.1&#8243; _module_preset=&#8221;default&#8221; custom_margin=&#8221;||40px|&#8221; animation_style=&#8221;fade&#8221; animation_direction=&#8221;top&#8221; locked=&#8221;off&#8221; global_colors_info=&#8221;{}&#8221;][et_pb_column type=&#8221;4_4&#8243; _builder_version=&#8221;4.16&#8243; _module_preset=&#8221;default&#8221; custom_padding=&#8221;|||&#8221; global_colors_info=&#8221;{}&#8221; custom_padding__hover=&#8221;|||&#8221;][et_pb_text admin_label=&#8221;Title&#8221; _builder_version=&#8221;4.17.1&#8243; _module_preset=&#8221;default&#8221; text_font=&#8221;Montserrat|700|||||||&#8221; text_text_color=&#8221;#000000&#8243; text_font_size=&#8221;18px&#8221; text_line_height=&#8221;1.9em&#8221; header_font=&#8221;||||||||&#8221; header_2_font=&#8221;Montserrat|700||on|||||&#8221; header_2_font_size=&#8221;42px&#8221; header_2_line_height=&#8221;1.3em&#8221; background_size=&#8221;initial&#8221; background_position=&#8221;top_left&#8221; background_repeat=&#8221;repeat&#8221; text_orientation=&#8221;center&#8221; width=&#8221;100%&#8221; max_width=&#8221;1080px&#8221; module_alignment=&#8221;center&#8221; animation_style=&#8221;slide&#8221; animation_direction=&#8221;bottom&#8221; animation_intensity_slide=&#8221;4%&#8221; global_colors_info=&#8221;{}&#8221;]<\/p>\n<p>COMPILA IL FORM PER RICHIEDERE UN SOPRALLUOGO GRATUITO E SENZA IMPEGNO.<\/p>\n<p>[\/et_pb_text][et_pb_text admin_label=&#8221;Subtitle&#8221; _builder_version=&#8221;4.17.1&#8243; _module_preset=&#8221;default&#8221; text_font=&#8221;Montserrat||||&#8221; text_text_color=&#8221;#353740&#8243; text_font_size=&#8221;16px&#8221; text_line_height=&#8221;1.8em&#8221; header_font=&#8221;||||||||&#8221; background_size=&#8221;initial&#8221; background_position=&#8221;top_left&#8221; background_repeat=&#8221;repeat&#8221; text_orientation=&#8221;center&#8221; max_width=&#8221;1080px&#8221; module_alignment=&#8221;center&#8221; custom_margin=&#8221;-34px||||false|false&#8221; custom_padding=&#8221;0px||||false|false&#8221; animation_style=&#8221;slide&#8221; animation_direction=&#8221;bottom&#8221; animation_delay=&#8221;100ms&#8221; animation_intensity_slide=&#8221;4%&#8221; global_colors_info=&#8221;{}&#8221;]<\/p>\n<p>Un nostro tecnico ti ricontatter\u00e0 per fissare un appuntamento nel pi\u00f9 breve tempo possibile.<\/p>\n<p>[\/et_pb_text][\/et_pb_column][\/et_pb_row][et_pb_row admin_label=&#8221;Contact Form&#8221; _builder_version=&#8221;4.17.1&#8243; _module_preset=&#8221;default&#8221; custom_margin=&#8221;-21px||||false|false&#8221; animation_style=&#8221;fade&#8221; global_colors_info=&#8221;{}&#8221;][et_pb_column type=&#8221;4_4&#8243; _builder_version=&#8221;4.17.1&#8243; _module_preset=&#8221;default&#8221; custom_padding=&#8221;|||&#8221; global_colors_info=&#8221;{}&#8221; custom_padding__hover=&#8221;|||&#8221;][et_pb_contact_form use_spam_service=&#8221;on&#8221; recaptcha_list=&#8221;Systab|Systab-0&#8243; recaptcha_min_score=&#8221;0.6&#8243; email=&#8221;info@systab.it&#8221; custom_message=&#8221;Nome: %%Nome%%||et_pb_line_break_holder||Email: %%Email%%||et_pb_line_break_holder||Provincia: %%Provincia%%||et_pb_line_break_holder||Telefono: %%Telefono%%||et_pb_line_break_holder||Messaggio: %%Messaggio%%&#8221; submit_button_text=&#8221;Invia&#8221; admin_label=&#8221;Modulo di Contatto&#8221; module_id=&#8221;et_pb_contact_form_0&#8243; _builder_version=&#8221;4.17.1&#8243; _module_preset=&#8221;default&#8221; _unique_id=&#8221;0fff6ea2-83ad-4437-bbb8-b68b85d79d39&#8243; form_field_background_color=&#8221;RGBA(255,255,255,0)&#8221; form_field_text_color=&#8221;#353740&#8243; form_field_font=&#8221;Montserrat||||&#8221; form_field_font_size=&#8221;13px&#8221; form_field_line_height=&#8221;0.8em&#8221; custom_button=&#8221;on&#8221; button_text_size=&#8221;15px&#8221; button_text_color=&#8221;#000000&#8243; button_bg_color=&#8221;RGBA(255,255,255,0)&#8221; button_border_width=&#8221;2px&#8221; button_border_color=&#8221;#000000&#8243; button_border_radius=&#8221;100px&#8221; button_letter_spacing=&#8221;2px&#8221; button_font=&#8221;Montserrat|||on|||||&#8221; button_icon=&#8221;&#x45;||divi||400&#8243; button_icon_color=&#8221;#ffffff&#8221; width=&#8221;48%&#8221; max_width=&#8221;800px&#8221; module_alignment=&#8221;center&#8221; min_height=&#8221;153px&#8221; height=&#8221;393px&#8221; custom_margin=&#8221;-82px||-44px||false|false&#8221; animation_style=&#8221;fade&#8221; use_confirmation_email=&#8221;on&#8221; confirmation_email_field_id=&#8221;Email&#8221; confirmation_email_subject=&#8221;Grazie per averci contattato&#8221; confirmation_email_from_name=&#8221;Systab&#8221; confirmation_email_from=&#8221;info@systab.it&#8221; confirmation_email_message=&#8221;Grazie per averci contattato.<br \/>\nA breve ti risponderemo per darti tutte le informazioni di cui hai bisogno. <\/p>\n<p>Cordiali Saluti<br \/>\nSystab<br \/>\ntel: 0521 1626033&#8243; custom_use_redirect=&#8221;on&#8221; custom_redirect_url=&#8221;https:\/\/www.systab.it\/grazie\/&#8221; use_honeypot=&#8221;on&#8221; box_shadow_style=&#8221;preset7&#8243; box_shadow_horizontal=&#8221;0px&#8221; box_shadow_vertical=&#8221;-1px&#8221; box_shadow_color=&#8221;rgba(0,0,0,0.18)&#8221; form_background_color=&#8221;rgba(255,255,255,0)&#8221; global_colors_info=&#8221;{}&#8221;][et_pb_contact_field field_id=&#8221;Nome&#8221; field_title=&#8221;Nome&#8221; fullwidth_field=&#8221;on&#8221; _builder_version=&#8221;4.17.1&#8243; _module_preset=&#8221;default&#8221; global_colors_info=&#8221;{}&#8221; button_text_size__hover_enabled=&#8221;off&#8221; button_one_text_size__hover_enabled=&#8221;off&#8221; button_two_text_size__hover_enabled=&#8221;off&#8221; button_text_color__hover_enabled=&#8221;off&#8221; button_one_text_color__hover_enabled=&#8221;off&#8221; button_two_text_color__hover_enabled=&#8221;off&#8221; button_border_width__hover_enabled=&#8221;off&#8221; button_one_border_width__hover_enabled=&#8221;off&#8221; button_two_border_width__hover_enabled=&#8221;off&#8221; button_border_color__hover_enabled=&#8221;off&#8221; button_one_border_color__hover_enabled=&#8221;off&#8221; button_two_border_color__hover_enabled=&#8221;off&#8221; button_border_radius__hover_enabled=&#8221;off&#8221; button_one_border_radius__hover_enabled=&#8221;off&#8221; button_two_border_radius__hover_enabled=&#8221;off&#8221; button_letter_spacing__hover_enabled=&#8221;off&#8221; button_one_letter_spacing__hover_enabled=&#8221;off&#8221; button_two_letter_spacing__hover_enabled=&#8221;off&#8221; button_bg_color__hover_enabled=&#8221;off&#8221; button_one_bg_color__hover_enabled=&#8221;off&#8221; button_two_bg_color__hover_enabled=&#8221;off&#8221;][\/et_pb_contact_field][et_pb_contact_field field_id=&#8221;Email&#8221; field_title=&#8221;Email &#8221; field_type=&#8221;email&#8221; fullwidth_field=&#8221;on&#8221; _builder_version=&#8221;4.17.1&#8243; _module_preset=&#8221;default&#8221; global_colors_info=&#8221;{}&#8221; button_text_size__hover_enabled=&#8221;off&#8221; button_one_text_size__hover_enabled=&#8221;off&#8221; button_two_text_size__hover_enabled=&#8221;off&#8221; button_text_color__hover_enabled=&#8221;off&#8221; button_one_text_color__hover_enabled=&#8221;off&#8221; button_two_text_color__hover_enabled=&#8221;off&#8221; button_border_width__hover_enabled=&#8221;off&#8221; button_one_border_width__hover_enabled=&#8221;off&#8221; button_two_border_width__hover_enabled=&#8221;off&#8221; button_border_color__hover_enabled=&#8221;off&#8221; button_one_border_color__hover_enabled=&#8221;off&#8221; button_two_border_color__hover_enabled=&#8221;off&#8221; button_border_radius__hover_enabled=&#8221;off&#8221; button_one_border_radius__hover_enabled=&#8221;off&#8221; button_two_border_radius__hover_enabled=&#8221;off&#8221; button_letter_spacing__hover_enabled=&#8221;off&#8221; button_one_letter_spacing__hover_enabled=&#8221;off&#8221; button_two_letter_spacing__hover_enabled=&#8221;off&#8221; button_bg_color__hover_enabled=&#8221;off&#8221; button_one_bg_color__hover_enabled=&#8221;off&#8221; button_two_bg_color__hover_enabled=&#8221;off&#8221;][\/et_pb_contact_field][et_pb_contact_field field_id=&#8221;Provincia&#8221; field_title=&#8221;Provincia&#8221; fullwidth_field=&#8221;on&#8221; _builder_version=&#8221;4.17.1&#8243; _module_preset=&#8221;default&#8221; global_colors_info=&#8221;{}&#8221; button_text_size__hover_enabled=&#8221;off&#8221; button_one_text_size__hover_enabled=&#8221;off&#8221; button_two_text_size__hover_enabled=&#8221;off&#8221; button_text_color__hover_enabled=&#8221;off&#8221; button_one_text_color__hover_enabled=&#8221;off&#8221; button_two_text_color__hover_enabled=&#8221;off&#8221; button_border_width__hover_enabled=&#8221;off&#8221; button_one_border_width__hover_enabled=&#8221;off&#8221; button_two_border_width__hover_enabled=&#8221;off&#8221; button_border_color__hover_enabled=&#8221;off&#8221; button_one_border_color__hover_enabled=&#8221;off&#8221; button_two_border_color__hover_enabled=&#8221;off&#8221; button_border_radius__hover_enabled=&#8221;off&#8221; button_one_border_radius__hover_enabled=&#8221;off&#8221; button_two_border_radius__hover_enabled=&#8221;off&#8221; button_letter_spacing__hover_enabled=&#8221;off&#8221; button_one_letter_spacing__hover_enabled=&#8221;off&#8221; button_two_letter_spacing__hover_enabled=&#8221;off&#8221; button_bg_color__hover_enabled=&#8221;off&#8221; button_one_bg_color__hover_enabled=&#8221;off&#8221; button_two_bg_color__hover_enabled=&#8221;off&#8221;][\/et_pb_contact_field][et_pb_contact_field field_id=&#8221;Telefono&#8221; field_title=&#8221;Telefono&#8221; fullwidth_field=&#8221;on&#8221; _builder_version=&#8221;4.17.1&#8243; _module_preset=&#8221;default&#8221; global_colors_info=&#8221;{}&#8221; button_text_size__hover_enabled=&#8221;off&#8221; button_one_text_size__hover_enabled=&#8221;off&#8221; button_two_text_size__hover_enabled=&#8221;off&#8221; button_text_color__hover_enabled=&#8221;off&#8221; button_one_text_color__hover_enabled=&#8221;off&#8221; button_two_text_color__hover_enabled=&#8221;off&#8221; button_border_width__hover_enabled=&#8221;off&#8221; button_one_border_width__hover_enabled=&#8221;off&#8221; button_two_border_width__hover_enabled=&#8221;off&#8221; button_border_color__hover_enabled=&#8221;off&#8221; button_one_border_color__hover_enabled=&#8221;off&#8221; button_two_border_color__hover_enabled=&#8221;off&#8221; button_border_radius__hover_enabled=&#8221;off&#8221; button_one_border_radius__hover_enabled=&#8221;off&#8221; button_two_border_radius__hover_enabled=&#8221;off&#8221; button_letter_spacing__hover_enabled=&#8221;off&#8221; button_one_letter_spacing__hover_enabled=&#8221;off&#8221; button_two_letter_spacing__hover_enabled=&#8221;off&#8221; button_bg_color__hover_enabled=&#8221;off&#8221; button_one_bg_color__hover_enabled=&#8221;off&#8221; button_two_bg_color__hover_enabled=&#8221;off&#8221;][\/et_pb_contact_field][et_pb_contact_field field_id=&#8221;Messaggio&#8221; field_title=&#8221;Messaggio&#8221; fullwidth_field=&#8221;on&#8221; _builder_version=&#8221;4.17.1&#8243; _module_preset=&#8221;default&#8221; global_colors_info=&#8221;{}&#8221; button_text_size__hover_enabled=&#8221;off&#8221; button_one_text_size__hover_enabled=&#8221;off&#8221; button_two_text_size__hover_enabled=&#8221;off&#8221; button_text_color__hover_enabled=&#8221;off&#8221; button_one_text_color__hover_enabled=&#8221;off&#8221; button_two_text_color__hover_enabled=&#8221;off&#8221; button_border_width__hover_enabled=&#8221;off&#8221; button_one_border_width__hover_enabled=&#8221;off&#8221; button_two_border_width__hover_enabled=&#8221;off&#8221; button_border_color__hover_enabled=&#8221;off&#8221; button_one_border_color__hover_enabled=&#8221;off&#8221; button_two_border_color__hover_enabled=&#8221;off&#8221; button_border_radius__hover_enabled=&#8221;off&#8221; button_one_border_radius__hover_enabled=&#8221;off&#8221; button_two_border_radius__hover_enabled=&#8221;off&#8221; button_letter_spacing__hover_enabled=&#8221;off&#8221; button_one_letter_spacing__hover_enabled=&#8221;off&#8221; button_two_letter_spacing__hover_enabled=&#8221;off&#8221; button_bg_color__hover_enabled=&#8221;off&#8221; button_one_bg_color__hover_enabled=&#8221;off&#8221; button_two_bg_color__hover_enabled=&#8221;off&#8221;][\/et_pb_contact_field][\/et_pb_contact_form][\/et_pb_column][\/et_pb_row][\/et_pb_section]<\/p>\n","protected":false},"excerpt":{"rendered":"<p>&nbsp; Consolidamento di una Scuola a Siena &nbsp; Si tratta di un edificio scolastico sito nelle colline di Siena. La Scuola dell&#8217;Infanzia IL CASTAGNO \u00e8 stata oggetto di un completo intervento di riqualificazione energetica ed antisismica. La struttura \u00e8 completamente in muratura di mattoni ed \u00e8 costituita da 2 piani fuori terra e da una [&hellip;]<\/p>\n","protected":false},"author":2,"featured_media":9372,"parent":0,"menu_order":0,"comment_status":"closed","ping_status":"closed","template":"","meta":{"_et_pb_use_builder":"on","_et_pb_old_content":"(Italiano) [gallery columns=\"4\" link=\"none\" ids=\"9372,9373,9374,9375\"]\n<h2><b>Consolidamento di una Scuola a Siena<\/b><\/h2>\nSi tratta di un edificio scolastico sito nelle colline di Siena.\n\nLa Scuola dell'Infanzia IL CASTAGNO \u00e8 stata oggetto di un completo intervento di riqualificazione energetica ed antisismica. La struttura \u00e8 completamente in muratura di mattoni ed \u00e8 costituita da 2 piani fuori terra e da una zona con in pi\u00f9 un livello interrato in corrispondenza della zona centrale.\n\nI terreni di queste zone presentano dal punti vista geotecnico, parecchie insidie. In particolare sono terreni soggetti a notevoli variazioni volumetriche in funzione del variare del contenuto di umidit\u00e0. Succede cos\u00ec che durante periodi di forte siccit\u00e0 si verifichino essiccamenti fino a profondit\u00e0 significative (anche oltre i 3 metri) e ci\u00f2 comporta ritiri del terreno e crepe nei muri di molte case.\n<h2><b>Consolidamento delle fondazioni Scuola dell'Infanzia IL CASTAGNO<\/b><\/h2>\n<h2><b>La soluzione SYStab con resine espandenti differenziate<\/b><\/h2>\nL\u2019analisi del quadro fessurativo ha evidenziato un <b>cedimento diffusi <\/b>sia sul perimetro che sui muri portanti interni<b>.<\/b>\n\nL'Ing. Corti Giovanni incaricato dal Comune di Siena ha elaborato un progetto di consolidamento che ha previsto:\n<ul>\n \t<li>realizzazione di micropali su tutto il perimetro (realizzato dall'Impresa F.lli Potestio aggiudicatrice dell'appalto complessivo)<\/li>\n \t<li>consolidamento con iniezione di resine a lenta espansione sui muri portanti interni.<\/li>\n<\/ul>\nSono state quindi eseguite iniezioni sui muri di spina iniezioni con 2 tipi differenti di resine espandenti:\n<ul>\n \t<li><strong>resine ad alta densit\u00e0:<\/strong> ottimali per riempimento dei vuoti pi\u00f9 importanti e per mantenere elevate caratteristiche meccaniche e controllo della diffusione nel terreno;<\/li>\n \t<li><strong>resine ad alta espansione<\/strong>: impiegate nella seconda fase per ottenere spinte di compattazione elevate ed avere una diffusione elevata della resina nel terreno, anche in presenza di vuoti microscopici.<\/li>\n<\/ul>\nLe opere sono state <strong>completate in 4 giornate.<\/strong>\n\nAl fine di verificare i miglioramenti ottenuti sono state eseguite una serie di <strong>indagini geognostiche pre e post iniezione<\/strong>.\n\nPer maggiori informazioni su questa Case History:\n\n[contact-form-7 id=\"23\" title=\"CONTATTACI PER MAGGIORI INFORMAZIONI SU QUESTA CASE HISTORY\"]","_et_gb_content_width":"","footnotes":""},"categories":[28],"tags":[106,24],"class_list":["post-9371","page","type-page","status-publish","has-post-thumbnail","hentry","category-case-history","tag-case-history-resine","tag-consolidamento-fondazioni"],"_links":{"self":[{"href":"https:\/\/www.systab.it\/en\/wp-json\/wp\/v2\/pages\/9371","targetHints":{"allow":["GET"]}}],"collection":[{"href":"https:\/\/www.systab.it\/en\/wp-json\/wp\/v2\/pages"}],"about":[{"href":"https:\/\/www.systab.it\/en\/wp-json\/wp\/v2\/types\/page"}],"author":[{"embeddable":true,"href":"https:\/\/www.systab.it\/en\/wp-json\/wp\/v2\/users\/2"}],"replies":[{"embeddable":true,"href":"https:\/\/www.systab.it\/en\/wp-json\/wp\/v2\/comments?post=9371"}],"version-history":[{"count":16,"href":"https:\/\/www.systab.it\/en\/wp-json\/wp\/v2\/pages\/9371\/revisions"}],"predecessor-version":[{"id":16938,"href":"https:\/\/www.systab.it\/en\/wp-json\/wp\/v2\/pages\/9371\/revisions\/16938"}],"wp:featuredmedia":[{"embeddable":true,"href":"https:\/\/www.systab.it\/en\/wp-json\/wp\/v2\/media\/9372"}],"wp:attachment":[{"href":"https:\/\/www.systab.it\/en\/wp-json\/wp\/v2\/media?parent=9371"}],"wp:term":[{"taxonomy":"category","embeddable":true,"href":"https:\/\/www.systab.it\/en\/wp-json\/wp\/v2\/categories?post=9371"},{"taxonomy":"post_tag","embeddable":true,"href":"https:\/\/www.systab.it\/en\/wp-json\/wp\/v2\/tags?post=9371"}],"curies":[{"name":"wp","href":"https:\/\/api.w.org\/{rel}","templated":true}]}}