{"id":8972,"date":"2020-03-26T10:12:28","date_gmt":"2020-03-26T09:12:28","guid":{"rendered":"https:\/\/www.systab.it\/?page_id=8972"},"modified":"2026-02-17T10:56:52","modified_gmt":"2026-02-17T09:56:52","slug":"consolidamento-fondazioni-estremo-pavia","status":"publish","type":"page","link":"https:\/\/www.systab.it\/en\/consolidamento-fondazioni-estremo-pavia\/","title":{"rendered":"Consolidamento e sollevamento di un ascensore"},"content":{"rendered":"<p>[et_pb_section fb_built=&#8221;1&#8243; admin_label=&#8221;section&#8221; _builder_version=&#8221;4.16&#8243; global_colors_info=&#8221;{}&#8221;][et_pb_row column_structure=&#8221;1_4,1_4,1_4,1_4&#8243; _builder_version=&#8221;4.17.1&#8243; _module_preset=&#8221;default&#8221; global_colors_info=&#8221;{}&#8221;][et_pb_column type=&#8221;1_4&#8243; _builder_version=&#8221;4.17.1&#8243; _module_preset=&#8221;default&#8221; global_colors_info=&#8221;{}&#8221;][et_pb_image src=&#8221;https:\/\/www.systab.it\/wp-content\/uploads\/2020\/03\/pali-precaricati-in-riva-ad-una-roggia-2.jpg&#8221; title_text=&#8221;pali-precaricati-in-riva-ad-una-roggia-2&#8243; show_in_lightbox=&#8221;on&#8221; _builder_version=&#8221;4.17.1&#8243; _module_preset=&#8221;default&#8221; animation_style=&#8221;flip&#8221; global_colors_info=&#8221;{}&#8221;][\/et_pb_image][\/et_pb_column][et_pb_column type=&#8221;1_4&#8243; _builder_version=&#8221;4.17.1&#8243; _module_preset=&#8221;default&#8221; global_colors_info=&#8221;{}&#8221;][et_pb_image src=&#8221;https:\/\/www.systab.it\/wp-content\/uploads\/2020\/03\/pali-precaricati-in-riva-ad-una-roggia.jpg&#8221; title_text=&#8221;pali-precaricati-in-riva-ad-una-roggia&#8221; show_in_lightbox=&#8221;on&#8221; _builder_version=&#8221;4.17.1&#8243; _module_preset=&#8221;default&#8221; animation_style=&#8221;flip&#8221; global_colors_info=&#8221;{}&#8221;][\/et_pb_image][\/et_pb_column][et_pb_column type=&#8221;1_4&#8243; _builder_version=&#8221;4.17.1&#8243; _module_preset=&#8221;default&#8221; global_colors_info=&#8221;{}&#8221;][et_pb_image src=&#8221;https:\/\/www.systab.it\/wp-content\/uploads\/2020\/03\/pali-precaricati-in-riva-ad-una-roggia-3.jpg&#8221; title_text=&#8221;pali-precaricati-in-riva-ad-una-roggia-3&#8243; show_in_lightbox=&#8221;on&#8221; _builder_version=&#8221;4.17.1&#8243; _module_preset=&#8221;default&#8221; animation_style=&#8221;flip&#8221; global_colors_info=&#8221;{}&#8221;][\/et_pb_image][\/et_pb_column][et_pb_column type=&#8221;1_4&#8243; _builder_version=&#8221;4.17.1&#8243; _module_preset=&#8221;default&#8221; global_colors_info=&#8221;{}&#8221;][et_pb_image src=&#8221;https:\/\/www.systab.it\/wp-content\/uploads\/2020\/03\/pali-precaricati-in-riva-ad-una-roggia-4.jpg&#8221; title_text=&#8221;pali-precaricati-in-riva-ad-una-roggia-4&#8243; show_in_lightbox=&#8221;on&#8221; _builder_version=&#8221;4.17.1&#8243; _module_preset=&#8221;default&#8221; width=&#8221;75%&#8221; animation_style=&#8221;flip&#8221; global_colors_info=&#8221;{}&#8221;][\/et_pb_image][\/et_pb_column][\/et_pb_row][et_pb_row admin_label=&#8221;row&#8221; _builder_version=&#8221;4.16&#8243; background_size=&#8221;initial&#8221; background_position=&#8221;top_left&#8221; background_repeat=&#8221;repeat&#8221; global_colors_info=&#8221;{}&#8221;][et_pb_column type=&#8221;4_4&#8243; _builder_version=&#8221;4.16&#8243; custom_padding=&#8221;|||&#8221; global_colors_info=&#8221;{}&#8221; custom_padding__hover=&#8221;|||&#8221;][et_pb_text admin_label=&#8221;Text&#8221; _builder_version=&#8221;4.17.1&#8243; background_size=&#8221;initial&#8221; background_position=&#8221;top_left&#8221; background_repeat=&#8221;repeat&#8221; hover_enabled=&#8221;0&#8243; global_colors_info=&#8221;{}&#8221; sticky_enabled=&#8221;0&#8243;]<\/p>\n<h1>DISSESTO COMPLESSO AFFRONTATO E RISOLTO CON PALI PRECARICATI<\/h1>\n<p>&#038;nbsp<\/p>\n<p>I <a href=\"https:\/\/www.systab.it\/pali-precaricati-systab\/modalita-operative\/\"><strong>cedimenti delle fondazioni<\/strong><\/a> comportano spesso interventi complicati e invasivi. In alcune situazioni per\u00f2 pu\u00f2 essere veramente difficile intervenire. Parliamo di un edificio costruito in riva ad una roggia (un antico canale artificiale di modesta portata), in un piccolo comune in provincia di Pavia.<\/p>\n<p>Negli ultimi anni la porzione aggiunta a ridosso del canale ha cominciato a manifestare un progressivo cedimento. Il tutto si \u00e8 reso evidente con una cosiddetta lesione di giunto, una crepa verticale che ha cominciato ad allargarsi in modo preoccupante a contatto con la porzione pi\u00f9 antica della casa. Purtroppo il lato su cui si doveva necessariamente intervenire con un consolidamento delle fondazioni era proprio quello meno accessibile. Con poco pi\u00f9 di un metro di spazio utile tra il muro da consolidare ed il canale.<\/p>\n<p><b>SOLUZIONE ADOTTATA DESCRIZIONE INTERVENTO<\/b><\/p>\n<p>La scelta del progettista \u00e8 ricaduta su un intervento di micropalificazione. Le fondazioni dell&#8217;edificio non erano adeguate ad un collegamento diretto dei pali ed inoltre eseguire degli scavi continui risultava complicato e rischioso per la stabilit\u00e0 della struttura. Perci\u00f2 si \u00e8 optato per un consolidamento con <strong>micropali precaricati collegati mediante tubi camicia<\/strong> inseriti in un nuovo cordolo di fondazione reso solidale alla muratura esistente. Realizzato il cordolo a livello del piano campagna, per evitare scavi, si \u00e8 attesa la maturazione del getto (canonici 28 giorni) prima di procedere all&#8217;infissione dei pali con martinetti idraulici. Ogni palo \u00e8 stato infisso a pressione sfruttando il contrasto offerto dalla struttura, fino ad una profondit\u00e0 di circa 9 metri.<\/p>\n<p><b><a href=\"https:\/\/www.systab.it\/wp-content\/uploads\/2020\/03\/pali-precaricati-tubo-camicia.jpg\"><img loading=\"lazy\" decoding=\"async\" class=\"wp-image-8983 aligncenter\" src=\"https:\/\/www.systab.it\/wp-content\/uploads\/2020\/03\/pali-precaricati-tubo-camicia.jpg\" alt=\"\" width=\"675\" height=\"507\" srcset=\"https:\/\/www.systab.it\/wp-content\/uploads\/2020\/03\/pali-precaricati-tubo-camicia.jpg 900w, https:\/\/www.systab.it\/wp-content\/uploads\/2020\/03\/pali-precaricati-tubo-camicia-300x225.jpg 300w, https:\/\/www.systab.it\/wp-content\/uploads\/2020\/03\/pali-precaricati-tubo-camicia-768x577.jpg 768w\" sizes=\"auto, (max-width: 675px) 100vw, 675px\" \/><\/a>TEMPISTICHE E VANTAGGI RISPETTO A MICROPALI<\/b><b>\u00a0TRADIZIONALI<\/b><\/p>\n<p>Il <strong>consolidamento fondazioni con micropali precaricati<\/strong> ha svariati vantaggi che\u00a0 rispetto alle tradizionali tecniche di palificazione:<\/p>\n<ul>\n<li><strong>tempi di realizzazione rapidi\u00a0<\/strong><\/li>\n<li><strong>gli scavi possono essere evitati<\/strong> o comunque ridotti al minimo<\/li>\n<li><strong>non produce alcun materiale di risulta<\/strong><\/li>\n<li><strong>non impiega n\u00e8 fanghi n\u00e8 acqua<\/strong> (cantiere asciutto idoneo anche in ambienti stretti e interni)<\/li>\n<li><strong>non produce<\/strong> <strong>vibrazioni dannose per la struttura <\/strong>da consolidare<\/li>\n<li>la <strong>portata di ogni singolo palo viene misurata <\/strong>in tempo reale<\/li>\n<li><strong>precarico per l\u2019annullamento dei cedimenti primari<\/strong>.<\/li>\n<\/ul>\n<p>L\u2019intervento di consolidamento fondazioni\u00a0 \u00e8 durato complessivamente 1 giorno e mezzo ed ha consentito l\u2019infissione di <strong>4\u00a0micropali diametro 76 mm e lunghezza media 9,5 metri, compreso fissaggio finale dei micropali con tubi camicia in acciaio<\/strong>.<\/p>\n<h4><a href=\"https:\/\/www.systab.it\/video\/\">Guarda anche i video della tecnica!<\/a><\/h4>\n<p>Per maggiori informazioni su questa Case History[\/et_pb_text][\/et_pb_column][\/et_pb_row][\/et_pb_section][et_pb_section fb_built=&#8221;1&#8243; admin_label=&#8221;Contact Form Section&#8221; _builder_version=&#8221;4.17.1&#8243; _module_preset=&#8221;default&#8221; background_color=&#8221;#fcd21d&#8221; background_image=&#8221;https:\/\/www.systab.it\/wp-content\/uploads\/2022\/10\/home-02-scaled.jpg&#8221; min_height=&#8221;465px&#8221; custom_padding=&#8221;29px||23px|||&#8221; animation_style=&#8221;zoom&#8221; animation_direction=&#8221;bottom&#8221; animation_intensity_zoom=&#8221;10%&#8221; global_module=&#8221;14507&#8243; saved_tabs=&#8221;all&#8221; global_colors_info=&#8221;{}&#8221;][et_pb_row admin_label=&#8221;Service Section Title&#8221; _builder_version=&#8221;4.17.1&#8243; _module_preset=&#8221;default&#8221; custom_margin=&#8221;||40px|&#8221; animation_style=&#8221;fade&#8221; animation_direction=&#8221;top&#8221; locked=&#8221;off&#8221; global_colors_info=&#8221;{}&#8221;][et_pb_column type=&#8221;4_4&#8243; _builder_version=&#8221;4.16&#8243; _module_preset=&#8221;default&#8221; custom_padding=&#8221;|||&#8221; global_colors_info=&#8221;{}&#8221; custom_padding__hover=&#8221;|||&#8221;][et_pb_text admin_label=&#8221;Title&#8221; _builder_version=&#8221;4.17.1&#8243; _module_preset=&#8221;default&#8221; text_font=&#8221;Montserrat|700|||||||&#8221; text_text_color=&#8221;#000000&#8243; text_font_size=&#8221;18px&#8221; text_line_height=&#8221;1.9em&#8221; header_font=&#8221;||||||||&#8221; header_2_font=&#8221;Montserrat|700||on|||||&#8221; header_2_font_size=&#8221;42px&#8221; header_2_line_height=&#8221;1.3em&#8221; background_size=&#8221;initial&#8221; background_position=&#8221;top_left&#8221; background_repeat=&#8221;repeat&#8221; text_orientation=&#8221;center&#8221; width=&#8221;100%&#8221; max_width=&#8221;1080px&#8221; module_alignment=&#8221;center&#8221; animation_style=&#8221;slide&#8221; animation_direction=&#8221;bottom&#8221; animation_intensity_slide=&#8221;4%&#8221; global_colors_info=&#8221;{}&#8221;]<\/p>\n<p>COMPILA IL FORM PER RICHIEDERE UN SOPRALLUOGO GRATUITO E SENZA IMPEGNO.<\/p>\n<p>[\/et_pb_text][et_pb_text admin_label=&#8221;Subtitle&#8221; _builder_version=&#8221;4.17.1&#8243; _module_preset=&#8221;default&#8221; text_font=&#8221;Montserrat||||&#8221; text_text_color=&#8221;#353740&#8243; text_font_size=&#8221;16px&#8221; text_line_height=&#8221;1.8em&#8221; header_font=&#8221;||||||||&#8221; background_size=&#8221;initial&#8221; background_position=&#8221;top_left&#8221; background_repeat=&#8221;repeat&#8221; text_orientation=&#8221;center&#8221; max_width=&#8221;1080px&#8221; module_alignment=&#8221;center&#8221; custom_margin=&#8221;-34px||||false|false&#8221; custom_padding=&#8221;0px||||false|false&#8221; animation_style=&#8221;slide&#8221; animation_direction=&#8221;bottom&#8221; animation_delay=&#8221;100ms&#8221; animation_intensity_slide=&#8221;4%&#8221; global_colors_info=&#8221;{}&#8221;]<\/p>\n<p>Un nostro tecnico ti ricontatter\u00e0 per fissare un appuntamento nel pi\u00f9 breve tempo possibile.<\/p>\n<p>[\/et_pb_text][\/et_pb_column][\/et_pb_row][et_pb_row admin_label=&#8221;Contact Form&#8221; _builder_version=&#8221;4.17.1&#8243; _module_preset=&#8221;default&#8221; custom_margin=&#8221;-21px||||false|false&#8221; animation_style=&#8221;fade&#8221; global_colors_info=&#8221;{}&#8221;][et_pb_column type=&#8221;4_4&#8243; _builder_version=&#8221;4.17.1&#8243; _module_preset=&#8221;default&#8221; custom_padding=&#8221;|||&#8221; global_colors_info=&#8221;{}&#8221; custom_padding__hover=&#8221;|||&#8221;][et_pb_contact_form use_spam_service=&#8221;on&#8221; recaptcha_list=&#8221;Systab|Systab-0&#8243; recaptcha_min_score=&#8221;0.6&#8243; email=&#8221;info@systab.it&#8221; custom_message=&#8221;Nome: %%Nome%%||et_pb_line_break_holder||Email: %%Email%%||et_pb_line_break_holder||Provincia: %%Provincia%%||et_pb_line_break_holder||Telefono: %%Telefono%%||et_pb_line_break_holder||Messaggio: %%Messaggio%%&#8221; submit_button_text=&#8221;Invia&#8221; admin_label=&#8221;Modulo di Contatto&#8221; module_id=&#8221;et_pb_contact_form_0&#8243; _builder_version=&#8221;4.17.1&#8243; _module_preset=&#8221;default&#8221; _unique_id=&#8221;0fff6ea2-83ad-4437-bbb8-b68b85d79d39&#8243; form_field_background_color=&#8221;RGBA(255,255,255,0)&#8221; form_field_text_color=&#8221;#353740&#8243; form_field_font=&#8221;Montserrat||||&#8221; form_field_font_size=&#8221;13px&#8221; form_field_line_height=&#8221;0.8em&#8221; custom_button=&#8221;on&#8221; button_text_size=&#8221;15px&#8221; button_text_color=&#8221;#000000&#8243; button_bg_color=&#8221;RGBA(255,255,255,0)&#8221; button_border_width=&#8221;2px&#8221; button_border_color=&#8221;#000000&#8243; button_border_radius=&#8221;100px&#8221; button_letter_spacing=&#8221;2px&#8221; button_font=&#8221;Montserrat|||on|||||&#8221; button_icon=&#8221;&#x45;||divi||400&#8243; button_icon_color=&#8221;#ffffff&#8221; width=&#8221;48%&#8221; max_width=&#8221;800px&#8221; module_alignment=&#8221;center&#8221; min_height=&#8221;153px&#8221; height=&#8221;393px&#8221; custom_margin=&#8221;-82px||-44px||false|false&#8221; animation_style=&#8221;fade&#8221; use_confirmation_email=&#8221;on&#8221; confirmation_email_field_id=&#8221;Email&#8221; confirmation_email_subject=&#8221;Grazie per averci contattato&#8221; confirmation_email_from_name=&#8221;Systab&#8221; confirmation_email_from=&#8221;info@systab.it&#8221; confirmation_email_message=&#8221;Grazie per averci contattato.<br \/>\nA breve ti risponderemo per darti tutte le informazioni di cui hai bisogno. <\/p>\n<p>Cordiali Saluti<br \/>\nSystab<br \/>\ntel: 0521 1626033&#8243; custom_use_redirect=&#8221;on&#8221; custom_redirect_url=&#8221;https:\/\/www.systab.it\/grazie\/&#8221; use_honeypot=&#8221;on&#8221; box_shadow_style=&#8221;preset7&#8243; box_shadow_horizontal=&#8221;0px&#8221; box_shadow_vertical=&#8221;-1px&#8221; box_shadow_color=&#8221;rgba(0,0,0,0.18)&#8221; form_background_color=&#8221;rgba(255,255,255,0)&#8221; global_colors_info=&#8221;{}&#8221;][et_pb_contact_field field_id=&#8221;Nome&#8221; field_title=&#8221;Nome&#8221; fullwidth_field=&#8221;on&#8221; _builder_version=&#8221;4.17.1&#8243; _module_preset=&#8221;default&#8221; global_colors_info=&#8221;{}&#8221; button_text_size__hover_enabled=&#8221;off&#8221; button_one_text_size__hover_enabled=&#8221;off&#8221; button_two_text_size__hover_enabled=&#8221;off&#8221; button_text_color__hover_enabled=&#8221;off&#8221; button_one_text_color__hover_enabled=&#8221;off&#8221; button_two_text_color__hover_enabled=&#8221;off&#8221; button_border_width__hover_enabled=&#8221;off&#8221; button_one_border_width__hover_enabled=&#8221;off&#8221; button_two_border_width__hover_enabled=&#8221;off&#8221; button_border_color__hover_enabled=&#8221;off&#8221; button_one_border_color__hover_enabled=&#8221;off&#8221; button_two_border_color__hover_enabled=&#8221;off&#8221; button_border_radius__hover_enabled=&#8221;off&#8221; button_one_border_radius__hover_enabled=&#8221;off&#8221; button_two_border_radius__hover_enabled=&#8221;off&#8221; button_letter_spacing__hover_enabled=&#8221;off&#8221; button_one_letter_spacing__hover_enabled=&#8221;off&#8221; button_two_letter_spacing__hover_enabled=&#8221;off&#8221; button_bg_color__hover_enabled=&#8221;off&#8221; button_one_bg_color__hover_enabled=&#8221;off&#8221; button_two_bg_color__hover_enabled=&#8221;off&#8221;][\/et_pb_contact_field][et_pb_contact_field field_id=&#8221;Email&#8221; field_title=&#8221;Email &#8221; field_type=&#8221;email&#8221; fullwidth_field=&#8221;on&#8221; _builder_version=&#8221;4.17.1&#8243; _module_preset=&#8221;default&#8221; global_colors_info=&#8221;{}&#8221; button_text_size__hover_enabled=&#8221;off&#8221; button_one_text_size__hover_enabled=&#8221;off&#8221; button_two_text_size__hover_enabled=&#8221;off&#8221; button_text_color__hover_enabled=&#8221;off&#8221; button_one_text_color__hover_enabled=&#8221;off&#8221; button_two_text_color__hover_enabled=&#8221;off&#8221; button_border_width__hover_enabled=&#8221;off&#8221; button_one_border_width__hover_enabled=&#8221;off&#8221; button_two_border_width__hover_enabled=&#8221;off&#8221; button_border_color__hover_enabled=&#8221;off&#8221; button_one_border_color__hover_enabled=&#8221;off&#8221; button_two_border_color__hover_enabled=&#8221;off&#8221; button_border_radius__hover_enabled=&#8221;off&#8221; button_one_border_radius__hover_enabled=&#8221;off&#8221; button_two_border_radius__hover_enabled=&#8221;off&#8221; button_letter_spacing__hover_enabled=&#8221;off&#8221; button_one_letter_spacing__hover_enabled=&#8221;off&#8221; button_two_letter_spacing__hover_enabled=&#8221;off&#8221; button_bg_color__hover_enabled=&#8221;off&#8221; button_one_bg_color__hover_enabled=&#8221;off&#8221; button_two_bg_color__hover_enabled=&#8221;off&#8221;][\/et_pb_contact_field][et_pb_contact_field field_id=&#8221;Provincia&#8221; field_title=&#8221;Provincia&#8221; fullwidth_field=&#8221;on&#8221; _builder_version=&#8221;4.17.1&#8243; _module_preset=&#8221;default&#8221; global_colors_info=&#8221;{}&#8221; button_text_size__hover_enabled=&#8221;off&#8221; button_one_text_size__hover_enabled=&#8221;off&#8221; button_two_text_size__hover_enabled=&#8221;off&#8221; button_text_color__hover_enabled=&#8221;off&#8221; button_one_text_color__hover_enabled=&#8221;off&#8221; button_two_text_color__hover_enabled=&#8221;off&#8221; button_border_width__hover_enabled=&#8221;off&#8221; button_one_border_width__hover_enabled=&#8221;off&#8221; button_two_border_width__hover_enabled=&#8221;off&#8221; button_border_color__hover_enabled=&#8221;off&#8221; button_one_border_color__hover_enabled=&#8221;off&#8221; button_two_border_color__hover_enabled=&#8221;off&#8221; button_border_radius__hover_enabled=&#8221;off&#8221; button_one_border_radius__hover_enabled=&#8221;off&#8221; button_two_border_radius__hover_enabled=&#8221;off&#8221; button_letter_spacing__hover_enabled=&#8221;off&#8221; button_one_letter_spacing__hover_enabled=&#8221;off&#8221; button_two_letter_spacing__hover_enabled=&#8221;off&#8221; button_bg_color__hover_enabled=&#8221;off&#8221; button_one_bg_color__hover_enabled=&#8221;off&#8221; button_two_bg_color__hover_enabled=&#8221;off&#8221;][\/et_pb_contact_field][et_pb_contact_field field_id=&#8221;Telefono&#8221; field_title=&#8221;Telefono&#8221; fullwidth_field=&#8221;on&#8221; _builder_version=&#8221;4.17.1&#8243; _module_preset=&#8221;default&#8221; global_colors_info=&#8221;{}&#8221; button_text_size__hover_enabled=&#8221;off&#8221; button_one_text_size__hover_enabled=&#8221;off&#8221; button_two_text_size__hover_enabled=&#8221;off&#8221; button_text_color__hover_enabled=&#8221;off&#8221; button_one_text_color__hover_enabled=&#8221;off&#8221; button_two_text_color__hover_enabled=&#8221;off&#8221; button_border_width__hover_enabled=&#8221;off&#8221; button_one_border_width__hover_enabled=&#8221;off&#8221; button_two_border_width__hover_enabled=&#8221;off&#8221; button_border_color__hover_enabled=&#8221;off&#8221; button_one_border_color__hover_enabled=&#8221;off&#8221; button_two_border_color__hover_enabled=&#8221;off&#8221; button_border_radius__hover_enabled=&#8221;off&#8221; button_one_border_radius__hover_enabled=&#8221;off&#8221; button_two_border_radius__hover_enabled=&#8221;off&#8221; button_letter_spacing__hover_enabled=&#8221;off&#8221; button_one_letter_spacing__hover_enabled=&#8221;off&#8221; button_two_letter_spacing__hover_enabled=&#8221;off&#8221; button_bg_color__hover_enabled=&#8221;off&#8221; button_one_bg_color__hover_enabled=&#8221;off&#8221; button_two_bg_color__hover_enabled=&#8221;off&#8221;][\/et_pb_contact_field][et_pb_contact_field field_id=&#8221;Messaggio&#8221; field_title=&#8221;Messaggio&#8221; fullwidth_field=&#8221;on&#8221; _builder_version=&#8221;4.17.1&#8243; _module_preset=&#8221;default&#8221; global_colors_info=&#8221;{}&#8221; button_text_size__hover_enabled=&#8221;off&#8221; button_one_text_size__hover_enabled=&#8221;off&#8221; button_two_text_size__hover_enabled=&#8221;off&#8221; button_text_color__hover_enabled=&#8221;off&#8221; button_one_text_color__hover_enabled=&#8221;off&#8221; button_two_text_color__hover_enabled=&#8221;off&#8221; button_border_width__hover_enabled=&#8221;off&#8221; button_one_border_width__hover_enabled=&#8221;off&#8221; button_two_border_width__hover_enabled=&#8221;off&#8221; button_border_color__hover_enabled=&#8221;off&#8221; button_one_border_color__hover_enabled=&#8221;off&#8221; button_two_border_color__hover_enabled=&#8221;off&#8221; button_border_radius__hover_enabled=&#8221;off&#8221; button_one_border_radius__hover_enabled=&#8221;off&#8221; button_two_border_radius__hover_enabled=&#8221;off&#8221; button_letter_spacing__hover_enabled=&#8221;off&#8221; button_one_letter_spacing__hover_enabled=&#8221;off&#8221; button_two_letter_spacing__hover_enabled=&#8221;off&#8221; button_bg_color__hover_enabled=&#8221;off&#8221; button_one_bg_color__hover_enabled=&#8221;off&#8221; button_two_bg_color__hover_enabled=&#8221;off&#8221;][\/et_pb_contact_field][\/et_pb_contact_form][\/et_pb_column][\/et_pb_row][\/et_pb_section]<\/p>\n","protected":false},"excerpt":{"rendered":"<p>I cedimenti delle fondazioni comportano spesso interventi complicati e invasivi. In alcune situazioni per\u00f2 pu\u00f2 essere veramente difficile intervenire [&#8230;]<\/p>\n","protected":false},"author":2,"featured_media":8977,"parent":0,"menu_order":0,"comment_status":"closed","ping_status":"closed","template":"","meta":{"_et_pb_use_builder":"on","_et_pb_old_content":"(Italiano) [gallery columns=\"4\" link=\"none\" ids=\"8977,8978,8979,8980\"]\n\n<b>DISSESTO COMPLESSO AFFRONTATO E RISOLTO CON PALI PRECARICATI<\/b>\n\nI <a href=\"https:\/\/www.systab.it\/pali-precaricati-systab\/modalita-operative\/\"><strong>cedimenti delle fondazioni<\/strong><\/a> comportano spesso interventi complicati e invasivi. In alcune situazioni per\u00f2 pu\u00f2 essere veramente difficile intervenire. Parliamo di un edificio costruito in riva ad una roggia (un antico canale artificiale di modesta portata), in un piccolo comune in provincia di Pavia.\n\nNegli ultimi anni la porzione aggiunta a ridosso del canale ha cominciato a manifestare un progressivo cedimento. Il tutto si \u00e8 reso evidente con una cosiddetta lesione di giunto, una crepa verticale che ha cominciato ad allargarsi in modo preoccupante a contatto con la porzione pi\u00f9 antica della casa. Purtroppo il lato su cui si doveva necessariamente intervenire con un consolidamento delle fondazioni era proprio quello meno accessibile. Con poco pi\u00f9 di un metro di spazio utile tra il muro da consolidare ed il canale.\n\n<b>SOLUZIONE ADOTTATA DESCRIZIONE INTERVENTO<\/b>\n\nLa scelta del progettista \u00e8 ricaduta su un intervento di micropalificazione. Le fondazioni dell'edificio non erano adeguate ad un collegamento diretto dei pali ed inoltre eseguire degli scavi continui risultava complicato e rischioso per la stabilit\u00e0 della struttura. Perci\u00f2 si \u00e8 optato per un consolidamento con <strong>micropali precaricati collegati mediante tubi camicia<\/strong> inseriti in un nuovo cordolo di fondazione reso solidale alla muratura esistente. Realizzato il cordolo a livello del piano campagna, per evitare scavi, si \u00e8 attesa la maturazione del getto (canonici 28 giorni) prima di procedere all'infissione dei pali con martinetti idraulici. Ogni palo \u00e8 stato infisso a pressione sfruttando il contrasto offerto dalla struttura, fino ad una profondit\u00e0 di circa 9 metri.\n\n<b><a href=\"https:\/\/www.systab.it\/wp-content\/uploads\/2020\/03\/pali-precaricati-tubo-camicia.jpg\"><img class=\"wp-image-8983 aligncenter\" src=\"https:\/\/www.systab.it\/wp-content\/uploads\/2020\/03\/pali-precaricati-tubo-camicia.jpg\" alt=\"\" width=\"675\" height=\"507\" \/><\/a>TEMPISTICHE E VANTAGGI RISPETTO A MICROPALI<\/b><b>\u00a0TRADIZIONALI<\/b>\n\nIl <strong>consolidamento fondazioni con micropali precaricati<\/strong> ha svariati vantaggi che\u00a0 rispetto alle tradizionali tecniche di palificazione:\n<ul>\n \t<li><strong>tempi di realizzazione rapidi\u00a0<\/strong><\/li>\n \t<li><strong>gli scavi possono essere evitati<\/strong> o comunque ridotti al minimo<\/li>\n \t<li><strong>non produce alcun materiale di risulta<\/strong><\/li>\n \t<li><strong>non impiega n\u00e8 fanghi n\u00e8 acqua<\/strong> (cantiere asciutto idoneo anche in ambienti stretti e interni)<\/li>\n \t<li><strong>non produce<\/strong> <strong>vibrazioni dannose per la struttura <\/strong>da consolidare<\/li>\n \t<li>la <strong>portata di ogni singolo palo viene misurata <\/strong>in tempo reale<\/li>\n \t<li><strong>precarico per l\u2019annullamento dei cedimenti primari<\/strong>.<\/li>\n<\/ul>\nL\u2019intervento di consolidamento fondazioni\u00a0 \u00e8 durato complessivamente 1 giorno e mezzo ed ha consentito l\u2019infissione di <strong>4\u00a0micropali diametro 76 mm e lunghezza media 9,5 metri, compreso fissaggio finale dei micropali con tubi camicia in acciaio<\/strong>.\n<h4><a href=\"https:\/\/www.systab.it\/video\/\">Guarda anche i video della tecnica!<\/a><\/h4>\nPer maggiori informazioni su questa Case History\n\n[contact-form-7 id=\"23\" title=\"CONTATTACI PER MAGGIORI INFORMAZIONI SU QUESTA CASE HISTORY\"]","_et_gb_content_width":"","footnotes":""},"categories":[28,59],"tags":[108,24,45],"class_list":["post-8972","page","type-page","status-publish","has-post-thumbnail","hentry","category-case-history","category-micropali-pressoinfissi","tag-case-history-pali-precaricati","tag-consolidamento-fondazioni","tag-micropali"],"_links":{"self":[{"href":"https:\/\/www.systab.it\/en\/wp-json\/wp\/v2\/pages\/8972","targetHints":{"allow":["GET"]}}],"collection":[{"href":"https:\/\/www.systab.it\/en\/wp-json\/wp\/v2\/pages"}],"about":[{"href":"https:\/\/www.systab.it\/en\/wp-json\/wp\/v2\/types\/page"}],"author":[{"embeddable":true,"href":"https:\/\/www.systab.it\/en\/wp-json\/wp\/v2\/users\/2"}],"replies":[{"embeddable":true,"href":"https:\/\/www.systab.it\/en\/wp-json\/wp\/v2\/comments?post=8972"}],"version-history":[{"count":18,"href":"https:\/\/www.systab.it\/en\/wp-json\/wp\/v2\/pages\/8972\/revisions"}],"predecessor-version":[{"id":16993,"href":"https:\/\/www.systab.it\/en\/wp-json\/wp\/v2\/pages\/8972\/revisions\/16993"}],"wp:featuredmedia":[{"embeddable":true,"href":"https:\/\/www.systab.it\/en\/wp-json\/wp\/v2\/media\/8977"}],"wp:attachment":[{"href":"https:\/\/www.systab.it\/en\/wp-json\/wp\/v2\/media?parent=8972"}],"wp:term":[{"taxonomy":"category","embeddable":true,"href":"https:\/\/www.systab.it\/en\/wp-json\/wp\/v2\/categories?post=8972"},{"taxonomy":"post_tag","embeddable":true,"href":"https:\/\/www.systab.it\/en\/wp-json\/wp\/v2\/tags?post=8972"}],"curies":[{"name":"wp","href":"https:\/\/api.w.org\/{rel}","templated":true}]}}