{"id":6908,"date":"2020-03-19T11:39:24","date_gmt":"2020-03-19T10:39:24","guid":{"rendered":"http:\/\/www.systab.it\/?page_id=6908"},"modified":"2026-02-16T12:13:24","modified_gmt":"2026-02-16T11:13:24","slug":"consolidamento-fondazioni-con-iniezioni-di-resine-a-ancona","status":"publish","type":"page","link":"https:\/\/www.systab.it\/en\/consolidamento-fondazioni-con-iniezioni-di-resine-a-ancona\/","title":{"rendered":"Consolidamento fondazioni con iniezioni di resine a Ancona"},"content":{"rendered":"<p>[et_pb_section fb_built=&#8221;1&#8243; admin_label=&#8221;section&#8221; _builder_version=&#8221;4.16&#8243; global_colors_info=&#8221;{}&#8221;][et_pb_row column_structure=&#8221;1_4,1_4,1_4,1_4&#8243; _builder_version=&#8221;4.17.1&#8243; _module_preset=&#8221;default&#8221; global_colors_info=&#8221;{}&#8221;][et_pb_column type=&#8221;1_4&#8243; _builder_version=&#8221;4.17.1&#8243; _module_preset=&#8221;default&#8221; global_colors_info=&#8221;{}&#8221;][et_pb_image src=&#8221;https:\/\/www.systab.it\/wp-content\/uploads\/2016\/08\/IMG-20160720-WA0007.jpg&#8221; title_text=&#8221;Iniezione di resine espandenti per consolidamento fondazioni&#8221; show_in_lightbox=&#8221;on&#8221; _builder_version=&#8221;4.17.1&#8243; _module_preset=&#8221;default&#8221; animation_style=&#8221;flip&#8221; global_colors_info=&#8221;{}&#8221;][\/et_pb_image][\/et_pb_column][et_pb_column type=&#8221;1_4&#8243; _builder_version=&#8221;4.17.1&#8243; _module_preset=&#8221;default&#8221; global_colors_info=&#8221;{}&#8221;][et_pb_image src=&#8221;https:\/\/www.systab.it\/wp-content\/uploads\/2016\/08\/IMG-20160720-WA0010.jpg&#8221; title_text=&#8221;officina mobile fino a 50 m di distanza e oltre dal cantiere&#8221; show_in_lightbox=&#8221;on&#8221; _builder_version=&#8221;4.17.1&#8243; _module_preset=&#8221;default&#8221; animation_style=&#8221;flip&#8221; global_colors_info=&#8221;{}&#8221;][\/et_pb_image][\/et_pb_column][et_pb_column type=&#8221;1_4&#8243; _builder_version=&#8221;4.17.1&#8243; _module_preset=&#8221;default&#8221; global_colors_info=&#8221;{}&#8221;][et_pb_image src=&#8221;https:\/\/www.systab.it\/wp-content\/uploads\/2016\/08\/IMG-20160720-WA0005.jpg&#8221; title_text=&#8221;Iniezione di resine per consolidare fondamenta&#8221; show_in_lightbox=&#8221;on&#8221; _builder_version=&#8221;4.17.1&#8243; _module_preset=&#8221;default&#8221; animation_style=&#8221;flip&#8221; global_colors_info=&#8221;{}&#8221;][\/et_pb_image][\/et_pb_column][et_pb_column type=&#8221;1_4&#8243; _builder_version=&#8221;4.17.1&#8243; _module_preset=&#8221;default&#8221; global_colors_info=&#8221;{}&#8221;][et_pb_image src=&#8221;https:\/\/www.systab.it\/wp-content\/uploads\/2016\/08\/IMG-20160720-WA0006.jpg&#8221; title_text=&#8221;Consolidare fondazioni Ancona&#8221; show_in_lightbox=&#8221;on&#8221; _builder_version=&#8221;4.17.1&#8243; _module_preset=&#8221;default&#8221; animation_style=&#8221;flip&#8221; global_colors_info=&#8221;{}&#8221;][\/et_pb_image][\/et_pb_column][\/et_pb_row][et_pb_row admin_label=&#8221;row&#8221; _builder_version=&#8221;4.16&#8243; background_size=&#8221;initial&#8221; background_position=&#8221;top_left&#8221; background_repeat=&#8221;repeat&#8221; global_colors_info=&#8221;{}&#8221;][et_pb_column type=&#8221;4_4&#8243; _builder_version=&#8221;4.16&#8243; custom_padding=&#8221;|||&#8221; global_colors_info=&#8221;{}&#8221; custom_padding__hover=&#8221;|||&#8221;][et_pb_text admin_label=&#8221;Text&#8221; _builder_version=&#8221;4.17.1&#8243; background_size=&#8221;initial&#8221; background_position=&#8221;top_left&#8221; background_repeat=&#8221;repeat&#8221; hover_enabled=&#8221;0&#8243; global_colors_info=&#8221;{}&#8221; sticky_enabled=&#8221;0&#8243;]<\/p>\n<h1>Consolidamento delle fondazioni di edificio\u00a0ad Ancona<\/h1>\n<p>&#038;nbsp<br \/>\n<span style=\"color: #777777;\">Il <a href=\"https:\/\/www.systab.it\/resine\/\"><strong>consolidamento delle fondazioni<\/strong> <\/a>di questa abitazione nell&#8217;entroterra di Ancona\u00a0\u00e8 stato necessario a causa del cedimento diffuso di alcune murature portanti. La vecchia struttura sar\u00e0 oggetto di una ristrutturazione completa con modifiche dei carichi di lieve entit\u00e0, \u00e8 sita nel centro storico di un piccolo borgo sulle colline immediatamente a ovest di Ancona. La vecchia struttura \u00e8 costituita da 3 piani fuori terra ed \u00e8 costruita interamente in muratura di mattoni pieni, comprese le fondazioni che si trovano a poca profondit\u00e0 dal piano campagna. Le crepe nei muri e le fessurazioni presenti da molto tempo, si sono via via aggravate nel corso degli anni anche a causa della mancata manutenzione e delle infiltrazioni d&#8217;acqua presenti nel centro storico a causa di problematiche alla rete fognaria. I terreni argillosi hanno quindi progressivamente perso le caratteristiche di resistenza geomeccanica determinano una serie di cedimenti differenziali, in particolare sul fronte strada.<\/span><\/p>\n<p><b>Intervento di consolidamento delle fondazioni ad Ancona<\/b><\/p>\n<p><span style=\"color: #777777;\">Vista la necessit\u00e0 di intervenire su tutti i muri portanti in tempi rapidi si \u00e8 preferita una soluzione che non comportasse\u00a0scavi e demolizioni, Tecnici e\u00a0Committenza hanno optato per un consolidamento del terreno di fondazione con iniezioni di resine a lenta espansione con tecnologia SYSTAB. Il Sistema Systab\u00a0 permette di\u00a0usare resine a densit\u00e0\u00a0 differenziata in funzione delle caratteristiche del terreno e dei carichi in gioco. L&#8217;intervento \u00e8 stato esteso a tutta l&#8217;impronta fondale eseguendo una serie di\u00a0indagini penetrometriche pre e post iniezione\u00a0per verificare il miglioramento ottenuto in termini di <strong>diminuzione della compressibilit\u00e0 ed incremento della resistenza al taglio<\/strong> del terreno di fondazione. Nel caso in oggetto particolarmente utile \u00e8 stata la possibilit\u00e0 di operare con mezzi molto snelli, visto che l&#8217;accesso nel centro storico risulta praticamente impossibile con mezzi superiori ai 35 quintali. Inoltre l&#8217;officina mobile \u00e8 rimasta a circa 50 m dalla zona di cantiere evitando di causare la chiusura della via e garantendo la viabilit\u00e0 anche durante le fasi di lavoro.<\/span><\/p>\n<p><b>Consolidamento delle fondamenta ad Ancona: i vantaggi<\/b><\/p>\n<p><span style=\"color: #777777;\">Il lavoro \u00e8 stato completato in\u00a02 giorni lavorativi mediante l&#8217;esecuzione di fori di diametro 25 mm e senza scavi, demolizioni n\u00e9 altre opere accessorie. La garanzia \u00e8 data dall&#8217;esperienza dei Tecnici SYSTAB che dal 2000 si occupano di consolidamenti con iniezioni di resine espandenti, anche ad Ancona!<\/span><\/p>\n<p>Contattaci per maggiori informazioni su questa Case History[\/et_pb_text][\/et_pb_column][\/et_pb_row][\/et_pb_section][et_pb_section fb_built=&#8221;1&#8243; admin_label=&#8221;Contact Form Section&#8221; _builder_version=&#8221;4.17.1&#8243; _module_preset=&#8221;default&#8221; background_color=&#8221;#fcd21d&#8221; background_image=&#8221;https:\/\/www.systab.it\/wp-content\/uploads\/2022\/10\/home-02-scaled.jpg&#8221; min_height=&#8221;465px&#8221; custom_padding=&#8221;29px||23px|||&#8221; animation_style=&#8221;zoom&#8221; animation_direction=&#8221;bottom&#8221; animation_intensity_zoom=&#8221;10%&#8221; global_module=&#8221;14507&#8243; saved_tabs=&#8221;all&#8221; global_colors_info=&#8221;{}&#8221;][et_pb_row admin_label=&#8221;Service Section Title&#8221; _builder_version=&#8221;4.17.1&#8243; _module_preset=&#8221;default&#8221; custom_margin=&#8221;||40px|&#8221; animation_style=&#8221;fade&#8221; animation_direction=&#8221;top&#8221; locked=&#8221;off&#8221; global_colors_info=&#8221;{}&#8221;][et_pb_column type=&#8221;4_4&#8243; _builder_version=&#8221;4.16&#8243; _module_preset=&#8221;default&#8221; custom_padding=&#8221;|||&#8221; global_colors_info=&#8221;{}&#8221; custom_padding__hover=&#8221;|||&#8221;][et_pb_text admin_label=&#8221;Title&#8221; _builder_version=&#8221;4.17.1&#8243; _module_preset=&#8221;default&#8221; text_font=&#8221;Montserrat|700|||||||&#8221; text_text_color=&#8221;#000000&#8243; text_font_size=&#8221;18px&#8221; text_line_height=&#8221;1.9em&#8221; header_font=&#8221;||||||||&#8221; header_2_font=&#8221;Montserrat|700||on|||||&#8221; header_2_font_size=&#8221;42px&#8221; header_2_line_height=&#8221;1.3em&#8221; background_size=&#8221;initial&#8221; background_position=&#8221;top_left&#8221; background_repeat=&#8221;repeat&#8221; text_orientation=&#8221;center&#8221; width=&#8221;100%&#8221; max_width=&#8221;1080px&#8221; module_alignment=&#8221;center&#8221; animation_style=&#8221;slide&#8221; animation_direction=&#8221;bottom&#8221; animation_intensity_slide=&#8221;4%&#8221; global_colors_info=&#8221;{}&#8221;]<\/p>\n<p>COMPILA IL FORM PER RICHIEDERE UN SOPRALLUOGO GRATUITO E SENZA IMPEGNO.<\/p>\n<p>[\/et_pb_text][et_pb_text admin_label=&#8221;Subtitle&#8221; _builder_version=&#8221;4.17.1&#8243; _module_preset=&#8221;default&#8221; text_font=&#8221;Montserrat||||&#8221; text_text_color=&#8221;#353740&#8243; text_font_size=&#8221;16px&#8221; text_line_height=&#8221;1.8em&#8221; header_font=&#8221;||||||||&#8221; background_size=&#8221;initial&#8221; background_position=&#8221;top_left&#8221; background_repeat=&#8221;repeat&#8221; text_orientation=&#8221;center&#8221; max_width=&#8221;1080px&#8221; module_alignment=&#8221;center&#8221; custom_margin=&#8221;-34px||||false|false&#8221; custom_padding=&#8221;0px||||false|false&#8221; animation_style=&#8221;slide&#8221; animation_direction=&#8221;bottom&#8221; animation_delay=&#8221;100ms&#8221; animation_intensity_slide=&#8221;4%&#8221; global_colors_info=&#8221;{}&#8221;]<\/p>\n<p>Un nostro tecnico ti ricontatter\u00e0 per fissare un appuntamento nel pi\u00f9 breve tempo possibile.<\/p>\n<p>[\/et_pb_text][\/et_pb_column][\/et_pb_row][et_pb_row admin_label=&#8221;Contact Form&#8221; _builder_version=&#8221;4.17.1&#8243; _module_preset=&#8221;default&#8221; custom_margin=&#8221;-21px||||false|false&#8221; animation_style=&#8221;fade&#8221; global_colors_info=&#8221;{}&#8221;][et_pb_column type=&#8221;4_4&#8243; _builder_version=&#8221;4.17.1&#8243; _module_preset=&#8221;default&#8221; custom_padding=&#8221;|||&#8221; global_colors_info=&#8221;{}&#8221; custom_padding__hover=&#8221;|||&#8221;][et_pb_contact_form use_spam_service=&#8221;on&#8221; recaptcha_list=&#8221;Systab|Systab-0&#8243; recaptcha_min_score=&#8221;0.6&#8243; email=&#8221;info@systab.it&#8221; custom_message=&#8221;Nome: %%Nome%%||et_pb_line_break_holder||Email: %%Email%%||et_pb_line_break_holder||Provincia: %%Provincia%%||et_pb_line_break_holder||Telefono: %%Telefono%%||et_pb_line_break_holder||Messaggio: %%Messaggio%%&#8221; submit_button_text=&#8221;Invia&#8221; admin_label=&#8221;Modulo di Contatto&#8221; module_id=&#8221;et_pb_contact_form_0&#8243; _builder_version=&#8221;4.17.1&#8243; _module_preset=&#8221;default&#8221; _unique_id=&#8221;0fff6ea2-83ad-4437-bbb8-b68b85d79d39&#8243; form_field_background_color=&#8221;RGBA(255,255,255,0)&#8221; form_field_text_color=&#8221;#353740&#8243; form_field_font=&#8221;Montserrat||||&#8221; form_field_font_size=&#8221;13px&#8221; form_field_line_height=&#8221;0.8em&#8221; custom_button=&#8221;on&#8221; button_text_size=&#8221;15px&#8221; button_text_color=&#8221;#000000&#8243; button_bg_color=&#8221;RGBA(255,255,255,0)&#8221; button_border_width=&#8221;2px&#8221; button_border_color=&#8221;#000000&#8243; button_border_radius=&#8221;100px&#8221; button_letter_spacing=&#8221;2px&#8221; button_font=&#8221;Montserrat|||on|||||&#8221; button_icon=&#8221;&#x45;||divi||400&#8243; button_icon_color=&#8221;#ffffff&#8221; width=&#8221;48%&#8221; max_width=&#8221;800px&#8221; module_alignment=&#8221;center&#8221; min_height=&#8221;153px&#8221; height=&#8221;393px&#8221; custom_margin=&#8221;-82px||-44px||false|false&#8221; animation_style=&#8221;fade&#8221; use_confirmation_email=&#8221;on&#8221; confirmation_email_field_id=&#8221;Email&#8221; confirmation_email_subject=&#8221;Grazie per averci contattato&#8221; confirmation_email_from_name=&#8221;Systab&#8221; confirmation_email_from=&#8221;info@systab.it&#8221; confirmation_email_message=&#8221;Grazie per averci contattato.<br \/>\nA breve ti risponderemo per darti tutte le informazioni di cui hai bisogno. <\/p>\n<p>Cordiali Saluti<br \/>\nSystab<br \/>\ntel: 0521 1626033&#8243; custom_use_redirect=&#8221;on&#8221; custom_redirect_url=&#8221;https:\/\/www.systab.it\/grazie\/&#8221; use_honeypot=&#8221;on&#8221; box_shadow_style=&#8221;preset7&#8243; box_shadow_horizontal=&#8221;0px&#8221; box_shadow_vertical=&#8221;-1px&#8221; box_shadow_color=&#8221;rgba(0,0,0,0.18)&#8221; form_background_color=&#8221;rgba(255,255,255,0)&#8221; global_colors_info=&#8221;{}&#8221;][et_pb_contact_field field_id=&#8221;Nome&#8221; field_title=&#8221;Nome&#8221; fullwidth_field=&#8221;on&#8221; _builder_version=&#8221;4.17.1&#8243; _module_preset=&#8221;default&#8221; global_colors_info=&#8221;{}&#8221; button_text_size__hover_enabled=&#8221;off&#8221; button_one_text_size__hover_enabled=&#8221;off&#8221; button_two_text_size__hover_enabled=&#8221;off&#8221; button_text_color__hover_enabled=&#8221;off&#8221; button_one_text_color__hover_enabled=&#8221;off&#8221; button_two_text_color__hover_enabled=&#8221;off&#8221; button_border_width__hover_enabled=&#8221;off&#8221; button_one_border_width__hover_enabled=&#8221;off&#8221; button_two_border_width__hover_enabled=&#8221;off&#8221; button_border_color__hover_enabled=&#8221;off&#8221; button_one_border_color__hover_enabled=&#8221;off&#8221; button_two_border_color__hover_enabled=&#8221;off&#8221; button_border_radius__hover_enabled=&#8221;off&#8221; button_one_border_radius__hover_enabled=&#8221;off&#8221; button_two_border_radius__hover_enabled=&#8221;off&#8221; button_letter_spacing__hover_enabled=&#8221;off&#8221; button_one_letter_spacing__hover_enabled=&#8221;off&#8221; button_two_letter_spacing__hover_enabled=&#8221;off&#8221; button_bg_color__hover_enabled=&#8221;off&#8221; button_one_bg_color__hover_enabled=&#8221;off&#8221; button_two_bg_color__hover_enabled=&#8221;off&#8221;][\/et_pb_contact_field][et_pb_contact_field field_id=&#8221;Email&#8221; field_title=&#8221;Email &#8221; field_type=&#8221;email&#8221; fullwidth_field=&#8221;on&#8221; _builder_version=&#8221;4.17.1&#8243; _module_preset=&#8221;default&#8221; global_colors_info=&#8221;{}&#8221; button_text_size__hover_enabled=&#8221;off&#8221; button_one_text_size__hover_enabled=&#8221;off&#8221; button_two_text_size__hover_enabled=&#8221;off&#8221; button_text_color__hover_enabled=&#8221;off&#8221; button_one_text_color__hover_enabled=&#8221;off&#8221; button_two_text_color__hover_enabled=&#8221;off&#8221; button_border_width__hover_enabled=&#8221;off&#8221; button_one_border_width__hover_enabled=&#8221;off&#8221; button_two_border_width__hover_enabled=&#8221;off&#8221; button_border_color__hover_enabled=&#8221;off&#8221; button_one_border_color__hover_enabled=&#8221;off&#8221; button_two_border_color__hover_enabled=&#8221;off&#8221; button_border_radius__hover_enabled=&#8221;off&#8221; button_one_border_radius__hover_enabled=&#8221;off&#8221; button_two_border_radius__hover_enabled=&#8221;off&#8221; button_letter_spacing__hover_enabled=&#8221;off&#8221; button_one_letter_spacing__hover_enabled=&#8221;off&#8221; button_two_letter_spacing__hover_enabled=&#8221;off&#8221; button_bg_color__hover_enabled=&#8221;off&#8221; button_one_bg_color__hover_enabled=&#8221;off&#8221; button_two_bg_color__hover_enabled=&#8221;off&#8221;][\/et_pb_contact_field][et_pb_contact_field field_id=&#8221;Provincia&#8221; field_title=&#8221;Provincia&#8221; fullwidth_field=&#8221;on&#8221; _builder_version=&#8221;4.17.1&#8243; _module_preset=&#8221;default&#8221; global_colors_info=&#8221;{}&#8221; button_text_size__hover_enabled=&#8221;off&#8221; button_one_text_size__hover_enabled=&#8221;off&#8221; button_two_text_size__hover_enabled=&#8221;off&#8221; button_text_color__hover_enabled=&#8221;off&#8221; button_one_text_color__hover_enabled=&#8221;off&#8221; button_two_text_color__hover_enabled=&#8221;off&#8221; button_border_width__hover_enabled=&#8221;off&#8221; button_one_border_width__hover_enabled=&#8221;off&#8221; button_two_border_width__hover_enabled=&#8221;off&#8221; button_border_color__hover_enabled=&#8221;off&#8221; button_one_border_color__hover_enabled=&#8221;off&#8221; button_two_border_color__hover_enabled=&#8221;off&#8221; button_border_radius__hover_enabled=&#8221;off&#8221; button_one_border_radius__hover_enabled=&#8221;off&#8221; button_two_border_radius__hover_enabled=&#8221;off&#8221; button_letter_spacing__hover_enabled=&#8221;off&#8221; button_one_letter_spacing__hover_enabled=&#8221;off&#8221; button_two_letter_spacing__hover_enabled=&#8221;off&#8221; button_bg_color__hover_enabled=&#8221;off&#8221; button_one_bg_color__hover_enabled=&#8221;off&#8221; button_two_bg_color__hover_enabled=&#8221;off&#8221;][\/et_pb_contact_field][et_pb_contact_field field_id=&#8221;Telefono&#8221; field_title=&#8221;Telefono&#8221; fullwidth_field=&#8221;on&#8221; _builder_version=&#8221;4.17.1&#8243; _module_preset=&#8221;default&#8221; global_colors_info=&#8221;{}&#8221; button_text_size__hover_enabled=&#8221;off&#8221; button_one_text_size__hover_enabled=&#8221;off&#8221; button_two_text_size__hover_enabled=&#8221;off&#8221; button_text_color__hover_enabled=&#8221;off&#8221; button_one_text_color__hover_enabled=&#8221;off&#8221; button_two_text_color__hover_enabled=&#8221;off&#8221; button_border_width__hover_enabled=&#8221;off&#8221; button_one_border_width__hover_enabled=&#8221;off&#8221; button_two_border_width__hover_enabled=&#8221;off&#8221; button_border_color__hover_enabled=&#8221;off&#8221; button_one_border_color__hover_enabled=&#8221;off&#8221; button_two_border_color__hover_enabled=&#8221;off&#8221; button_border_radius__hover_enabled=&#8221;off&#8221; button_one_border_radius__hover_enabled=&#8221;off&#8221; button_two_border_radius__hover_enabled=&#8221;off&#8221; button_letter_spacing__hover_enabled=&#8221;off&#8221; button_one_letter_spacing__hover_enabled=&#8221;off&#8221; button_two_letter_spacing__hover_enabled=&#8221;off&#8221; button_bg_color__hover_enabled=&#8221;off&#8221; button_one_bg_color__hover_enabled=&#8221;off&#8221; button_two_bg_color__hover_enabled=&#8221;off&#8221;][\/et_pb_contact_field][et_pb_contact_field field_id=&#8221;Messaggio&#8221; field_title=&#8221;Messaggio&#8221; fullwidth_field=&#8221;on&#8221; _builder_version=&#8221;4.17.1&#8243; _module_preset=&#8221;default&#8221; global_colors_info=&#8221;{}&#8221; button_text_size__hover_enabled=&#8221;off&#8221; button_one_text_size__hover_enabled=&#8221;off&#8221; button_two_text_size__hover_enabled=&#8221;off&#8221; button_text_color__hover_enabled=&#8221;off&#8221; button_one_text_color__hover_enabled=&#8221;off&#8221; button_two_text_color__hover_enabled=&#8221;off&#8221; button_border_width__hover_enabled=&#8221;off&#8221; button_one_border_width__hover_enabled=&#8221;off&#8221; button_two_border_width__hover_enabled=&#8221;off&#8221; button_border_color__hover_enabled=&#8221;off&#8221; button_one_border_color__hover_enabled=&#8221;off&#8221; button_two_border_color__hover_enabled=&#8221;off&#8221; button_border_radius__hover_enabled=&#8221;off&#8221; button_one_border_radius__hover_enabled=&#8221;off&#8221; button_two_border_radius__hover_enabled=&#8221;off&#8221; button_letter_spacing__hover_enabled=&#8221;off&#8221; button_one_letter_spacing__hover_enabled=&#8221;off&#8221; button_two_letter_spacing__hover_enabled=&#8221;off&#8221; button_bg_color__hover_enabled=&#8221;off&#8221; button_one_bg_color__hover_enabled=&#8221;off&#8221; button_two_bg_color__hover_enabled=&#8221;off&#8221;][\/et_pb_contact_field][\/et_pb_contact_form][\/et_pb_column][\/et_pb_row][\/et_pb_section]<\/p>\n","protected":false},"excerpt":{"rendered":"<p>Il consolidamento delle fondazioni di questa abitazione nell\u2019entroterra di Ancona \u00e8 stato necessario a causa del cedimento diffuso di [&#8230;]<\/p>\n","protected":false},"author":2,"featured_media":6910,"parent":0,"menu_order":0,"comment_status":"closed","ping_status":"closed","template":"","meta":{"_et_pb_use_builder":"on","_et_pb_old_content":"[vc_row fullwidth=\"false\" attached=\"false\" padding=\"0\" visibility=\"\" animation=\"\"][vc_column border_color=\"\" visibility=\"\" width=\"1\/4\"][mk_image src=\"http:\/\/www.systab.it\/wp-content\/uploads\/2016\/08\/IMG-20160720-WA0007.jpg\" image_width=\"800\" image_height=\"350\" crop=\"true\" svg=\"false\" lightbox=\"true\" frame_style=\"simple\" target=\"_self\" caption_location=\"inside-image\" align=\"left\" margin_bottom=\"10\"][\/vc_column][vc_column border_color=\"\" visibility=\"\" width=\"1\/4\"][mk_image src=\"http:\/\/www.systab.it\/wp-content\/uploads\/2016\/08\/IMG-20160720-WA0010.jpg\" image_width=\"800\" image_height=\"350\" crop=\"true\" svg=\"false\" lightbox=\"true\" frame_style=\"simple\" target=\"_self\" caption_location=\"inside-image\" align=\"left\" margin_bottom=\"10\"][\/vc_column][vc_column border_color=\"\" visibility=\"\" width=\"1\/4\"][mk_image src=\"http:\/\/www.systab.it\/wp-content\/uploads\/2016\/08\/IMG-20160720-WA0005.jpg\" image_width=\"800\" image_height=\"350\" crop=\"true\" svg=\"false\" lightbox=\"true\" frame_style=\"simple\" target=\"_self\" caption_location=\"inside-image\" align=\"left\" margin_bottom=\"10\"][\/vc_column][vc_column border_color=\"\" visibility=\"\" width=\"1\/4\"][mk_image image_width=\"800\" image_height=\"350\" crop=\"true\" svg=\"false\" lightbox=\"true\" frame_style=\"simple\" target=\"_self\" caption_location=\"inside-image\" align=\"left\" margin_bottom=\"10\" src=\"http:\/\/www.systab.it\/wp-content\/uploads\/2016\/08\/IMG-20160720-WA0006.jpg\"][\/vc_column][\/vc_row][vc_row fullwidth=\"false\" attached=\"false\" padding=\"0\" visibility=\"\" animation=\"\"][vc_column border_color=\"\" visibility=\"\" width=\"1\/1\"][vc_column_text disable_pattern=\"true\" align=\"left\" margin_bottom=\"0\"]<b>PROBLEMATICA<\/b>\n\n<span style=\"color: #777777;\">Il <a href=\"http:\/\/www.systab.it\/resine\/\"><strong>consolidamento delle fondazioni<\/strong> <\/a>di questa abitazione nell'entroterra di Ancona&nbsp;\u00e8 stato necessario a causa del cedimento diffuso di alcune murature portanti. La vecchia struttura sar\u00e0 oggetto di una ristrutturazione completa con modifiche dei carichi di lieve entit\u00e0, \u00e8 sita nel centro storico di un piccolo borgo sulle colline immediatamente a ovest di Ancona. La vecchia struttura \u00e8 costituita da 3 piani fuori terra ed \u00e8 costruita interamente in muratura di mattoni pieni, comprese le fondazioni che si trovano a poca profondit\u00e0 dal piano campagna. Le crepe nei muri e le fessurazioni presenti da molto tempo, si sono via via aggravate nel corso degli anni anche a causa della mancata manutenzione e delle infiltrazioni d'acqua presenti nel centro storico a causa di problematiche alla rete fognaria. I terreni argillosi hanno quindi progressivamente perso le caratteristiche di resistenza geomeccanica determinano una serie di cedimenti differenziali, in particolare sul fronte strada.<\/span>\n\n<b>SOLUZIONE E DESCRIZIONE INTERVENTO<\/b>\n\n<span style=\"color: #777777;\">Vista la necessit\u00e0 di intervenire su tutti i muri portanti in tempi rapidi si \u00e8 preferita una soluzione che non comportasse&nbsp;scavi e demolizioni, Tecnici e&nbsp;Committenza hanno optato per un consolidamento del terreno di fondazione con iniezioni di resine a lenta espansione con tecnologia SYSTAB. Il Sistema Systab&nbsp; permette di&nbsp;usare resine a densit\u00e0&nbsp; differenziata in funzione delle caratteristiche del terreno e dei carichi in gioco. L'intervento \u00e8 stato esteso a tutta l'impronta fondale eseguendo una serie di&nbsp;indagini penetrometriche pre e post iniezione&nbsp;per verificare il miglioramento ottenuto in termini di <strong>diminuzione della compressibilit\u00e0 ed incremento della resistenza al taglio<\/strong> del terreno di fondazione. Nel caso in oggetto particolarmente utile \u00e8 stata la possibilit\u00e0 di operare con mezzi molto snelli, visto che l'accesso nel centro storico risulta praticamente impossibile con mezzi superiori ai 35 quintali. Inoltre l'officina mobile \u00e8 rimasta a circa 50 m dalla zona di cantiere evitando di causare la chiusura della via e garantendo la viabilit\u00e0 anche durante le fasi di lavoro.<\/span>\n\n<b>TEMPISTICHE E VANTAGGI RISPETTO A TECNICHE TRADIZIONALI<\/b>\n\n<span style=\"color: #777777;\">Il lavoro \u00e8 stato completato in&nbsp;2 giorni lavorativi mediante l'esecuzione di fori di diametro 25 mm e senza scavi, demolizioni n\u00e9 altre opere accessorie. La garanzia \u00e8 data dall'esperienza dei Tecnici SYSTAB che dal 2000 si occupano di consolidamenti con iniezioni di resine espandenti, anche ad Ancona!<\/span>\n\n<span style=\"color: #777777;\">&nbsp;<\/span>[\/vc_column_text][mk_padding_divider size=\"40\"][mk_fancy_title tag_name=\"h2\" style=\"false\" color=\"#393836\" size=\"14\" font_weight=\"inherit\" font_style=\"inhert\" letter_spacing=\"0\" margin_top=\"0\" margin_bottom=\"18\" font_family=\"none\" align=\"left\"]\n\nContattaci per maggiori informazioni su questa Case History\n\n[\/mk_fancy_title][contact-form-7 id=\"23\" title=\"CONTATTACI PER MAGGIORI INFORMAZIONI SU QUESTA CASE HISTORY\"][\/vc_column][\/vc_row]","_et_gb_content_width":"","footnotes":""},"categories":[28],"tags":[106,24],"class_list":["post-6908","page","type-page","status-publish","has-post-thumbnail","hentry","category-case-history","tag-case-history-resine","tag-consolidamento-fondazioni"],"_links":{"self":[{"href":"https:\/\/www.systab.it\/en\/wp-json\/wp\/v2\/pages\/6908","targetHints":{"allow":["GET"]}}],"collection":[{"href":"https:\/\/www.systab.it\/en\/wp-json\/wp\/v2\/pages"}],"about":[{"href":"https:\/\/www.systab.it\/en\/wp-json\/wp\/v2\/types\/page"}],"author":[{"embeddable":true,"href":"https:\/\/www.systab.it\/en\/wp-json\/wp\/v2\/users\/2"}],"replies":[{"embeddable":true,"href":"https:\/\/www.systab.it\/en\/wp-json\/wp\/v2\/comments?post=6908"}],"version-history":[{"count":11,"href":"https:\/\/www.systab.it\/en\/wp-json\/wp\/v2\/pages\/6908\/revisions"}],"predecessor-version":[{"id":16947,"href":"https:\/\/www.systab.it\/en\/wp-json\/wp\/v2\/pages\/6908\/revisions\/16947"}],"wp:featuredmedia":[{"embeddable":true,"href":"https:\/\/www.systab.it\/en\/wp-json\/wp\/v2\/media\/6910"}],"wp:attachment":[{"href":"https:\/\/www.systab.it\/en\/wp-json\/wp\/v2\/media?parent=6908"}],"wp:term":[{"taxonomy":"category","embeddable":true,"href":"https:\/\/www.systab.it\/en\/wp-json\/wp\/v2\/categories?post=6908"},{"taxonomy":"post_tag","embeddable":true,"href":"https:\/\/www.systab.it\/en\/wp-json\/wp\/v2\/tags?post=6908"}],"curies":[{"name":"wp","href":"https:\/\/api.w.org\/{rel}","templated":true}]}}