{"id":6154,"date":"2015-11-26T00:26:51","date_gmt":"2015-11-25T23:26:51","guid":{"rendered":"http:\/\/www.systab.it\/?page_id=6154"},"modified":"2026-02-17T11:46:43","modified_gmt":"2026-02-17T10:46:43","slug":"consolidamento-di-un-condominio-in-provincia-di-lecco","status":"publish","type":"page","link":"https:\/\/www.systab.it\/en\/consolidamento-di-un-condominio-in-provincia-di-lecco\/","title":{"rendered":"Consolidamento di un Condominio in Provincia di Lecco"},"content":{"rendered":"<p>[et_pb_section fb_built=&#8221;1&#8243; _builder_version=&#8221;4.16&#8243; global_colors_info=&#8221;{}&#8221;][et_pb_row column_structure=&#8221;1_5,1_5,1_5,1_5,1_5&#8243; _builder_version=&#8221;4.17.1&#8243; _module_preset=&#8221;default&#8221; global_colors_info=&#8221;{}&#8221;][et_pb_column type=&#8221;1_5&#8243; _builder_version=&#8221;4.17.1&#8243; _module_preset=&#8221;default&#8221; global_colors_info=&#8221;{}&#8221;][et_pb_image src=&#8221;https:\/\/www.systab.it\/wp-content\/uploads\/2015\/11\/dettaglio-piastra-e-testa-palo-precaricato-e-collegato.jpg&#8221; title_text=&#8221;Dettaglio piastra e testa palo precaricato e collegato&#8221; show_in_lightbox=&#8221;on&#8221; _builder_version=&#8221;4.17.1&#8243; _module_preset=&#8221;default&#8221; animation_style=&#8221;flip&#8221; global_colors_info=&#8221;{}&#8221;][\/et_pb_image][\/et_pb_column][et_pb_column type=&#8221;1_5&#8243; _builder_version=&#8221;4.17.1&#8243; _module_preset=&#8221;default&#8221; global_colors_info=&#8221;{}&#8221;][et_pb_image src=&#8221;https:\/\/www.systab.it\/wp-content\/uploads\/2015\/11\/micropalo-attivo-precaricato.jpg&#8221; alt=&#8221;Micropalo attivo precaricato per consolidare fondamenta&#8221; title_text=&#8221;Micropalo attivo precaricato per consolidare fondamenta&#8221; show_in_lightbox=&#8221;on&#8221; _builder_version=&#8221;4.17.1&#8243; _module_preset=&#8221;default&#8221; animation_style=&#8221;flip&#8221; global_colors_info=&#8221;{}&#8221;][\/et_pb_image][\/et_pb_column][et_pb_column type=&#8221;1_5&#8243; _builder_version=&#8221;4.17.1&#8243; _module_preset=&#8221;default&#8221; global_colors_info=&#8221;{}&#8221;][et_pb_image src=&#8221;https:\/\/www.systab.it\/wp-content\/uploads\/2015\/12\/fase-di-infissione-palo-precaricato.jpg&#8221; alt=&#8221;Infissione palo precaricato per consolidamento fondamenta&#8221; title_text=&#8221;Infissione palo precaricato per consolidamento fondamenta&#8221; show_in_lightbox=&#8221;on&#8221; _builder_version=&#8221;4.17.1&#8243; _module_preset=&#8221;default&#8221; animation_style=&#8221;flip&#8221; global_colors_info=&#8221;{}&#8221;][\/et_pb_image][\/et_pb_column][et_pb_column type=&#8221;1_5&#8243; _builder_version=&#8221;4.17.1&#8243; _module_preset=&#8221;default&#8221; global_colors_info=&#8221;{}&#8221;][et_pb_image src=&#8221;https:\/\/www.systab.it\/wp-content\/uploads\/2015\/12\/micropali-attivi-a-bassa-invasivit\u00e0.jpg&#8221; alt=&#8221;Micropali attivi a bassa invasivit\u00e0 per consolidare fondamenta&#8221; title_text=&#8221;Micropali attivi a bassa invasivit\u00e0 per consolidare fondamenta&#8221; show_in_lightbox=&#8221;on&#8221; _builder_version=&#8221;4.17.1&#8243; _module_preset=&#8221;default&#8221; animation_style=&#8221;flip&#8221; global_colors_info=&#8221;{}&#8221;][\/et_pb_image][\/et_pb_column][et_pb_column type=&#8221;1_5&#8243; _builder_version=&#8221;4.17.1&#8243; _module_preset=&#8221;default&#8221; global_colors_info=&#8221;{}&#8221;][et_pb_image src=&#8221;https:\/\/www.systab.it\/wp-content\/uploads\/2015\/12\/fase-di-collegamento-micropalo-piastra.jpg&#8221; alt=&#8221;Micropalo per consolidamento fondazioni &#8211; Collegamento piastra&#8221; title_text=&#8221;Micropalo per consolidamento fondazioni &#8211; Collegamento piastra&#8221; show_in_lightbox=&#8221;on&#8221; _builder_version=&#8221;4.17.1&#8243; _module_preset=&#8221;default&#8221; animation_style=&#8221;flip&#8221; global_colors_info=&#8221;{}&#8221;][\/et_pb_image][\/et_pb_column][\/et_pb_row][et_pb_row _builder_version=&#8221;4.16&#8243; background_size=&#8221;initial&#8221; background_position=&#8221;top_left&#8221; background_repeat=&#8221;repeat&#8221; custom_padding=&#8221;40px|||||&#8221; global_colors_info=&#8221;{}&#8221;][et_pb_column type=&#8221;4_4&#8243; _builder_version=&#8221;4.16&#8243; custom_padding=&#8221;|||&#8221; global_colors_info=&#8221;{}&#8221; custom_padding__hover=&#8221;|||&#8221;][et_pb_text _builder_version=&#8221;4.17.1&#8243; background_size=&#8221;initial&#8221; background_position=&#8221;top_left&#8221; background_repeat=&#8221;repeat&#8221; hover_enabled=&#8221;0&#8243; global_colors_info=&#8221;{}&#8221; sticky_enabled=&#8221;0&#8243;]<\/p>\n<h1>Consolidamento di un condominio in provincia di Lecco<\/h1>\n<p>&#038;nbsp<br \/>\n<strong>PROBLEMATICA<\/strong><\/p>\n<p>L\u2019intervento di consolidamento fondazioni si \u00e8 reso necessario a causa del cedimento di una porzione del muro interno di un condominio, causato dalla presenza di terreni di riporto molto compressibili.<\/p>\n<p><strong>SOLUZIONE E DESCRIZIONE INTERVENTO<\/strong><\/p>\n<p>Per stabilizzare la porzione di fabbricato il progettista ha optato per la realizzazione di pali infissi con martinetti idraulici tipo SYStab principalmente per la bassa invasivit\u00e0 ed i tempi rapidi di realizzazione. Sono stati messi in opera 8 micropali in acciaio di diametro 76mme di lunghezza media 5metri.<\/p>\n<p><strong>TEMPISTICHE E VANTAGGI RISPETTO A TECNICHE TRADIZIONALI<\/strong><\/p>\n<p>L\u2019intervento \u00e8 stato eseguito in 2 giorni ed ha consentito di operare internamente, in locali seminterrati di altezza ridotta ed evitando la realizzazione di scavi e getti in cemento armato, permettendo quindi di contenere tempi e costi.<\/p>\n<p>Contattaci per maggiori informazioni su questa Case History[\/et_pb_text][\/et_pb_column][\/et_pb_row][\/et_pb_section][et_pb_section fb_built=&#8221;1&#8243; admin_label=&#8221;Contact Form Section&#8221; _builder_version=&#8221;4.17.1&#8243; _module_preset=&#8221;default&#8221; background_color=&#8221;#fcd21d&#8221; background_image=&#8221;https:\/\/www.systab.it\/wp-content\/uploads\/2022\/10\/home-02-scaled.jpg&#8221; min_height=&#8221;465px&#8221; custom_padding=&#8221;29px||23px|||&#8221; animation_style=&#8221;zoom&#8221; animation_direction=&#8221;bottom&#8221; animation_intensity_zoom=&#8221;10%&#8221; global_module=&#8221;14507&#8243; saved_tabs=&#8221;all&#8221; global_colors_info=&#8221;{}&#8221;][et_pb_row admin_label=&#8221;Service Section Title&#8221; _builder_version=&#8221;4.17.1&#8243; _module_preset=&#8221;default&#8221; custom_margin=&#8221;||40px|&#8221; animation_style=&#8221;fade&#8221; animation_direction=&#8221;top&#8221; locked=&#8221;off&#8221; global_colors_info=&#8221;{}&#8221;][et_pb_column type=&#8221;4_4&#8243; _builder_version=&#8221;4.16&#8243; _module_preset=&#8221;default&#8221; custom_padding=&#8221;|||&#8221; global_colors_info=&#8221;{}&#8221; custom_padding__hover=&#8221;|||&#8221;][et_pb_text admin_label=&#8221;Title&#8221; _builder_version=&#8221;4.17.1&#8243; _module_preset=&#8221;default&#8221; text_font=&#8221;Montserrat|700|||||||&#8221; text_text_color=&#8221;#000000&#8243; text_font_size=&#8221;18px&#8221; text_line_height=&#8221;1.9em&#8221; header_font=&#8221;||||||||&#8221; header_2_font=&#8221;Montserrat|700||on|||||&#8221; header_2_font_size=&#8221;42px&#8221; header_2_line_height=&#8221;1.3em&#8221; background_size=&#8221;initial&#8221; background_position=&#8221;top_left&#8221; background_repeat=&#8221;repeat&#8221; text_orientation=&#8221;center&#8221; width=&#8221;100%&#8221; max_width=&#8221;1080px&#8221; module_alignment=&#8221;center&#8221; animation_style=&#8221;slide&#8221; animation_direction=&#8221;bottom&#8221; animation_intensity_slide=&#8221;4%&#8221; global_colors_info=&#8221;{}&#8221;]<\/p>\n<p>COMPILA IL FORM PER RICHIEDERE UN SOPRALLUOGO GRATUITO E SENZA IMPEGNO.<\/p>\n<p>[\/et_pb_text][et_pb_text admin_label=&#8221;Subtitle&#8221; _builder_version=&#8221;4.17.1&#8243; _module_preset=&#8221;default&#8221; text_font=&#8221;Montserrat||||&#8221; text_text_color=&#8221;#353740&#8243; text_font_size=&#8221;16px&#8221; text_line_height=&#8221;1.8em&#8221; header_font=&#8221;||||||||&#8221; background_size=&#8221;initial&#8221; background_position=&#8221;top_left&#8221; background_repeat=&#8221;repeat&#8221; text_orientation=&#8221;center&#8221; max_width=&#8221;1080px&#8221; module_alignment=&#8221;center&#8221; custom_margin=&#8221;-34px||||false|false&#8221; custom_padding=&#8221;0px||||false|false&#8221; animation_style=&#8221;slide&#8221; animation_direction=&#8221;bottom&#8221; animation_delay=&#8221;100ms&#8221; animation_intensity_slide=&#8221;4%&#8221; global_colors_info=&#8221;{}&#8221;]<\/p>\n<p>Un nostro tecnico ti ricontatter\u00e0 per fissare un appuntamento nel pi\u00f9 breve tempo possibile.<\/p>\n<p>[\/et_pb_text][\/et_pb_column][\/et_pb_row][et_pb_row admin_label=&#8221;Contact Form&#8221; _builder_version=&#8221;4.17.1&#8243; _module_preset=&#8221;default&#8221; custom_margin=&#8221;-21px||||false|false&#8221; animation_style=&#8221;fade&#8221; global_colors_info=&#8221;{}&#8221;][et_pb_column type=&#8221;4_4&#8243; _builder_version=&#8221;4.17.1&#8243; _module_preset=&#8221;default&#8221; custom_padding=&#8221;|||&#8221; global_colors_info=&#8221;{}&#8221; custom_padding__hover=&#8221;|||&#8221;][et_pb_contact_form use_spam_service=&#8221;on&#8221; recaptcha_list=&#8221;Systab|Systab-0&#8243; recaptcha_min_score=&#8221;0.6&#8243; email=&#8221;info@systab.it&#8221; custom_message=&#8221;Nome: %%Nome%%||et_pb_line_break_holder||Email: %%Email%%||et_pb_line_break_holder||Provincia: %%Provincia%%||et_pb_line_break_holder||Telefono: %%Telefono%%||et_pb_line_break_holder||Messaggio: %%Messaggio%%&#8221; submit_button_text=&#8221;Invia&#8221; admin_label=&#8221;Modulo di Contatto&#8221; module_id=&#8221;et_pb_contact_form_0&#8243; _builder_version=&#8221;4.17.1&#8243; _module_preset=&#8221;default&#8221; _unique_id=&#8221;0fff6ea2-83ad-4437-bbb8-b68b85d79d39&#8243; form_field_background_color=&#8221;RGBA(255,255,255,0)&#8221; form_field_text_color=&#8221;#353740&#8243; form_field_font=&#8221;Montserrat||||&#8221; form_field_font_size=&#8221;13px&#8221; form_field_line_height=&#8221;0.8em&#8221; custom_button=&#8221;on&#8221; button_text_size=&#8221;15px&#8221; button_text_color=&#8221;#000000&#8243; button_bg_color=&#8221;RGBA(255,255,255,0)&#8221; button_border_width=&#8221;2px&#8221; button_border_color=&#8221;#000000&#8243; button_border_radius=&#8221;100px&#8221; button_letter_spacing=&#8221;2px&#8221; button_font=&#8221;Montserrat|||on|||||&#8221; button_icon=&#8221;&#x45;||divi||400&#8243; button_icon_color=&#8221;#ffffff&#8221; width=&#8221;48%&#8221; max_width=&#8221;800px&#8221; module_alignment=&#8221;center&#8221; min_height=&#8221;153px&#8221; height=&#8221;393px&#8221; custom_margin=&#8221;-82px||-44px||false|false&#8221; animation_style=&#8221;fade&#8221; use_confirmation_email=&#8221;on&#8221; confirmation_email_field_id=&#8221;Email&#8221; confirmation_email_subject=&#8221;Grazie per averci contattato&#8221; confirmation_email_from_name=&#8221;Systab&#8221; confirmation_email_from=&#8221;info@systab.it&#8221; confirmation_email_message=&#8221;Grazie per averci contattato.<br \/>\nA breve ti risponderemo per darti tutte le informazioni di cui hai bisogno. <\/p>\n<p>Cordiali Saluti<br \/>\nSystab<br \/>\ntel: 0521 1626033&#8243; custom_use_redirect=&#8221;on&#8221; custom_redirect_url=&#8221;https:\/\/www.systab.it\/grazie\/&#8221; use_honeypot=&#8221;on&#8221; box_shadow_style=&#8221;preset7&#8243; box_shadow_horizontal=&#8221;0px&#8221; box_shadow_vertical=&#8221;-1px&#8221; box_shadow_color=&#8221;rgba(0,0,0,0.18)&#8221; form_background_color=&#8221;rgba(255,255,255,0)&#8221; global_colors_info=&#8221;{}&#8221;][et_pb_contact_field field_id=&#8221;Nome&#8221; field_title=&#8221;Nome&#8221; fullwidth_field=&#8221;on&#8221; _builder_version=&#8221;4.17.1&#8243; _module_preset=&#8221;default&#8221; global_colors_info=&#8221;{}&#8221; button_text_size__hover_enabled=&#8221;off&#8221; button_one_text_size__hover_enabled=&#8221;off&#8221; button_two_text_size__hover_enabled=&#8221;off&#8221; button_text_color__hover_enabled=&#8221;off&#8221; button_one_text_color__hover_enabled=&#8221;off&#8221; button_two_text_color__hover_enabled=&#8221;off&#8221; button_border_width__hover_enabled=&#8221;off&#8221; button_one_border_width__hover_enabled=&#8221;off&#8221; button_two_border_width__hover_enabled=&#8221;off&#8221; button_border_color__hover_enabled=&#8221;off&#8221; button_one_border_color__hover_enabled=&#8221;off&#8221; button_two_border_color__hover_enabled=&#8221;off&#8221; button_border_radius__hover_enabled=&#8221;off&#8221; button_one_border_radius__hover_enabled=&#8221;off&#8221; button_two_border_radius__hover_enabled=&#8221;off&#8221; button_letter_spacing__hover_enabled=&#8221;off&#8221; button_one_letter_spacing__hover_enabled=&#8221;off&#8221; button_two_letter_spacing__hover_enabled=&#8221;off&#8221; button_bg_color__hover_enabled=&#8221;off&#8221; button_one_bg_color__hover_enabled=&#8221;off&#8221; button_two_bg_color__hover_enabled=&#8221;off&#8221;][\/et_pb_contact_field][et_pb_contact_field field_id=&#8221;Email&#8221; field_title=&#8221;Email &#8221; field_type=&#8221;email&#8221; fullwidth_field=&#8221;on&#8221; _builder_version=&#8221;4.17.1&#8243; _module_preset=&#8221;default&#8221; global_colors_info=&#8221;{}&#8221; button_text_size__hover_enabled=&#8221;off&#8221; button_one_text_size__hover_enabled=&#8221;off&#8221; button_two_text_size__hover_enabled=&#8221;off&#8221; button_text_color__hover_enabled=&#8221;off&#8221; button_one_text_color__hover_enabled=&#8221;off&#8221; button_two_text_color__hover_enabled=&#8221;off&#8221; button_border_width__hover_enabled=&#8221;off&#8221; button_one_border_width__hover_enabled=&#8221;off&#8221; button_two_border_width__hover_enabled=&#8221;off&#8221; button_border_color__hover_enabled=&#8221;off&#8221; button_one_border_color__hover_enabled=&#8221;off&#8221; button_two_border_color__hover_enabled=&#8221;off&#8221; button_border_radius__hover_enabled=&#8221;off&#8221; button_one_border_radius__hover_enabled=&#8221;off&#8221; button_two_border_radius__hover_enabled=&#8221;off&#8221; button_letter_spacing__hover_enabled=&#8221;off&#8221; button_one_letter_spacing__hover_enabled=&#8221;off&#8221; button_two_letter_spacing__hover_enabled=&#8221;off&#8221; button_bg_color__hover_enabled=&#8221;off&#8221; button_one_bg_color__hover_enabled=&#8221;off&#8221; button_two_bg_color__hover_enabled=&#8221;off&#8221;][\/et_pb_contact_field][et_pb_contact_field field_id=&#8221;Provincia&#8221; field_title=&#8221;Provincia&#8221; fullwidth_field=&#8221;on&#8221; _builder_version=&#8221;4.17.1&#8243; _module_preset=&#8221;default&#8221; global_colors_info=&#8221;{}&#8221; button_text_size__hover_enabled=&#8221;off&#8221; button_one_text_size__hover_enabled=&#8221;off&#8221; button_two_text_size__hover_enabled=&#8221;off&#8221; button_text_color__hover_enabled=&#8221;off&#8221; button_one_text_color__hover_enabled=&#8221;off&#8221; button_two_text_color__hover_enabled=&#8221;off&#8221; button_border_width__hover_enabled=&#8221;off&#8221; button_one_border_width__hover_enabled=&#8221;off&#8221; button_two_border_width__hover_enabled=&#8221;off&#8221; button_border_color__hover_enabled=&#8221;off&#8221; button_one_border_color__hover_enabled=&#8221;off&#8221; button_two_border_color__hover_enabled=&#8221;off&#8221; button_border_radius__hover_enabled=&#8221;off&#8221; button_one_border_radius__hover_enabled=&#8221;off&#8221; button_two_border_radius__hover_enabled=&#8221;off&#8221; button_letter_spacing__hover_enabled=&#8221;off&#8221; button_one_letter_spacing__hover_enabled=&#8221;off&#8221; button_two_letter_spacing__hover_enabled=&#8221;off&#8221; button_bg_color__hover_enabled=&#8221;off&#8221; button_one_bg_color__hover_enabled=&#8221;off&#8221; button_two_bg_color__hover_enabled=&#8221;off&#8221;][\/et_pb_contact_field][et_pb_contact_field field_id=&#8221;Telefono&#8221; field_title=&#8221;Telefono&#8221; fullwidth_field=&#8221;on&#8221; _builder_version=&#8221;4.17.1&#8243; _module_preset=&#8221;default&#8221; global_colors_info=&#8221;{}&#8221; button_text_size__hover_enabled=&#8221;off&#8221; button_one_text_size__hover_enabled=&#8221;off&#8221; button_two_text_size__hover_enabled=&#8221;off&#8221; button_text_color__hover_enabled=&#8221;off&#8221; button_one_text_color__hover_enabled=&#8221;off&#8221; button_two_text_color__hover_enabled=&#8221;off&#8221; button_border_width__hover_enabled=&#8221;off&#8221; button_one_border_width__hover_enabled=&#8221;off&#8221; button_two_border_width__hover_enabled=&#8221;off&#8221; button_border_color__hover_enabled=&#8221;off&#8221; button_one_border_color__hover_enabled=&#8221;off&#8221; button_two_border_color__hover_enabled=&#8221;off&#8221; button_border_radius__hover_enabled=&#8221;off&#8221; button_one_border_radius__hover_enabled=&#8221;off&#8221; button_two_border_radius__hover_enabled=&#8221;off&#8221; button_letter_spacing__hover_enabled=&#8221;off&#8221; button_one_letter_spacing__hover_enabled=&#8221;off&#8221; button_two_letter_spacing__hover_enabled=&#8221;off&#8221; button_bg_color__hover_enabled=&#8221;off&#8221; button_one_bg_color__hover_enabled=&#8221;off&#8221; button_two_bg_color__hover_enabled=&#8221;off&#8221;][\/et_pb_contact_field][et_pb_contact_field field_id=&#8221;Messaggio&#8221; field_title=&#8221;Messaggio&#8221; fullwidth_field=&#8221;on&#8221; _builder_version=&#8221;4.17.1&#8243; _module_preset=&#8221;default&#8221; global_colors_info=&#8221;{}&#8221; button_text_size__hover_enabled=&#8221;off&#8221; button_one_text_size__hover_enabled=&#8221;off&#8221; button_two_text_size__hover_enabled=&#8221;off&#8221; button_text_color__hover_enabled=&#8221;off&#8221; button_one_text_color__hover_enabled=&#8221;off&#8221; button_two_text_color__hover_enabled=&#8221;off&#8221; button_border_width__hover_enabled=&#8221;off&#8221; button_one_border_width__hover_enabled=&#8221;off&#8221; button_two_border_width__hover_enabled=&#8221;off&#8221; button_border_color__hover_enabled=&#8221;off&#8221; button_one_border_color__hover_enabled=&#8221;off&#8221; button_two_border_color__hover_enabled=&#8221;off&#8221; button_border_radius__hover_enabled=&#8221;off&#8221; button_one_border_radius__hover_enabled=&#8221;off&#8221; button_two_border_radius__hover_enabled=&#8221;off&#8221; button_letter_spacing__hover_enabled=&#8221;off&#8221; button_one_letter_spacing__hover_enabled=&#8221;off&#8221; button_two_letter_spacing__hover_enabled=&#8221;off&#8221; button_bg_color__hover_enabled=&#8221;off&#8221; button_one_bg_color__hover_enabled=&#8221;off&#8221; button_two_bg_color__hover_enabled=&#8221;off&#8221;][\/et_pb_contact_field][\/et_pb_contact_form][\/et_pb_column][\/et_pb_row][\/et_pb_section]<\/p>\n","protected":false},"excerpt":{"rendered":"<p>L\u2019intervento di consolidamento fondazioni si \u00e8 reso necessario a causa del cedimento di una porzione del muro interno di un condominio [&#8230;]<\/p>\n","protected":false},"author":1,"featured_media":6155,"parent":0,"menu_order":0,"comment_status":"closed","ping_status":"closed","template":"","meta":{"_et_pb_use_builder":"on","_et_pb_old_content":"(Italiano) [gallery columns=\"5\" link=\"none\" ids=\"6214,6155,6213,6212,6159\"]\n\n<strong>PROBLEMATICA<\/strong>\n\nL\u2019intervento di consolidamento fondazioni si \u00e8 reso necessario a causa del cedimento di una porzione del muro interno di un condominio, causato dalla presenza di terreni di riporto molto compressibili.\n\n<strong>SOLUZIONE E DESCRIZIONE INTERVENTO<\/strong>\n\nPer stabilizzare la porzione di fabbricato il progettista ha optato per la realizzazione di pali infissi con martinetti idraulici tipo SYStab principalmente per la bassa invasivit\u00e0 ed i tempi rapidi di realizzazione. Sono stati messi in opera 8 micropali in acciaio di diametro 76mme di lunghezza media 5metri.\n\n<strong>TEMPISTICHE E VANTAGGI RISPETTO A TECNICHE TRADIZIONALI<\/strong>\n\nL\u2019intervento \u00e8 stato eseguito in 2 giorni ed ha consentito di operare internamente, in locali seminterrati di altezza ridotta ed evitando la realizzazione di scavi e getti in cemento armato, permettendo quindi di contenere tempi e costi.\n\nContattaci per maggiori informazioni su questa Case History\n\n[contact-form-7 id=\"23\" title=\"CONTATTACI PER MAGGIORI INFORMAZIONI SU QUESTA CASE HISTORY\"]","_et_gb_content_width":"","footnotes":""},"categories":[28],"tags":[108],"class_list":["post-6154","page","type-page","status-publish","has-post-thumbnail","hentry","category-case-history","tag-case-history-pali-precaricati"],"_links":{"self":[{"href":"https:\/\/www.systab.it\/en\/wp-json\/wp\/v2\/pages\/6154","targetHints":{"allow":["GET"]}}],"collection":[{"href":"https:\/\/www.systab.it\/en\/wp-json\/wp\/v2\/pages"}],"about":[{"href":"https:\/\/www.systab.it\/en\/wp-json\/wp\/v2\/types\/page"}],"author":[{"embeddable":true,"href":"https:\/\/www.systab.it\/en\/wp-json\/wp\/v2\/users\/1"}],"replies":[{"embeddable":true,"href":"https:\/\/www.systab.it\/en\/wp-json\/wp\/v2\/comments?post=6154"}],"version-history":[{"count":14,"href":"https:\/\/www.systab.it\/en\/wp-json\/wp\/v2\/pages\/6154\/revisions"}],"predecessor-version":[{"id":17020,"href":"https:\/\/www.systab.it\/en\/wp-json\/wp\/v2\/pages\/6154\/revisions\/17020"}],"wp:featuredmedia":[{"embeddable":true,"href":"https:\/\/www.systab.it\/en\/wp-json\/wp\/v2\/media\/6155"}],"wp:attachment":[{"href":"https:\/\/www.systab.it\/en\/wp-json\/wp\/v2\/media?parent=6154"}],"wp:term":[{"taxonomy":"category","embeddable":true,"href":"https:\/\/www.systab.it\/en\/wp-json\/wp\/v2\/categories?post=6154"},{"taxonomy":"post_tag","embeddable":true,"href":"https:\/\/www.systab.it\/en\/wp-json\/wp\/v2\/tags?post=6154"}],"curies":[{"name":"wp","href":"https:\/\/api.w.org\/{rel}","templated":true}]}}