{"id":17136,"date":"2026-04-30T11:27:52","date_gmt":"2026-04-30T09:27:52","guid":{"rendered":"https:\/\/www.systab.it\/?page_id=17136"},"modified":"2026-04-30T11:31:22","modified_gmt":"2026-04-30T09:31:22","slug":"consolidamento-fondazioni-e-sollevamento-di-una-scala-in-cemento-armato","status":"publish","type":"page","link":"https:\/\/www.systab.it\/en\/consolidamento-fondazioni-e-sollevamento-di-una-scala-in-cemento-armato\/","title":{"rendered":"Consolidamento fondazioni e sollevamento di una scala in cemento armato"},"content":{"rendered":"\n<figure class=\"wp-block-gallery has-nested-images columns-2 is-cropped wp-block-gallery-1 is-layout-flex wp-block-gallery-is-layout-flex\">\n<figure class=\"wp-block-image size-full\"><img loading=\"lazy\" decoding=\"async\" width=\"701\" height=\"571\" data-id=\"17137\" src=\"https:\/\/www.systab.it\/wp-content\/uploads\/2026\/04\/sollevamento-scala-prima-e-dopo.jpg\" alt=\"\" class=\"wp-image-17137\" srcset=\"https:\/\/www.systab.it\/wp-content\/uploads\/2026\/04\/sollevamento-scala-prima-e-dopo.jpg 701w, https:\/\/www.systab.it\/wp-content\/uploads\/2026\/04\/sollevamento-scala-prima-e-dopo-480x391.jpg 480w\" sizes=\"auto, (min-width: 0px) and (max-width: 480px) 480px, (min-width: 481px) 701px, 100vw\" \/><figcaption class=\"wp-element-caption\">prima e dopo il consolidamento e sollevamento con pali precaricati<\/figcaption><\/figure>\n\n\n\n<figure class=\"wp-block-image size-full\"><img loading=\"lazy\" decoding=\"async\" width=\"480\" height=\"640\" data-id=\"17139\" src=\"https:\/\/www.systab.it\/wp-content\/uploads\/2026\/04\/sollevamento-con-pali-precaricati-2.jpg\" alt=\"\" class=\"wp-image-17139\" srcset=\"https:\/\/www.systab.it\/wp-content\/uploads\/2026\/04\/sollevamento-con-pali-precaricati-2.jpg 480w, https:\/\/www.systab.it\/wp-content\/uploads\/2026\/04\/sollevamento-con-pali-precaricati-2-225x300.jpg 225w\" sizes=\"auto, (max-width: 480px) 100vw, 480px\" \/><figcaption class=\"wp-element-caption\">sollevamento con martinetti idraulici impostati su pali precaricati<\/figcaption><\/figure>\n<\/figure>\n\n\n\n<p><\/p>\n\n\n\n<p><\/p>\n\n\n\n<h2 class=\"wp-block-heading\"><span style=\"color: #000000;\"><strong>PROBLEMATICA<\/strong><\/span><\/h2>\n\n\n\n<p>Nel corso degli anni un progressivo cedimento del terreno e delle fondazioni aveva compromesso una struttura in cemento armato. Infatti questo corpo scala di un ristorante in provincia di Parma, si era progressivamente staccato dal corpo principale.<\/p>\n\n\n\n<p>Ci troviamo nel comune di Felino in provincia di Parma. <\/p>\n\n\n\n<p>La necessit\u00e0 era quella, oltre a stabilizzare la struttura, di recuperare il cedimento sollevamento il copro scala riavvicinandolo alla struttura principale dell&#8217;edificio. <\/p>\n\n\n\n<h2 class=\"wp-block-heading\"><span style=\"color: #000000;\"><strong>SOLUZIONE E DESCRIZIONE INTERVENTO<\/strong><\/span><\/h2>\n\n\n\n<p>I Tecnici del Committente hanno valutato le possibili soluzioni per il <strong>consolidamento fondale<\/strong>, optando per la realizzazione di fondazioni indirette che trasferissero i carichi in profondit\u00e0. Infatti in situazioni complesse come quella descritta i micropali rappresentano certamente la soluzione pi\u00f9 idonea e definitiva, soprattutto a lungo termine. I progettisti e l&#8217;impresa di fiducia della Committenza, si sono indirizzati verso la soluzione con <strong><a href=\"https:\/\/www.systab.it\/pali-precaricati-systab\/modalita-operative\/\">Pali Precaricati di SYStab<\/a><\/strong>, infatti questo tipo di micropalo presenta vari vantaggi rispetto ai micropali tradizionali, ne abbiamo parlato anche in uno dei nostri ultimi post &#8220;<em><a href=\"https:\/\/www.systab.it\/pali-e-micropali-differenze\/\">Pali e micropali: quali sono le differenze e quando sceglierli per il consolidamento delle fondazioni<\/a><\/em>&#8220;.<\/p>\n\n\n\n<p>L\u2019intervento si \u00e8 svolto con le seguenti fasi operative:<\/p>\n\n\n\n<ul class=\"wp-block-list\">\n<li><strong>scavo e realizzazione di un nuovo cordolo in c.a. ove necessario<\/strong><\/li>\n\n\n\n<li>predisposizione di appositi tubi camicia all\u2019interno del cordolo stesso.<\/li>\n\n\n\n<li>getto del nuovo cordolo di fondazione in c.a.<\/li>\n\n\n\n<li>attesa della maturazione del getto (circa 28 giorni)<\/li>\n\n\n\n<li><strong>svincolo della struttura per permetterne il sollevamento<\/strong> (non sempre questa fase \u00e8 possibile, dipende da vari aspetti tecnici come le modalit\u00e0 costruttive e la possibilit\u00e0 di liberare pi\u00f9 possibile il manufatto da sollevare)<\/li>\n\n\n\n<li><strong>presso &#8211; infissione dei pali <\/strong>di diametro 114 mm con monitoraggio continuo delle pressioni di installazione, fino al raggiungimento delle portate\/profondit\u00e0 di progetto.<\/li>\n\n\n\n<li><strong>fase di sollevamento con monitoraggio laser della scala da sollevare <\/strong><\/li>\n\n\n\n<li>fissaggio finale di tutti i pali al collare dei tubi camicia o alle piastre in acciaio<\/li>\n\n\n\n<li>rinterro e conseguente ripristino delle pavimentazioni esterne.<\/li>\n<\/ul>\n\n\n\n<h2 class=\"wp-block-heading\"><strong>VANTAGGI<\/strong> <strong>DEI MICROPALI PRECARICATI<\/strong><\/h2>\n\n\n\n<p>Il consolidamento fondazioni con <a href=\"https:\/\/www.ingenio-web.it\/articoli\/pali-precaricati-systab-per-il-consolidamento-delle-fondazioni-con-micropali-a-bassa-invasivita\/\">micropali precaricati<\/a> stabilizzato il corpo scala definitivamente, sollevandolo e riavvicinandolo al corpo princiaple \u00a0La tecnica immediatamente attiva, in questo caso, ha permesso di ottenere un risultato finale sorprendente.<\/p>\n\n\n\n<p>I principali vantaggi dei <strong>Pali Precaricati SYStab <\/strong>in questo caso sono stati i seguenti:<\/p>\n\n\n\n<ul class=\"wp-block-list\">\n<li>rispetto alle metodologie classiche permette <strong>tempi di esecuzione molto pi\u00f9 veloci<\/strong>.<\/li>\n\n\n\n<li><strong>non viene estratto terreno e non si produce alcun materiale di risulta<\/strong>.<\/li>\n\n\n\n<li><strong>non vengono usati normalmente n\u00e9&nbsp;fanghi n\u00e9&nbsp;acqua<\/strong>&nbsp;(cantiere asciutto idoneo anche in ambienti stretti e interni).<\/li>\n\n\n\n<li>non si producono <strong>vibrazioni potenzialmente dannose per le strutture<\/strong>.<\/li>\n\n\n\n<li>la&nbsp;<strong>portata di ogni micropalo viene testata<\/strong>&nbsp;in corso d\u2019opera.<\/li>\n\n\n\n<li><strong>precarico per l\u2019annullamento dei cedimenti primari\u00a0<\/strong>per tutti i pali.<\/li>\n\n\n\n<li><strong>possibilit\u00e0 di sollevamenti e recupero dei fuori piombo, <\/strong>se la struttura lo consente (non sempre questa fase \u00e8 consigliabile e va valutata con attenzione con un bilancio dei rapporti costi benefici)<\/li>\n<\/ul>\n\n\n\n<h3 class=\"wp-block-heading has-text-align-center\">La tua casa presenta la stessa problematica? Contattaci per maggiori informazioni su questa Case History!<\/h3>\n\n\n\n<div class=\"wp-block-contact-form-7-contact-form-selector\">\n<div class=\"wpcf7 no-js\" id=\"wpcf7-f23-o1\" lang=\"it-IT\" dir=\"ltr\" data-wpcf7-id=\"23\">\n<div class=\"screen-reader-response\"><p role=\"status\" aria-live=\"polite\" aria-atomic=\"true\"><\/p> <ul><\/ul><\/div>\n<form action=\"\/en\/wp-json\/wp\/v2\/pages\/17136#wpcf7-f23-o1\" method=\"post\" class=\"wpcf7-form init cf7-style  wpcf7-acceptance-as-validation\" aria-label=\"Modulo di contatto\" novalidate=\"novalidate\" data-status=\"init\">\n<fieldset class=\"hidden-fields-container\"><input type=\"hidden\" name=\"_wpcf7\" value=\"23\" \/><input type=\"hidden\" name=\"_wpcf7_version\" value=\"6.1.4\" \/><input type=\"hidden\" name=\"_wpcf7_locale\" value=\"it_IT\" \/><input type=\"hidden\" name=\"_wpcf7_unit_tag\" value=\"wpcf7-f23-o1\" \/><input type=\"hidden\" name=\"_wpcf7_container_post\" value=\"0\" \/><input type=\"hidden\" name=\"_wpcf7_posted_data_hash\" value=\"\" \/><input type=\"hidden\" name=\"_wpcf7_recaptcha_response\" value=\"\" \/>\n<\/fieldset>\n<div class=\"vc_row\">\n\t<div class=\"vc_col-sm-6\">\n\t\t<p>Il tuo nome (richiesto)\n\t\t<\/p>\n\t\t<p><span class=\"wpcf7-form-control-wrap\" data-name=\"your-name\"><input size=\"40\" maxlength=\"400\" class=\"wpcf7-form-control wpcf7-text wpcf7-validates-as-required\" aria-required=\"true\" aria-invalid=\"false\" value=\"\" type=\"text\" name=\"your-name\" \/><\/span>\n\t\t<\/p>\n\t<\/div>\n\t<div class=\"vc_col-sm-6\">\n\t\t<p>La tua email (richiesto)\n\t\t<\/p>\n\t\t<p><span class=\"wpcf7-form-control-wrap\" data-name=\"your-email\"><input size=\"40\" maxlength=\"400\" class=\"wpcf7-form-control wpcf7-email wpcf7-validates-as-required wpcf7-text wpcf7-validates-as-email\" aria-required=\"true\" aria-invalid=\"false\" value=\"\" type=\"email\" name=\"your-email\" \/><\/span>\n\t\t<\/p>\n\t<\/div>\n<\/div>\n<div class=\"vc_row\">\n\t<div class=\"vc_col-sm-6\">\n\t\t<p>Provincia<br \/>\n<span class=\"wpcf7-form-control-wrap\" data-name=\"Provincia\"><input size=\"40\" maxlength=\"400\" class=\"wpcf7-form-control wpcf7-text\" aria-invalid=\"false\" value=\"\" type=\"text\" name=\"Provincia\" \/><\/span>\n\t\t<\/p>\n\t<\/div>\n\t<div class=\"vc_col-sm-6\">\n\t\t<p>Il Tuo Telefono (richiesto)<br \/>\n<span class=\"wpcf7-form-control-wrap\" data-name=\"Telefono\"><input size=\"40\" maxlength=\"400\" class=\"wpcf7-form-control wpcf7-tel wpcf7-validates-as-required wpcf7-text wpcf7-validates-as-tel\" aria-required=\"true\" aria-invalid=\"false\" value=\"\" type=\"tel\" name=\"Telefono\" \/><\/span>\n\t\t<\/p>\n\t<\/div>\n<\/div>\n<p>Il tuo messaggio\n<\/p>\n<p><span class=\"wpcf7-form-control-wrap\" data-name=\"your-message\"><textarea cols=\"40\" rows=\"5\" maxlength=\"2000\" class=\"wpcf7-form-control wpcf7-textarea\" aria-invalid=\"false\" name=\"your-message\"><\/textarea><\/span>\n<\/p>\n<p><span class=\"wpcf7-form-control-wrap\" data-name=\"Privacy\"><span class=\"wpcf7-form-control wpcf7-acceptance\"><span class=\"wpcf7-list-item\"><input type=\"checkbox\" name=\"Privacy\" value=\"1\" aria-invalid=\"false\" \/><\/span><\/span><\/span> Accetto la <a href=\"http:\/\/www.systab.it\/privacy\/\" target=\"_blank\">legge sulla privacy<\/a>\n<\/p>\n<p><span class=\"wpcf7-form-control-wrap\" data-name=\"checkbox-869\"><span class=\"wpcf7-form-control wpcf7-checkbox\"><span class=\"wpcf7-list-item first last\"><input type=\"checkbox\" name=\"checkbox-869[]\" value=\"Desidero iscrivermi alla vostra newsletter\" \/><span class=\"wpcf7-list-item-label\">Desidero iscrivermi alla vostra newsletter<\/span><\/span><\/span><\/span>\n<\/p>\n<p style=\"max-height:0px;\">&nbsp;\n<\/p>\n<p>[anr_nocaptcha g-recaptcha-response]\n<\/p>\n<p style=\"text-align:right; max-height:0px;\"><button class=\"wpcf7-form-control wpcf7-submit has-spinner et_pb_button et_pb_bg_layout_light\" type=\"submit\" value=\"Send\">Send<\/button>\n<\/p>\n<p style=\"max-height:0px;\">&nbsp;\n<\/p><div class=\"wpcf7-response-output\" aria-hidden=\"true\"><\/div>\n<\/form>\n<\/div>\n<\/div>\n","protected":false},"excerpt":{"rendered":"<p>Pali Precaricati per recuperare il cedimento di una scala in cemento armato in provincia di Parma<\/p>\n","protected":false},"author":2,"featured_media":17137,"parent":0,"menu_order":0,"comment_status":"closed","ping_status":"closed","template":"","meta":{"_et_pb_use_builder":"off","_et_pb_old_content":"<!-- wp:gallery {\"columns\":2,\"linkTo\":\"none\"} -->\n<figure class=\"wp-block-gallery has-nested-images columns-2 is-cropped\"><!-- wp:image {\"id\":16355,\"sizeSlug\":\"large\",\"linkDestination\":\"none\"} -->\n<figure class=\"wp-block-image size-large\"><img src=\"https:\/\/www.systab.it\/wp-content\/uploads\/2025\/06\/WhatsApp-Image-2024-07-30-at-16.09.43-1-1024x576.jpeg\" alt=\"\" class=\"wp-image-16355\"\/><figcaption class=\"wp-element-caption\">consolidamento con pali precaricati<\/figcaption><\/figure>\n<!-- \/wp:image -->\n\n<!-- wp:image {\"id\":16357,\"sizeSlug\":\"full\",\"linkDestination\":\"none\"} -->\n<figure class=\"wp-block-image size-full\"><img src=\"https:\/\/www.systab.it\/wp-content\/uploads\/2025\/06\/florea.jpg\" alt=\"\" class=\"wp-image-16357\"\/><figcaption class=\"wp-element-caption\">richiusura crepe tramite spinta con martinetti idraulici<\/figcaption><\/figure>\n<!-- \/wp:image --><\/figure>\n<!-- \/wp:gallery -->\n\n<!-- wp:paragraph -->\n<p><\/p>\n<!-- \/wp:paragraph -->\n\n<!-- wp:paragraph -->\n<p><\/p>\n<!-- \/wp:paragraph -->\n\n<!-- wp:paragraph -->\n<p><span style=\"color: #000000;\">PROBLEMATICA<\/span><\/p>\n<!-- \/wp:paragraph -->\n\n<!-- wp:paragraph -->\n<p>L'acqua \u00e8 quasi sempre responsabile dei dissesti connessi con il cedimento dei terreni e delle fondamenta. Infatti pu\u00f2 determinare dilavamenti e rammollimento del terreno quando avvengono delle copiose infiltrazioni. Allo stesso modo, nei <strong>terreni argillosi<\/strong>, pu\u00f2 causare cedimenti legati alla siccit\u00e0 che determina un essiccamento con riduzione di volume dei primi metri di terreno.<\/p>\n<!-- \/wp:paragraph -->\n\n<!-- wp:paragraph -->\n<p>E' quindi fondamentale eseguire una corretta regimazione delle acque e un controllo periodico degli scarichi. In questo caso parliamo di un'abitazione in provincia di Grosseto, che ha subito un importante cedimento dell'angolata, dovuto a una <strong>perdita d'acqua dalla fognatura pubblica<\/strong>. La prolungata infiltrazione d'acqua ha causato crepe a 45\u00b0 sui muri portanti e la conseguente inagibilit\u00e0 della casa. Un edificio di 2 piani interamente in muratura e sprovvisto di fondazioni in cemento armato.<\/p>\n<!-- \/wp:paragraph -->\n\n<!-- wp:paragraph -->\n<p><span style=\"color: #000000;\">SOLUZIONE E DESCRIZIONE INTERVENTO<\/span><\/p>\n<!-- \/wp:paragraph -->\n\n<!-- wp:paragraph -->\n<p>I Tecnici del Committente hanno valutato le possibili soluzioni per il consolidamento fondale, optando per la realizzazione di fondazioni profonde. Infatti in situazioni precarie come quella descritta i micropali rappresentano certamente la soluzione pi\u00f9 idonea e definitiva nel lungo periodo. Tra le metodologie prese in esame, l\u2019Ingegner Balducci si \u00e8 orientato sui <strong><a href=\"https:\/\/www.systab.it\/pali-precaricati-systab\/modalita-operative\/\">Pali Precaricati di SYStab<\/a><\/strong>, infatti questo tipo di micropalo presenta indubbi vantaggi rispetto ai micropali tradizionali<\/p>\n<!-- \/wp:paragraph -->\n\n<!-- wp:paragraph -->\n<p>L\u2019intervento si \u00e8 svolto secondo le seguenti fasi operative:<\/p>\n<!-- \/wp:paragraph -->\n\n<!-- wp:list -->\n<ul class=\"wp-block-list\"><!-- wp:list-item -->\n<li>scavo e realizzazione di un nuovo cordolo in c.a. collegato alle murature esistenti<\/li>\n<!-- \/wp:list-item -->\n\n<!-- wp:list-item -->\n<li>predisposizione di appositi tubi camicia all\u2019interno del cordolo stesso<\/li>\n<!-- \/wp:list-item -->\n\n<!-- wp:list-item -->\n<li>getto del nuovo cordolo di fondazione in c.a.<\/li>\n<!-- \/wp:list-item -->\n\n<!-- wp:list-item -->\n<li>attesa della maturazione del getto (circa 28 giorni)<\/li>\n<!-- \/wp:list-item -->\n\n<!-- wp:list-item -->\n<li>presso - infissione dei pali di piccolo diametro, con monitoraggio continuo delle pressioni di installazione, fino al raggiungimento delle portate\/profondit\u00e0 di progetto<\/li>\n<!-- \/wp:list-item -->\n\n<!-- wp:list-item -->\n<li>prove di carico secondo normativa per il collaudo della palificazione<\/li>\n<!-- \/wp:list-item -->\n\n<!-- wp:list-item -->\n<li>precarico di ogni palo con pressioni superiori a quelle di esercizio e sollevamento qualora la struttura lo renda possibile e ne abbia necessit\u00e0 come in questo caso<\/li>\n<!-- \/wp:list-item -->\n\n<!-- wp:list-item -->\n<li>fissaggio finale di tutti i pali al collare dei tubi camicia<\/li>\n<!-- \/wp:list-item -->\n\n<!-- wp:list-item -->\n<li>rinterro e conseguente ripristino delle pavimentazioni esterne.<\/li>\n<!-- \/wp:list-item --><\/ul>\n<!-- \/wp:list -->\n\n<!-- wp:paragraph -->\n<p>VANTAGGI<\/p>\n<!-- \/wp:paragraph -->\n\n<!-- wp:paragraph -->\n<p>Il consolidamento fondazioni con <a href=\"https:\/\/www.ingenio-web.it\/articoli\/pali-precaricati-systab-per-il-consolidamento-delle-fondazioni-con-micropali-a-bassa-invasivita\/\">micropali precaricati<\/a> stabilizzato l'angolata ammalorata, ridando la necessaria sicurezza e permettendo il ripristino delle crepe nei muri. \u00a0La tecnica immediatamente attiva, in questo caso, ha permesso anche di ridurre l\u2019entit\u00e0 delle crepe con sollevamento controllato.<\/p>\n<!-- \/wp:paragraph -->\n\n<!-- wp:paragraph -->\n<p>I principali vantaggi dei Pali Precaricati in questo caso sono stati i seguenti:<\/p>\n<!-- \/wp:paragraph -->\n\n<!-- wp:list -->\n<ul class=\"wp-block-list\"><!-- wp:list-item -->\n<li>rispetto alle metodologie classiche permette<strong> tempi di esecuzione molto rapidi\u00a0<\/strong><\/li>\n<!-- \/wp:list-item -->\n\n<!-- wp:list-item -->\n<li><strong>non produce materiale di risulta di alcun tipo<\/strong><\/li>\n<!-- \/wp:list-item -->\n\n<!-- wp:list-item -->\n<li><strong>non vengono usati normalmente n\u00e9\u00a0fanghi n\u00e9\u00a0acqua<\/strong>\u00a0(cantiere asciutto idoneo anche in ambienti stretti e interni)<\/li>\n<!-- \/wp:list-item -->\n\n<!-- wp:list-item -->\n<li>non genera <strong>vibrazioni dannosa per le sovrastrutture<\/strong><\/li>\n<!-- \/wp:list-item -->\n\n<!-- wp:list-item -->\n<li>la\u00a0<strong>portata di ogni micropalo viene testata<\/strong>\u00a0in corso d\u2019opera<\/li>\n<!-- \/wp:list-item -->\n\n<!-- wp:list-item -->\n<li><strong>precarico per l\u2019annullamento dei cedimenti primari\u00a0<\/strong>per tutti i pali<\/li>\n<!-- \/wp:list-item -->\n\n<!-- wp:list-item -->\n<li><strong>possibilit\u00e0 di sollevamenti e recupero dei fuori piombo ,<\/strong>se la struttura lo consente e ne ha necessit\u00e0.<\/li>\n<!-- \/wp:list-item --><\/ul>\n<!-- \/wp:list -->\n\n<!-- wp:paragraph -->\n<p>Contattaci per maggiori informazioni su questa Case History<\/p>\n<!-- \/wp:paragraph -->\n\n<!-- wp:contact-form-7\/contact-form-selector {\"id\":23,\"title\":\"CONTATTACI PER MAGGIORI INFORMAZIONI SU QUESTA CASE HISTORY\"} -->\n<div class=\"wp-block-contact-form-7-contact-form-selector\">[contact-form-7 id=\"23\" title=\"CONTATTACI PER MAGGIORI INFORMAZIONI SU QUESTA CASE HISTORY\"]<\/div>\n<!-- \/wp:contact-form-7\/contact-form-selector -->","_et_gb_content_width":"","footnotes":""},"class_list":["post-17136","page","type-page","status-publish","has-post-thumbnail","hentry"],"_links":{"self":[{"href":"https:\/\/www.systab.it\/en\/wp-json\/wp\/v2\/pages\/17136","targetHints":{"allow":["GET"]}}],"collection":[{"href":"https:\/\/www.systab.it\/en\/wp-json\/wp\/v2\/pages"}],"about":[{"href":"https:\/\/www.systab.it\/en\/wp-json\/wp\/v2\/types\/page"}],"author":[{"embeddable":true,"href":"https:\/\/www.systab.it\/en\/wp-json\/wp\/v2\/users\/2"}],"replies":[{"embeddable":true,"href":"https:\/\/www.systab.it\/en\/wp-json\/wp\/v2\/comments?post=17136"}],"version-history":[{"count":4,"href":"https:\/\/www.systab.it\/en\/wp-json\/wp\/v2\/pages\/17136\/revisions"}],"predecessor-version":[{"id":17143,"href":"https:\/\/www.systab.it\/en\/wp-json\/wp\/v2\/pages\/17136\/revisions\/17143"}],"wp:featuredmedia":[{"embeddable":true,"href":"https:\/\/www.systab.it\/en\/wp-json\/wp\/v2\/media\/17137"}],"wp:attachment":[{"href":"https:\/\/www.systab.it\/en\/wp-json\/wp\/v2\/media?parent=17136"}],"curies":[{"name":"wp","href":"https:\/\/api.w.org\/{rel}","templated":true}]}}