{"id":15713,"date":"2025-01-29T17:27:27","date_gmt":"2025-01-29T16:27:27","guid":{"rendered":"https:\/\/www.systab.it\/?page_id=15713"},"modified":"2026-02-16T11:50:33","modified_gmt":"2026-02-16T10:50:33","slug":"cedimento-fondazioni-condominio-sicilia-resine-espandenti-ag","status":"publish","type":"page","link":"https:\/\/www.systab.it\/en\/cedimento-fondazioni-condominio-sicilia-resine-espandenti-ag\/","title":{"rendered":"(Italiano) Cedimento fondazioni di un condominio in Sicilia: risolto con resine a lenta espansione"},"content":{"rendered":"<p class=\"qtranxs-available-languages-message qtranxs-available-languages-message-en\">Sorry, this entry is only available in <a href=\"https:\/\/www.systab.it\/it\/wp-json\/wp\/v2\/pages\/15713\" class=\"qtranxs-available-language-link qtranxs-available-language-link-it\" title=\"Italiano\">Italiano<\/a>.<\/p>","protected":false},"excerpt":{"rendered":"<p>Sorry, this entry is only available in Italiano.<\/p>\n","protected":false},"author":2,"featured_media":15717,"parent":0,"menu_order":0,"comment_status":"closed","ping_status":"closed","template":"","meta":{"_et_pb_use_builder":"on","_et_pb_old_content":"(Italiano) [gallery columns=\"4\" link=\"none\" ids=\"15714,15715,15716,15717\"]\n<h2><b>Consolidamento di un Condominio a San Leone (AGRIGENTO)<\/b><\/h2>\nSi tratta di un Condominio oggetto di SuperBonus nel 2023 e sito a San Leone (AG) in Sicilia.\n\nL'edificio oltre agli interventi di efficientamento energetico, ha avuto bisogno di interventi strutturali in quanto oggetto di cedimenti differenziali delle fondazioni. La presenza di terreni con scarse caratteristiche di resistenza geomeccanica, ha provocato nel corso degli anni diversi cedimenti e conseguenti crepe nei muri e nelle pavimentazioni die vari livelli.\n\nI tecnici della Committenza, dopo aver esaminato tutte le possibili tecniche di consolidamento delle fondazioni, hanno optato per quella meno invasiva ovvero le iniezioni di resine espandenti nel terreno al di sotto delle fondamenta.\n<h2><b>Consolidamento delle fondazioni di condomini ed edifici multipiano - La soluzione di SYStab<\/b><\/h2>\nIn questo caso era necessario intervenire su tutto il perimetro della struttura, mentre non \u00e8 stato previsto nessun intervento sui pilastri e murature interne. Proprio per non creare irrigidimenti parziali e per assicurare un intervento pi\u00f9 rapido e meno costo, si \u00e8 optato per l'intervento con iniezione di resine espandenti. Questo tipo di tecnica infatti pu\u00f2 essere eseguita attraverso perforazioni di soli 25 mm, alla base delle strutture da consolidare. Inoltre l'opera ha solo lo scopo di migliorare le caratteristiche geotecniche del terreno e non comporta modifiche strutturali dell'edificio, ovviando al rischio molto frequente (con altre tecniche tipo micropali) di generare cedimenti differenziali sulle zone non consolidate del manufatto. Quindi una volta individuata la presenza e la posizione di eventuali sottoservizi e verificate le caratteristiche iniziali del terreno di fondazione (con prove penetrometriche pre - iniezione) si pu\u00f2 procedere al consolidamento vero e proprio.\n\nIn questo caso l'intervento \u00e8 stato eseguito su tutto il perimetro del condominio ma non sui setti portanti interni.\n\nLa tecnologia SYStab \u00e8 stata preferita inquanto impiega abitualmente, secondo necessit\u00e0, iniezioni con due tipologie diverse di resine a lenta espansione:\n<ul>\n \t<li><strong>resine ad elevata densit\u00e0 HD:<\/strong> ottimali per riempimento dei vuoti pi\u00f9 importanti e per mantenere elevate caratteristiche meccaniche e controllo della diffusione nel terreno;<\/li>\n \t<li><strong>resine ad alto potere di espansione<\/strong>: impiegate nella seconda fase per ottenere spinte di compattazione elevate ed avere una diffusione elevata della resina nel terreno, anche in presenza di vuoti microscopici<\/li>\n<\/ul>\n<h2><b>Consolidamento fondazioni di condomini - I vantaggi delle resine SYStab<\/b><\/h2>\nL\u2019intervento in oggetto \u00e8 durato circa 4 giorni ed ha consentito il consolidamento di 60 metri lineari di muratura.\n\nI vantaggi principali di questo intervento sono:\n<ul>\n \t<li><strong>tempi di esecuzione molto veloci<\/strong><\/li>\n \t<li><strong>tecnica immediatamente attiva<\/strong> che d\u00e0 immediato beneficio alla struttura riattivando tutta l'impronta fondale<\/li>\n \t<li><strong>nessuna necessit\u00e0 di scavi o demolizioni<\/strong><\/li>\n \t<li><strong>cantiere ad impatto zero<\/strong>.<\/li>\n<\/ul>\nAL termine delle iniezioni sono state ripetute delle prove geognostiche (penetrometrie post-iniezione) al fine di verificare i miglioramenti geotecnici ottenuti e collaudare l'intervento che sar\u00e0 garantito normalmente per 10 anni.\n\nPer maggiori informazioni su questa Case History:\n\n[contact-form-7 id=\"23\" title=\"CONTATTACI PER MAGGIORI INFORMAZIONI SU QUESTA CASE HISTORY\"]","_et_gb_content_width":"","footnotes":""},"class_list":["post-15713","page","type-page","status-publish","has-post-thumbnail","hentry"],"_links":{"self":[{"href":"https:\/\/www.systab.it\/en\/wp-json\/wp\/v2\/pages\/15713","targetHints":{"allow":["GET"]}}],"collection":[{"href":"https:\/\/www.systab.it\/en\/wp-json\/wp\/v2\/pages"}],"about":[{"href":"https:\/\/www.systab.it\/en\/wp-json\/wp\/v2\/types\/page"}],"author":[{"embeddable":true,"href":"https:\/\/www.systab.it\/en\/wp-json\/wp\/v2\/users\/2"}],"replies":[{"embeddable":true,"href":"https:\/\/www.systab.it\/en\/wp-json\/wp\/v2\/comments?post=15713"}],"version-history":[{"count":8,"href":"https:\/\/www.systab.it\/en\/wp-json\/wp\/v2\/pages\/15713\/revisions"}],"predecessor-version":[{"id":16935,"href":"https:\/\/www.systab.it\/en\/wp-json\/wp\/v2\/pages\/15713\/revisions\/16935"}],"wp:featuredmedia":[{"embeddable":true,"href":"https:\/\/www.systab.it\/en\/wp-json\/wp\/v2\/media\/15717"}],"wp:attachment":[{"href":"https:\/\/www.systab.it\/en\/wp-json\/wp\/v2\/media?parent=15713"}],"curies":[{"name":"wp","href":"https:\/\/api.w.org\/{rel}","templated":true}]}}