{"id":15368,"date":"2024-06-20T15:22:48","date_gmt":"2024-06-20T13:22:48","guid":{"rendered":"https:\/\/www.systab.it\/?page_id=15368"},"modified":"2024-06-20T16:58:33","modified_gmt":"2024-06-20T14:58:33","slug":"consolidamento-ex-monastero-con-resine-pali-precaricati","status":"publish","type":"page","link":"https:\/\/www.systab.it\/en\/consolidamento-ex-monastero-con-resine-pali-precaricati\/","title":{"rendered":"CONSOLIDAMENTO CON PALI PRECARICATI E RESINE DI UN EX MONASTERO"},"content":{"rendered":"\n\t\t<style type=\"text\/css\">\n\t\t\t#gallery-1 {\n\t\t\t\tmargin: auto;\n\t\t\t}\n\t\t\t#gallery-1 .gallery-item {\n\t\t\t\tfloat: left;\n\t\t\t\tmargin-top: 10px;\n\t\t\t\ttext-align: center;\n\t\t\t\twidth: 25%;\n\t\t\t}\n\t\t\t#gallery-1 img {\n\t\t\t\tborder: 2px solid #cfcfcf;\n\t\t\t}\n\t\t\t#gallery-1 .gallery-caption {\n\t\t\t\tmargin-left: 0;\n\t\t\t}\n\t\t\t\/* see gallery_shortcode() in wp-includes\/media.php *\/\n\t\t<\/style>\n\t\t<div id='gallery-1' class='gallery galleryid-15368 gallery-columns-4 gallery-size-medium'><dl class='gallery-item'>\n\t\t\t<dt class='gallery-icon portrait'>\n\t\t\t\t<img loading=\"lazy\" decoding=\"async\" width=\"264\" height=\"300\" src=\"https:\/\/www.systab.it\/wp-content\/uploads\/2024\/06\/monastero-1-264x300.jpg\" class=\"attachment-medium size-medium\" alt=\"\" srcset=\"https:\/\/www.systab.it\/wp-content\/uploads\/2024\/06\/monastero-1-264x300.jpg 264w, https:\/\/www.systab.it\/wp-content\/uploads\/2024\/06\/monastero-1.jpg 439w\" sizes=\"auto, (max-width: 264px) 100vw, 264px\" \/>\n\t\t\t<\/dt><\/dl><dl class='gallery-item'>\n\t\t\t<dt class='gallery-icon portrait'>\n\t\t\t\t<img loading=\"lazy\" decoding=\"async\" width=\"224\" height=\"300\" src=\"https:\/\/www.systab.it\/wp-content\/uploads\/2024\/06\/monastero-2-224x300.jpg\" class=\"attachment-medium size-medium\" alt=\"\" srcset=\"https:\/\/www.systab.it\/wp-content\/uploads\/2024\/06\/monastero-2-224x300.jpg 224w, https:\/\/www.systab.it\/wp-content\/uploads\/2024\/06\/monastero-2.jpg 427w\" sizes=\"auto, (max-width: 224px) 100vw, 224px\" \/>\n\t\t\t<\/dt><\/dl><dl class='gallery-item'>\n\t\t\t<dt class='gallery-icon portrait'>\n\t\t\t\t<img loading=\"lazy\" decoding=\"async\" width=\"256\" height=\"300\" src=\"https:\/\/www.systab.it\/wp-content\/uploads\/2024\/06\/monastero-3-256x300.jpg\" class=\"attachment-medium size-medium\" alt=\"\" srcset=\"https:\/\/www.systab.it\/wp-content\/uploads\/2024\/06\/monastero-3-256x300.jpg 256w, https:\/\/www.systab.it\/wp-content\/uploads\/2024\/06\/monastero-3.jpg 455w\" sizes=\"auto, (max-width: 256px) 100vw, 256px\" \/>\n\t\t\t<\/dt><\/dl>\n\t\t\t<br style='clear: both' \/>\n\t\t<\/div>\n\n<h2><strong>PROBLEMATICA<\/strong><\/h2>\n<p>Normalmente si opta per una o l&#8217;altra tecnologia di consolidamento, capita per\u00f2 che in alcuni casi specifici si possa intervenire in modo combinato con <strong>Pali Precaricati e Iniezioni di resine a densit\u00e0 differenziata<\/strong>.<\/p>\n<p>Parliamo in questo caso di una struttura interamente in pietra, interessata da un cedimento differenziale di una porzione limitata delle fondazioni.<\/p>\n<p>Si sono dovute utilizzare entrambe le suddette tecniche di consolidamento:<\/p>\n<ul>\n<li>consolidare il nodo terreno &#8211; fondazione con <strong>iniezioni di <span style=\"font-size: 11.0pt; font-family: 'Montserrat Light'; color: black;\"><a href=\"https:\/\/www.systab.it\/iniezione-resine-espandenti\/\">resine espandenti a densit\u00e0 differenziata<\/a><\/span><\/strong>, come opera d\u2019urgenza per evitare il peggioramento del cedimento;<\/li>\n<li>consolidare successivamente con <span style=\"font-size: 11.0pt; font-family: 'Montserrat Light'; color: black;\"><b><a href=\"https:\/\/www.systab.it\/pali-precaricati-systab\/modalita-operative\/\">Pali Precaricati di SYStab<\/a><\/b><\/span><strong>\u00a0<\/strong>collegati con nuovo cordolo di fondazione per garantire un definitivo assestamento del fabbricato.<\/li>\n<\/ul>\n<h2><strong>SOLUZIONE E DESCRIZIONE INTERVENTO<\/strong><\/h2>\n<p>I Tecnici della Committenza hanno vagliato tutte le possibili tecnologie di <strong>consolidamento delle fondazioni<\/strong>, orientandosi per\u00f2 fin da subito su fondazioni profonde. I <strong>Pali Precaricati di SYStab<\/strong>, sono stati ritenuti idonei vista la necessit\u00e0 di operare anche dal piano interrato con altezze ridotte. Prima per\u00f2 di eseguire le<strong> opere di palificazione<\/strong> si \u00e8 deciso di realizzare una serie di <strong>iniezioni di resine espandenti a densit\u00e0 differenziata<\/strong>, operando su entrambi i lati della muratura visti gli spessori notevoli dei <strong>setti da consolidare<\/strong>. L\u2019intervento preliminare con <strong>resine<\/strong> aveva lo scopo di:<\/p>\n<ul>\n<li>recuperare in parte gli <strong>abbassamenti<\/strong> considerevoli di quel tratto della facciata;<\/li>\n<li>evitare che il <strong>cedimento<\/strong> peggiorasse ulteriormente nel periodo necessario per depositare il progetto e realizzare i <strong>cordoli di fondazione<\/strong> per collegare i <strong>micropali<\/strong>;<\/li>\n<li>poter eseguire gli scavi in sicurezza per la realizzazione dei suddetti cordoli in c.a. indispensabili all\u2019installazione dei <strong>pali precaricati<\/strong>.<\/li>\n<\/ul>\n<p>Ecco le otto fasi operative di cui si \u00e8 composto l&#8217;<strong>intervento di consolidamento fondazioni<\/strong>:<\/p>\n<ul>\n<li><strong>iniezioni di resine<\/strong> nel terreno eseguite da entrambi i lati della muratura (esterno e piano interrato);<\/li>\n<li>esecuzione di <strong>prove penetrometriche<\/strong> dinamiche pre e post<strong> iniezione<\/strong> per la verifica dei risultati ottenuti;<\/li>\n<li>scavo per realizzazione di un <strong>nuovo cordolo<\/strong> in cemento armato, solidarizzato alle <strong>murature<\/strong> esistenti sia dall\u2019esterno che dall\u2019interno (zona interrata);<\/li>\n<li>predisposizione di idonei tubi camicia all\u2019interno del cordolo;<\/li>\n<li>getto del nuovo cordolo in c.a.;<\/li>\n<li>maturazione del getto in c.a. (circa 28 giorni);<\/li>\n<li><strong>infissione dei pali<\/strong> con monitoraggio continuo delle pressioni di installazione, fino al raggiungimento delle portate\/profondit\u00e0 di progetto;<\/li>\n<li><strong>precarico<\/strong> eseguito su ogni palo con pressioni superiori a quelle di esercizio finali.<\/li>\n<\/ul>\n<p><span style=\"font-size: revert;\">Infine, ancoraggio definitivo dei <strong>micropali<\/strong> al collare dei tubi camicia.<\/span><\/p>\n<h2><strong>TEMPISTICHE E VANTAGGI RISPETTO A TECNICHE TRADIZIONALI<\/strong><\/h2>\n<p>Il <strong>consolidamento fondazioni<\/strong> con <strong>micropali precaricati<\/strong> ha permesso di stabilizzare definitivamente la facciata dissestata, ridando sicurezza e permettendo il ripristino delle <a href=\"https:\/\/www.systab.it\/diagnosticare-il-problema\/?gad_source=1&amp;gclid=CjwKCAjwps-zBhAiEiwALwsVYeeQuv-m6zAJ8IoQgmKV8gwDgN5knR109Q-ERqFcqRbR6oYztDcVrBoCcvoQAvD_BwE\"><strong>crepe nei muri<\/strong><\/a>. \u00a0Le resine sono servite a garantire che la situazione non degenerasse e che gli scavi per i nuovi cordoli potessero essere realizzati in sicurezza.<\/p>\n<p>Il <strong>consolidamento con Pali Precaricati<\/strong> ha svariati vantaggi che la caratterizzano rispetto alle tradizionali tecniche e abbinata alle <strong>iniezioni di resina<\/strong> permette di risolvere la stragrande maggioranza dei dissesti:<\/p>\n<ul>\n<li><strong>ridurre i tempi di realizzazione se<\/strong> confrontati metodologie classiche;<\/li>\n<li><strong>non produce detriti di risulta;<\/strong><\/li>\n<li><strong>possibilit\u00e0 di operare in locali e ambienti ad altezze ridotte<\/strong> (possono bastare 150 cm di altezza);<\/li>\n<li><strong>non sono normalmente usati n\u00e9 fanghi n\u00e9 acqua<\/strong>(cantiere asciutto idoneo anche in ambienti stretti e interni);<\/li>\n<li>non produce\u00a0alcuna <strong>vibrazione dannosa per le sovrastrutture;<\/strong><\/li>\n<li>la\u00a0<strong>portata di ogni micropalo viene testata <\/strong>in corso d\u2019opera;<\/li>\n<li><strong>precarico per l\u2019annullamento dei cedimenti primari\u00a0<\/strong>per tutti i pali;<\/li>\n<li><strong>possibilit\u00e0 di sollevamenti e recupero della planarit\u00e0 <\/strong>se la struttura lo consente.<\/li>\n<\/ul>\n<p>Contattaci per maggiori informazioni su questa <strong>Case History<\/strong>!<\/p>\n\n<div class=\"wpcf7 no-js\" id=\"wpcf7-f23-o1\" lang=\"it-IT\" dir=\"ltr\" data-wpcf7-id=\"23\">\n<div class=\"screen-reader-response\"><p role=\"status\" aria-live=\"polite\" aria-atomic=\"true\"><\/p> <ul><\/ul><\/div>\n<form action=\"\/en\/wp-json\/wp\/v2\/pages\/15368#wpcf7-f23-o1\" method=\"post\" class=\"wpcf7-form init cf7-style  wpcf7-acceptance-as-validation\" aria-label=\"Modulo di contatto\" novalidate=\"novalidate\" data-status=\"init\">\n<fieldset class=\"hidden-fields-container\"><input type=\"hidden\" name=\"_wpcf7\" value=\"23\" \/><input type=\"hidden\" name=\"_wpcf7_version\" value=\"6.1.4\" \/><input type=\"hidden\" name=\"_wpcf7_locale\" value=\"it_IT\" \/><input type=\"hidden\" name=\"_wpcf7_unit_tag\" value=\"wpcf7-f23-o1\" \/><input type=\"hidden\" name=\"_wpcf7_container_post\" value=\"0\" \/><input type=\"hidden\" name=\"_wpcf7_posted_data_hash\" value=\"\" \/><input type=\"hidden\" name=\"_wpcf7_recaptcha_response\" value=\"\" \/>\n<\/fieldset>\n<div class=\"vc_row\">\n\t<div class=\"vc_col-sm-6\">\n\t\t<p>Il tuo nome (richiesto)\n\t\t<\/p>\n\t\t<p><span class=\"wpcf7-form-control-wrap\" data-name=\"your-name\"><input size=\"40\" maxlength=\"400\" class=\"wpcf7-form-control wpcf7-text wpcf7-validates-as-required\" aria-required=\"true\" aria-invalid=\"false\" value=\"\" type=\"text\" name=\"your-name\" \/><\/span>\n\t\t<\/p>\n\t<\/div>\n\t<div class=\"vc_col-sm-6\">\n\t\t<p>La tua email (richiesto)\n\t\t<\/p>\n\t\t<p><span class=\"wpcf7-form-control-wrap\" data-name=\"your-email\"><input size=\"40\" maxlength=\"400\" class=\"wpcf7-form-control wpcf7-email wpcf7-validates-as-required wpcf7-text wpcf7-validates-as-email\" aria-required=\"true\" aria-invalid=\"false\" value=\"\" type=\"email\" name=\"your-email\" \/><\/span>\n\t\t<\/p>\n\t<\/div>\n<\/div>\n<div class=\"vc_row\">\n\t<div class=\"vc_col-sm-6\">\n\t\t<p>Provincia<br \/>\n<span class=\"wpcf7-form-control-wrap\" data-name=\"Provincia\"><input size=\"40\" maxlength=\"400\" class=\"wpcf7-form-control wpcf7-text\" aria-invalid=\"false\" value=\"\" type=\"text\" name=\"Provincia\" \/><\/span>\n\t\t<\/p>\n\t<\/div>\n\t<div class=\"vc_col-sm-6\">\n\t\t<p>Il Tuo Telefono (richiesto)<br \/>\n<span class=\"wpcf7-form-control-wrap\" data-name=\"Telefono\"><input size=\"40\" maxlength=\"400\" class=\"wpcf7-form-control wpcf7-tel wpcf7-validates-as-required wpcf7-text wpcf7-validates-as-tel\" aria-required=\"true\" aria-invalid=\"false\" value=\"\" type=\"tel\" name=\"Telefono\" \/><\/span>\n\t\t<\/p>\n\t<\/div>\n<\/div>\n<p>Il tuo messaggio\n<\/p>\n<p><span class=\"wpcf7-form-control-wrap\" data-name=\"your-message\"><textarea cols=\"40\" rows=\"5\" maxlength=\"2000\" class=\"wpcf7-form-control wpcf7-textarea\" aria-invalid=\"false\" name=\"your-message\"><\/textarea><\/span>\n<\/p>\n<p><span class=\"wpcf7-form-control-wrap\" data-name=\"Privacy\"><span class=\"wpcf7-form-control wpcf7-acceptance\"><span class=\"wpcf7-list-item\"><input type=\"checkbox\" name=\"Privacy\" value=\"1\" aria-invalid=\"false\" \/><\/span><\/span><\/span> Accetto la <a href=\"http:\/\/www.systab.it\/privacy\/\" target=\"_blank\">legge sulla privacy<\/a>\n<\/p>\n<p><span class=\"wpcf7-form-control-wrap\" data-name=\"checkbox-869\"><span class=\"wpcf7-form-control wpcf7-checkbox\"><span class=\"wpcf7-list-item first last\"><input type=\"checkbox\" name=\"checkbox-869[]\" value=\"Desidero iscrivermi alla vostra newsletter\" \/><span class=\"wpcf7-list-item-label\">Desidero iscrivermi alla vostra newsletter<\/span><\/span><\/span><\/span>\n<\/p>\n<p style=\"max-height:0px;\">&nbsp;\n<\/p>\n<p>[anr_nocaptcha g-recaptcha-response]\n<\/p>\n<p style=\"text-align:right; max-height:0px;\"><button class=\"wpcf7-form-control wpcf7-submit has-spinner et_pb_button et_pb_bg_layout_light\" type=\"submit\" value=\"Send\">Send<\/button>\n<\/p>\n<p style=\"max-height:0px;\">&nbsp;\n<\/p><div class=\"wpcf7-response-output\" aria-hidden=\"true\"><\/div>\n<\/form>\n<\/div>\n\n","protected":false},"excerpt":{"rendered":"<p>L\u2019intervento ha interessato un ex monastero sito nella provincia di Arezzo, in zona collinare<\/p>\n","protected":false},"author":2,"featured_media":15369,"parent":0,"menu_order":0,"comment_status":"closed","ping_status":"closed","template":"","meta":{"_et_pb_use_builder":"off","_et_pb_old_content":"[gallery size=\"medium\" columns=\"4\" link=\"none\" ids=\"14838,14839,14840\"]\n\n<strong>PROBLEMATICA<\/strong>\n\nDi Norma scegliamo una tecnologia di consolidamento che ottimizzi il rapporto risultato \u2013 costi \u2013 bassa invasivit\u00e0 e si procede con lo stesso sistema su tutto il fabbricato da consolidare. Pu\u00f2 succedere per\u00f2 che per ridurre i costi o non intervenire in modo invasivo sui muri interni, si opti per soluzioni miste.\n\nIn questa case history si \u00e8 deciso di:\n<ul>\n \t<li>consolidare l\u2019angolo a valle, interessato dai cedimenti maggiori, con <strong>Pali Precaricati <\/strong>impostati su un nuovo cordolo di fondazione<\/li>\n \t<li>consolidare il nodo terreno - fondazione di tutto il resto della struttura con <strong>iniezioni di resina a lenta espansione<\/strong>.<\/li>\n<\/ul>\nSi tratta di un mini condominio composto da 2 unit\u00e0 abitative e situato sulle splendide colline di Rignano sull\u2019Arno in provincia di Firenze.\n\nL\u2019edificio \u00e8 realizzato in muratura di mattoni e sasso e\u00a0 ha subito un importante dissesto dovuto a cedimenti differenziali del terreno. Il cedimento pi\u00f9 evidente si \u00e8 verificato nell\u2019angolato sud, con tipiche lesioni a 45\u00b0 passanti su entrambi i lati. Per\u00f2 un po' tutta la struttura ha subito movimenti seppur pi\u00f9 lievi, che hanno danneggiato sia i muri interni che pavimentazione e solai, interessati da diverse crepe e fessurazioni.\n\n<strong>SOLUZIONE E DESCRIZIONE INTERVENTO<\/strong>\n<p style=\"text-align: justify; line-height: 19.9pt; background: white; vertical-align: baseline; margin: 0cm 0cm 15.0pt 0cm;\"><span style=\"font-size: 11.0pt; font-family: 'Montserrat Light'; color: black;\">I Tecnici incaricati hanno valutato tutte le possibili tecnologie di consolidamento delle fondazioni, orientandosi per\u00f2 fin da subito su fondazioni profonde. Infatti in situazioni geotecniche dove i cedimenti interessano strati di terreno molto importanti, i micropali rappresentano certamente la soluzione pi\u00f9 sicura. Tra le varie metodologie gli Ingegneri si sono orientati sui <b><a href=\"https:\/\/www.systab.it\/pali-precaricati-systab\/modalita-operative\/\">Pali Precaricati di SYStab<\/a><\/b>, infatti questa tipologia di micropalo presenta indubbi vantaggi rispetto ai metodi di palificazione tradizionali. Visto che l\u2019intervento risultava troppo invasivo per operare sui muri interni si \u00e8 deciso di combinare i micropali con le iniezioni di <a href=\"https:\/\/www.systab.it\/iniezione-resine-espandenti\/\">resine espandenti a densit\u00e0 differenziata<\/a>. <\/span><\/p>\n<strong>TEMPISTICHE E VANTAGGI RISPETTO A TECNICHE TRADIZIONALI<\/strong>\n\nIl consolidamento eseguito con micropali precaricati ha permesso di stabilizzare l\u2019angolo interessato dai cedimenti maggiori, ridando sicurezza e permettendo il ripristino delle crepe nei muri. \u00a0Questa metodologia di consolidamento ha svariati vantaggi che la caratterizzano rispetto alle tecniche tradizionali e abbinata alle iniezioni di resina permette di risolvere la stragrande maggioranza dei dissesti:\n<ul>\n \t<li><strong>tempi di messa in opera molto rapidi\u00a0<\/strong>rispetto alle metodologie classiche<\/li>\n \t<li><strong>non produce alcun materiale di risulta<\/strong><\/li>\n \t<li><strong>non vengono impiegati normalmente n\u00e9\u00a0fanghi n\u00e9\u00a0acqua<\/strong>(cantiere asciutto idoneo anche in ambienti stretti e interni)<\/li>\n \t<li>non produce\u00a0alcuna <strong>vibrazione dannosa per le sovrastrutture<\/strong><\/li>\n \t<li>la\u00a0<strong>portata di ogni micropalo viene testata<\/strong>in corso d\u2019opera<\/li>\n \t<li><strong>precarico per l\u2019annullamento dei cedimenti primari\u00a0<\/strong>per tutti i pali<\/li>\n \t<li><strong>possibilit\u00e0 di sollevamenti e recupero della planarit\u00e0 <\/strong>se la struttura lo consente e ne ha necessit\u00e0.<\/li>\n<\/ul>\nconsolidamento con l\u2019esecuzione di prove di collaudo pre e post iniezione ha richiesto due giorni e non sono stati necessari scavi ne opere preparatorie.\n\nContattaci per maggiori informazioni su questa Case History\n\n[contact-form-7 id=\"23\" title=\"CONTATTACI PER MAGGIORI INFORMAZIONI SU QUESTA CASE HISTORY\"]","_et_gb_content_width":"","footnotes":""},"class_list":["post-15368","page","type-page","status-publish","has-post-thumbnail","hentry"],"_links":{"self":[{"href":"https:\/\/www.systab.it\/en\/wp-json\/wp\/v2\/pages\/15368","targetHints":{"allow":["GET"]}}],"collection":[{"href":"https:\/\/www.systab.it\/en\/wp-json\/wp\/v2\/pages"}],"about":[{"href":"https:\/\/www.systab.it\/en\/wp-json\/wp\/v2\/types\/page"}],"author":[{"embeddable":true,"href":"https:\/\/www.systab.it\/en\/wp-json\/wp\/v2\/users\/2"}],"replies":[{"embeddable":true,"href":"https:\/\/www.systab.it\/en\/wp-json\/wp\/v2\/comments?post=15368"}],"version-history":[{"count":6,"href":"https:\/\/www.systab.it\/en\/wp-json\/wp\/v2\/pages\/15368\/revisions"}],"predecessor-version":[{"id":15379,"href":"https:\/\/www.systab.it\/en\/wp-json\/wp\/v2\/pages\/15368\/revisions\/15379"}],"wp:featuredmedia":[{"embeddable":true,"href":"https:\/\/www.systab.it\/en\/wp-json\/wp\/v2\/media\/15369"}],"wp:attachment":[{"href":"https:\/\/www.systab.it\/en\/wp-json\/wp\/v2\/media?parent=15368"}],"curies":[{"name":"wp","href":"https:\/\/api.w.org\/{rel}","templated":true}]}}