{"id":14915,"date":"2023-08-24T11:26:38","date_gmt":"2023-08-24T09:26:38","guid":{"rendered":"https:\/\/www.systab.it\/?page_id=14915"},"modified":"2026-02-17T10:15:48","modified_gmt":"2026-02-17T09:15:48","slug":"consolidamento-fondazioni-bassa-pianura-ferrarese","status":"publish","type":"page","link":"https:\/\/www.systab.it\/en\/consolidamento-fondazioni-bassa-pianura-ferrarese\/","title":{"rendered":"Consolidamento fondazioni di una abitazione nel Basso Ferrarese"},"content":{"rendered":"<p>[et_pb_section fb_built=&#8221;1&#8243; _builder_version=&#8221;4.16&#8243; global_colors_info=&#8221;{}&#8221;][et_pb_row column_structure=&#8221;1_2,1_2&#8243; _builder_version=&#8221;4.17.1&#8243; _module_preset=&#8221;default&#8221; global_colors_info=&#8221;{}&#8221;][et_pb_column type=&#8221;1_2&#8243; _builder_version=&#8221;4.17.1&#8243; _module_preset=&#8221;default&#8221; global_colors_info=&#8221;{}&#8221;][et_pb_image src=&#8221;https:\/\/www.systab.it\/wp-content\/uploads\/2023\/08\/IMG_0865-scaled.jpg&#8221; title_text=&#8221;IMG_0865&#8243; show_in_lightbox=&#8221;on&#8221; _builder_version=&#8221;4.17.1&#8243; _module_preset=&#8221;default&#8221; width=&#8221;76%&#8221; animation_style=&#8221;flip&#8221; global_colors_info=&#8221;{}&#8221;][\/et_pb_image][\/et_pb_column][et_pb_column type=&#8221;1_2&#8243; _builder_version=&#8221;4.17.1&#8243; _module_preset=&#8221;default&#8221; global_colors_info=&#8221;{}&#8221;][et_pb_image src=&#8221;https:\/\/www.systab.it\/wp-content\/uploads\/2023\/08\/IMG-20180922-WA0002.jpg&#8221; title_text=&#8221;IMG-20180922-WA0002&#8243; show_in_lightbox=&#8221;on&#8221; _builder_version=&#8221;4.17.1&#8243; _module_preset=&#8221;default&#8221; animation_style=&#8221;flip&#8221; global_colors_info=&#8221;{}&#8221;][\/et_pb_image][\/et_pb_column][\/et_pb_row][et_pb_row _builder_version=&#8221;4.16&#8243; background_size=&#8221;initial&#8221; background_position=&#8221;top_left&#8221; background_repeat=&#8221;repeat&#8221; global_colors_info=&#8221;{}&#8221;][et_pb_column type=&#8221;4_4&#8243; _builder_version=&#8221;4.16&#8243; custom_padding=&#8221;|||&#8221; global_colors_info=&#8221;{}&#8221; custom_padding__hover=&#8221;|||&#8221;][et_pb_text _builder_version=&#8221;4.17.1&#8243; background_size=&#8221;initial&#8221; background_position=&#8221;top_left&#8221; background_repeat=&#8221;repeat&#8221; min_height=&#8221;2040.5px&#8221; hover_enabled=&#8221;0&#8243; global_colors_info=&#8221;{}&#8221; sticky_enabled=&#8221;0&#8243;]<!-- divi:gallery {\"columns\":2,\"linkTo\":\"none\"} --><\/p>\n<figure class=\"wp-block-gallery has-nested-images columns-2 is-cropped\"><!-- divi:image {\"id\":14918,\"sizeSlug\":\"large\",\"linkDestination\":\"none\"} --><\/p>\n<figure class=\"wp-block-image size-large\"><\/figure>\n<p><!-- \/divi:image --><\/p>\n<h1>Consolidamento fondazioni di una abitazione nel Basso Ferrarese<\/h1>\n<p>&#038;nbsp<\/p>\n<h2>PROBLEMATICA<\/h2>\n<p>&#038;nbsp<\/p>\n<p><!-- \/divi:paragraph --> <!-- divi:paragraph -->Si tratta di una piccola abitazione sita nella bassa pianura Ferrarese, territorio geotecnicamente caratterizzato da terreni di bonifica, argille organiche e torbe molto compressibili.<\/p>\n<p><!-- \/divi:paragraph --> <!-- divi:paragraph -->La presenza di questi terreni scadenti, associata probabile errata regimazione delle acque, ha determinato nel tempo un importante cedimento dell\u2019angolata. La deformazione subita dalla struttura ha generato in pochi mesi un <strong>quadro fessurativo con crepe a 45\u00b0<\/strong> allarmanti e una rotazione verso l\u2019esterno dell&#8217;angolata. Vista la gravit\u00e0 del dissesto e la presenza di terreni scadenti fino a profondit\u00e0 elevate, ci si \u00e8 orientati da subito verso un intervento di sottofondazione con micropali.<\/p>\n<h2>SOLUZIONE E DESCRIZIONE INTERVENTO<\/h2>\n<p>&#038;nbsp<br \/>\n<!-- \/divi:paragraph --> <!-- divi:paragraph -->La metodologia SYStab consiste nel fissare alla fondazione esistente delle piastre in acciaio. Questa carpenteria metallica opportunamente dimensionata consente poi di sfruttare il contrasto offerto dalla struttura per infiggere i pali nel terreno con i martinetti idraulici, impostati sui collari delle piastre stesse. L\u2019infissione avviene gradualmente senza preforo e <strong>senza produzione di vibrazioni dannose per la sovrastruttura <\/strong>interessata dalle crepe.<\/p>\n<p><!-- \/divi:paragraph --> <!-- divi:paragraph -->L\u2019intervento si \u00e8 svolto, in questo caso, secondo le seguenti fasi operative:<\/p>\n<p><!-- \/divi:paragraph --> <!-- divi:list --><\/p>\n<ul>\n<ul><!-- divi:list-item --><\/p>\n<li>scavo per rendere accessibile la fondazione esistente<\/li>\n<\/ul>\n<\/ul>\n<p><!-- \/divi:list-item --> <!-- divi:list-item --><\/p>\n<ul>\n<ul>\n<li>carotaggio dell\u2019ala della fondazione<\/li>\n<\/ul>\n<\/ul>\n<p><!-- \/divi:list-item --> <!-- divi:list-item --><\/p>\n<ul>\n<ul>\n<li>fissaggio dele piastre mediante barre filettate e ancorante chimico<\/li>\n<\/ul>\n<\/ul>\n<p><!-- \/divi:list-item --> <!-- divi:list-item --><\/p>\n<ul>\n<ul>\n<li>infissione dei pali con monitoraggio continuo delle pressioni di installazione, fino al raggiungimento delle portate\/profondit\u00e0 di progetto<\/li>\n<\/ul>\n<\/ul>\n<p><!-- \/divi:list-item --> <!-- divi:list-item --><\/p>\n<ul>\n<ul>\n<li>esecuzione prova di carico a gradini<\/li>\n<\/ul>\n<\/ul>\n<p><!-- \/divi:list-item --> <!-- divi:list-item --><\/p>\n<ul>\n<ul>\n<li><strong>precarico di ogni palo con pressioni superiori a quelle di esercizio (<\/strong>fase estremamente importante e caratteristica peculiare di questo tipo di palo, consente di garantire l\u2019efficacia del collegamento e scongiurare assestamenti futuri, <strong>rendendo il palo immediatamente attivo!)<\/strong><\/li>\n<\/ul>\n<\/ul>\n<p><!-- \/divi:list-item --> <!-- divi:list-item --><\/p>\n<ul>\n<ul>\n<li>fissaggio finale di tutti i pali al collare delle piastre, mediante bulloni in acciaio ad alta resistenza<\/li>\n<\/ul>\n<\/ul>\n<p><!-- \/divi:list-item --> <!-- divi:list-item --><\/p>\n<ul>\n<ul>\n<li>rinterro e ricostruzione della pavimentazione esterna.<\/li>\n<\/ul>\n<\/ul>\n<p><!-- \/divi:list-item --><\/p>\n<h2>TEMPISTICHE E VANTAGGI RISPETTO A TECNICHE TRADIZIONALI<\/h2>\n<p>&#038;nbsp<br \/>\n<!-- \/divi:paragraph --> <!-- divi:paragraph -->Il consolidamento fondazioni con micropali precaricati ha permesso di stabilizzare definitivamente l\u2019angolata della casa, ridando sicurezza e permettendo il corretto ripristino delle crepe sui muri.<\/p>\n<p><!-- \/divi:paragraph --> <!-- divi:paragraph -->Questa Tecnica di consolidamento ha alcuni vantaggi rispetto alle tradizionali tecniche:<\/p>\n<p><!-- \/divi:paragraph --> <!-- divi:list --><\/p>\n<ul>\n<ul><!-- divi:list-item --><\/p>\n<li><strong>tempi di messa in opera molto rapidi\u00a0<\/strong>rispetto alle metodologie classiche<\/li>\n<\/ul>\n<\/ul>\n<p><!-- \/divi:list-item --> <!-- divi:list-item --><\/p>\n<ul>\n<ul>\n<li><strong>non produce alcun materiale di risulta<\/strong><\/li>\n<\/ul>\n<\/ul>\n<p><!-- \/divi:list-item --> <!-- divi:list-item --><\/p>\n<ul>\n<ul>\n<li><strong>non vengono impiegati normalmente n\u00e9\u00a0fanghi n\u00e9\u00a0acqua<\/strong>\u00a0(cantiere asciutto idoneo anche in ambienti stretti e interni)<\/li>\n<\/ul>\n<\/ul>\n<p><!-- \/divi:list-item --> <!-- divi:list-item --><\/p>\n<ul>\n<ul>\n<li>non produce\u00a0alcuna <strong>vibrazione dannosa per le sovrastrutture<\/strong><\/li>\n<\/ul>\n<\/ul>\n<p><!-- \/divi:list-item --> <!-- divi:list-item --><\/p>\n<ul>\n<ul>\n<li><strong>precarico per l\u2019annullamento dei cedimenti primari\u00a0<\/strong>per tutti i pali<\/li>\n<\/ul>\n<\/ul>\n<p><!-- \/divi:list-item --> <!-- divi:list-item --><\/p>\n<ul>\n<ul>\n<li>la\u00a0<strong>portata di ogni micropalo viene testata<\/strong>\u00a0in corso d\u2019opera.<\/li>\n<\/ul>\n<\/ul>\n<p><!-- \/divi:list-item --><\/p>\n<p><!-- \/divi:list --> <!-- divi:paragraph --> <!-- \/divi:paragraph --> <!-- divi:paragraph -->Contattaci per maggiori informazioni su questa Case History<\/p>\n<p><!-- \/divi:paragraph --> <!-- divi:contact-form-7\/contact-form-selector {\"id\":23,\"title\":\"CONTATTACI PER MAGGIORI INFORMAZIONI SU QUESTA CASE HISTORY\"} --><\/p>\n<div class=\"wp-block-contact-form-7-contact-form-selector\">\n<div class=\"wpcf7 no-js\" id=\"wpcf7-f23-o1\" lang=\"it-IT\" dir=\"ltr\" data-wpcf7-id=\"23\">\n<div class=\"screen-reader-response\"><p role=\"status\" aria-live=\"polite\" aria-atomic=\"true\"><\/p> <ul><\/ul><\/div>\n<form action=\"\/en\/wp-json\/wp\/v2\/pages\/14915#wpcf7-f23-o1\" method=\"post\" class=\"wpcf7-form init cf7-style  wpcf7-acceptance-as-validation\" aria-label=\"Modulo di contatto\" novalidate=\"novalidate\" data-status=\"init\">\n<fieldset class=\"hidden-fields-container\"><input type=\"hidden\" name=\"_wpcf7\" value=\"23\" \/><input type=\"hidden\" name=\"_wpcf7_version\" value=\"6.1.4\" \/><input type=\"hidden\" name=\"_wpcf7_locale\" value=\"it_IT\" \/><input type=\"hidden\" name=\"_wpcf7_unit_tag\" value=\"wpcf7-f23-o1\" \/><input type=\"hidden\" name=\"_wpcf7_container_post\" value=\"0\" \/><input type=\"hidden\" name=\"_wpcf7_posted_data_hash\" value=\"\" \/><input type=\"hidden\" name=\"_wpcf7_recaptcha_response\" value=\"\" \/>\n<\/fieldset>\n<div class=\"vc_row\">\n\t<div class=\"vc_col-sm-6\">\n\t\t<p>Il tuo nome (richiesto)\n\t\t<\/p>\n\t\t<p><span class=\"wpcf7-form-control-wrap\" data-name=\"your-name\"><input size=\"40\" maxlength=\"400\" class=\"wpcf7-form-control wpcf7-text wpcf7-validates-as-required\" aria-required=\"true\" aria-invalid=\"false\" value=\"\" type=\"text\" name=\"your-name\" \/><\/span>\n\t\t<\/p>\n\t<\/div>\n\t<div class=\"vc_col-sm-6\">\n\t\t<p>La tua email (richiesto)\n\t\t<\/p>\n\t\t<p><span class=\"wpcf7-form-control-wrap\" data-name=\"your-email\"><input size=\"40\" maxlength=\"400\" class=\"wpcf7-form-control wpcf7-email wpcf7-validates-as-required wpcf7-text wpcf7-validates-as-email\" aria-required=\"true\" aria-invalid=\"false\" value=\"\" type=\"email\" name=\"your-email\" \/><\/span>\n\t\t<\/p>\n\t<\/div>\n<\/div>\n<div class=\"vc_row\">\n\t<div class=\"vc_col-sm-6\">\n\t\t<p>Provincia<br \/>\n<span class=\"wpcf7-form-control-wrap\" data-name=\"Provincia\"><input size=\"40\" maxlength=\"400\" class=\"wpcf7-form-control wpcf7-text\" aria-invalid=\"false\" value=\"\" type=\"text\" name=\"Provincia\" \/><\/span>\n\t\t<\/p>\n\t<\/div>\n\t<div class=\"vc_col-sm-6\">\n\t\t<p>Il Tuo Telefono (richiesto)<br \/>\n<span class=\"wpcf7-form-control-wrap\" data-name=\"Telefono\"><input size=\"40\" maxlength=\"400\" class=\"wpcf7-form-control wpcf7-tel wpcf7-validates-as-required wpcf7-text wpcf7-validates-as-tel\" aria-required=\"true\" aria-invalid=\"false\" value=\"\" type=\"tel\" name=\"Telefono\" \/><\/span>\n\t\t<\/p>\n\t<\/div>\n<\/div>\n<p>Il tuo messaggio\n<\/p>\n<p><span class=\"wpcf7-form-control-wrap\" data-name=\"your-message\"><textarea cols=\"40\" rows=\"5\" maxlength=\"2000\" class=\"wpcf7-form-control wpcf7-textarea\" aria-invalid=\"false\" name=\"your-message\"><\/textarea><\/span>\n<\/p>\n<p><span class=\"wpcf7-form-control-wrap\" data-name=\"Privacy\"><span class=\"wpcf7-form-control wpcf7-acceptance\"><span class=\"wpcf7-list-item\"><input type=\"checkbox\" name=\"Privacy\" value=\"1\" aria-invalid=\"false\" \/><\/span><\/span><\/span> Accetto la <a href=\"http:\/\/www.systab.it\/privacy\/\" target=\"_blank\">legge sulla privacy<\/a>\n<\/p>\n<p><span class=\"wpcf7-form-control-wrap\" data-name=\"checkbox-869\"><span class=\"wpcf7-form-control wpcf7-checkbox\"><span class=\"wpcf7-list-item first last\"><input type=\"checkbox\" name=\"checkbox-869[]\" value=\"Desidero iscrivermi alla vostra newsletter\" \/><span class=\"wpcf7-list-item-label\">Desidero iscrivermi alla vostra newsletter<\/span><\/span><\/span><\/span>\n<\/p>\n<p style=\"max-height:0px;\">&nbsp;\n<\/p>\n<p>[anr_nocaptcha g-recaptcha-response]\n<\/p>\n<p style=\"text-align:right; max-height:0px;\"><button class=\"wpcf7-form-control wpcf7-submit has-spinner et_pb_button et_pb_bg_layout_light\" type=\"submit\" value=\"Send\">Send<\/button>\n<\/p>\n<p style=\"max-height:0px;\">&nbsp;\n<\/p><div class=\"wpcf7-response-output\" aria-hidden=\"true\"><\/div>\n<\/form>\n<\/div>\n<\/div>\n<p><!-- \/divi:contact-form-7\/contact-form-selector -->[\/et_pb_text][\/et_pb_column][\/et_pb_row][\/et_pb_section]<\/p>\n","protected":false},"excerpt":{"rendered":"<p>si tratta del recupero di una abitazione della bassa pianura ferrarese, realizzato con Pali Precaricati SYStab<\/p>\n","protected":false},"author":2,"featured_media":14916,"parent":0,"menu_order":0,"comment_status":"closed","ping_status":"closed","template":"","meta":{"_et_pb_use_builder":"on","_et_pb_old_content":"<!-- wp:gallery {\"columns\":2,\"linkTo\":\"none\"} -->\n<figure class=\"wp-block-gallery has-nested-images columns-2 is-cropped\"><!-- wp:image {\"id\":14918,\"sizeSlug\":\"large\",\"linkDestination\":\"none\"} -->\n<figure class=\"wp-block-image size-large\"><img src=\"https:\/\/www.systab.it\/wp-content\/uploads\/2023\/08\/IMG_0865-1024x768.jpg\" alt=\"\" class=\"wp-image-14918\"\/><figcaption class=\"wp-element-caption\">fissaggio piastre di collegamento<\/figcaption><\/figure>\n<!-- \/wp:image -->\n\n<!-- wp:image {\"id\":14919,\"sizeSlug\":\"large\",\"linkDestination\":\"none\"} -->\n<figure class=\"wp-block-image size-large\"><img src=\"https:\/\/www.systab.it\/wp-content\/uploads\/2023\/08\/IMG-20180922-WA0002-1024x576.jpg\" alt=\"\" class=\"wp-image-14919\"\/><figcaption class=\"wp-element-caption\">fase di infissione pali e sollevamento struttura<\/figcaption><\/figure>\n<!-- \/wp:image --><\/figure>\n<!-- \/wp:gallery -->\n\n<!-- wp:paragraph -->\n<p><\/p>\n<!-- \/wp:paragraph -->\n\n<!-- wp:paragraph -->\n<p><\/p>\n<!-- \/wp:paragraph -->\n\n<!-- wp:paragraph -->\n<p><span style=\"color: #000000;\">PROBLEMATICA<\/span><\/p>\n<!-- \/wp:paragraph -->\n\n<!-- wp:paragraph -->\n<p>Si tratta di una piccola abitazione sita nella bassa pianura Ferrarese, territorio geotecnicamente caratterizzato da terreni di bonifica, argille organiche e torbe molto compressibili.<\/p>\n<!-- \/wp:paragraph -->\n\n<!-- wp:paragraph -->\n<p>La presenza di questi terreni scadenti, associata probabile errata regimazione delle acque, ha determinato nel tempo un importante cedimento dell\u2019angolata. La deformazione subita dalla struttura ha generato in pochi mesi un <strong>quadro fessurativo con crepe a 45\u00b0<\/strong> allarmanti e una rotazione verso l\u2019esterno dell'angolata. Vista la gravit\u00e0 del dissesto e la presenza di terreni scadenti fino a profondit\u00e0 elevate, ci si \u00e8 orientati da subito verso un intervento di sottofondazione con micropali.<\/p>\n<!-- \/wp:paragraph -->\n\n<!-- wp:paragraph -->\n<p><span style=\"color: #000000;\">SOLUZIONE E DESCRIZIONE INTERVENTO<\/span><\/p>\n<!-- \/wp:paragraph -->\n\n<!-- wp:paragraph -->\n<p>La metodologia SYStab consiste nel fissare alla fondazione esistente delle piastre in acciaio. Questa carpenteria metallica opportunamente dimensionata consente poi di sfruttare il contrasto offerto dalla struttura per infiggere i pali nel terreno con i martinetti idraulici, impostati sui collari delle piastre stesse. L\u2019infissione avviene gradualmente senza preforo e <strong>senza produzione di vibrazioni dannose per la sovrastruttura <\/strong>interessata dalle crepe.<\/p>\n<!-- \/wp:paragraph -->\n\n<!-- wp:paragraph -->\n<p>L\u2019intervento si \u00e8 svolto, in questo caso, secondo le seguenti fasi operative:<\/p>\n<!-- \/wp:paragraph -->\n\n<!-- wp:list -->\n<ul><!-- wp:list-item -->\n<li>scavo per rendere accessibile la fondazione esistente<\/li>\n<!-- \/wp:list-item -->\n\n<!-- wp:list-item -->\n<li>carotaggio dell\u2019ala della fondazione<\/li>\n<!-- \/wp:list-item -->\n\n<!-- wp:list-item -->\n<li>fissaggio dele piastre mediante barre filettate e ancorante chimico<\/li>\n<!-- \/wp:list-item -->\n\n<!-- wp:list-item -->\n<li>infissione dei pali con monitoraggio continuo delle pressioni di installazione, fino al raggiungimento delle portate\/profondit\u00e0 di progetto<\/li>\n<!-- \/wp:list-item -->\n\n<!-- wp:list-item -->\n<li>esecuzione prova di carico a gradini<\/li>\n<!-- \/wp:list-item -->\n\n<!-- wp:list-item -->\n<li><strong>precarico di ogni palo con pressioni superiori a quelle di esercizio (<\/strong>fase estremamente importante e caratteristica peculiare di questo tipo di palo, consente di garantire l\u2019efficacia del collegamento e scongiurare assestamenti futuri, <strong>rendendo il palo immediatamente attivo!)<\/strong><\/li>\n<!-- \/wp:list-item -->\n\n<!-- wp:list-item -->\n<li>fissaggio finale di tutti i pali al collare delle piastre, mediante bulloni in acciaio ad alta resistenza<\/li>\n<!-- \/wp:list-item -->\n\n<!-- wp:list-item -->\n<li>rinterro e ricostruzione della pavimentazione esterna.<\/li>\n<!-- \/wp:list-item --><\/ul>\n<!-- \/wp:list -->\n\n<!-- wp:paragraph -->\n<p><\/p>\n<!-- \/wp:paragraph -->\n\n<!-- wp:paragraph -->\n<p><span style=\"color: #000000;\">TEMPISTICHE E VANTAGGI RISPETTO A TECNICHE TRADIZIONALI<\/span><\/p>\n<!-- \/wp:paragraph -->\n\n<!-- wp:paragraph -->\n<p>Il consolidamento fondazioni con micropali precaricati ha permesso di stabilizzare definitivamente l\u2019angolata della casa, ridando sicurezza e permettendo il corretto ripristino delle crepe sui muri. &nbsp;<\/p>\n<!-- \/wp:paragraph -->\n\n<!-- wp:paragraph -->\n<p>Questa Tecnica di consolidamento ha alcuni vantaggi rispetto alle tradizionali tecniche:<\/p>\n<!-- \/wp:paragraph -->\n\n<!-- wp:list -->\n<ul><!-- wp:list-item -->\n<li><strong>tempi di messa in opera molto rapidi&nbsp;<\/strong>rispetto alle metodologie classiche<\/li>\n<!-- \/wp:list-item -->\n\n<!-- wp:list-item -->\n<li><strong>non produce alcun materiale di risulta<\/strong><\/li>\n<!-- \/wp:list-item -->\n\n<!-- wp:list-item -->\n<li><strong>non vengono impiegati normalmente n\u00e9&nbsp;fanghi n\u00e9&nbsp;acqua<\/strong>&nbsp;(cantiere asciutto idoneo anche in ambienti stretti e interni)<\/li>\n<!-- \/wp:list-item -->\n\n<!-- wp:list-item -->\n<li>non produce&nbsp;alcuna <strong>vibrazione dannosa per le sovrastrutture<\/strong><\/li>\n<!-- \/wp:list-item -->\n\n<!-- wp:list-item -->\n<li><strong>precarico per l\u2019annullamento dei cedimenti primari&nbsp;<\/strong>per tutti i pali<\/li>\n<!-- \/wp:list-item -->\n\n<!-- wp:list-item -->\n<li>la&nbsp;<strong>portata di ogni micropalo viene testata<\/strong>&nbsp;in corso d\u2019opera.<\/li>\n<!-- \/wp:list-item --><\/ul>\n<!-- \/wp:list -->\n\n<!-- wp:paragraph -->\n<p><\/p>\n<!-- \/wp:paragraph -->\n\n<!-- wp:paragraph -->\n<p>Contattaci per maggiori informazioni su questa Case History<\/p>\n<!-- \/wp:paragraph -->\n\n<!-- wp:contact-form-7\/contact-form-selector {\"id\":23,\"title\":\"CONTATTACI PER MAGGIORI INFORMAZIONI SU QUESTA CASE HISTORY\"} -->\n<div class=\"wp-block-contact-form-7-contact-form-selector\">[contact-form-7 id=\"23\" title=\"CONTATTACI PER MAGGIORI INFORMAZIONI SU QUESTA CASE HISTORY\"]<\/div>\n<!-- \/wp:contact-form-7\/contact-form-selector -->","_et_gb_content_width":"","footnotes":""},"class_list":["post-14915","page","type-page","status-publish","has-post-thumbnail","hentry"],"_links":{"self":[{"href":"https:\/\/www.systab.it\/en\/wp-json\/wp\/v2\/pages\/14915","targetHints":{"allow":["GET"]}}],"collection":[{"href":"https:\/\/www.systab.it\/en\/wp-json\/wp\/v2\/pages"}],"about":[{"href":"https:\/\/www.systab.it\/en\/wp-json\/wp\/v2\/types\/page"}],"author":[{"embeddable":true,"href":"https:\/\/www.systab.it\/en\/wp-json\/wp\/v2\/users\/2"}],"replies":[{"embeddable":true,"href":"https:\/\/www.systab.it\/en\/wp-json\/wp\/v2\/comments?post=14915"}],"version-history":[{"count":10,"href":"https:\/\/www.systab.it\/en\/wp-json\/wp\/v2\/pages\/14915\/revisions"}],"predecessor-version":[{"id":16981,"href":"https:\/\/www.systab.it\/en\/wp-json\/wp\/v2\/pages\/14915\/revisions\/16981"}],"wp:featuredmedia":[{"embeddable":true,"href":"https:\/\/www.systab.it\/en\/wp-json\/wp\/v2\/media\/14916"}],"wp:attachment":[{"href":"https:\/\/www.systab.it\/en\/wp-json\/wp\/v2\/media?parent=14915"}],"curies":[{"name":"wp","href":"https:\/\/api.w.org\/{rel}","templated":true}]}}