{"id":14835,"date":"2023-07-25T17:13:29","date_gmt":"2023-07-25T15:13:29","guid":{"rendered":"https:\/\/www.systab.it\/?page_id=14835"},"modified":"2026-02-16T11:59:21","modified_gmt":"2026-02-16T10:59:21","slug":"consolidamento-mini-condominio-pali-resine-rignano","status":"publish","type":"page","link":"https:\/\/www.systab.it\/en\/consolidamento-mini-condominio-pali-resine-rignano\/","title":{"rendered":"CONSOLIDAMENTO MINI CONDOMINIO CON TECNICA MISTA"},"content":{"rendered":"<p>[et_pb_section fb_built=&#8221;1&#8243; admin_label=&#8221;section&#8221; _builder_version=&#8221;4.16&#8243; global_colors_info=&#8221;{}&#8221;][et_pb_row column_structure=&#8221;1_3,1_3,1_3&#8243; _builder_version=&#8221;4.17.1&#8243; _module_preset=&#8221;default&#8221; global_colors_info=&#8221;{}&#8221;][et_pb_column type=&#8221;1_3&#8243; _builder_version=&#8221;4.17.1&#8243; _module_preset=&#8221;default&#8221; global_colors_info=&#8221;{}&#8221;][et_pb_image src=&#8221;https:\/\/www.systab.it\/wp-content\/uploads\/2023\/07\/Immagine-WhatsAp-e1690297092562.jpg&#8221; title_text=&#8221;Immagine WhatsAp&#8221; show_in_lightbox=&#8221;on&#8221; _builder_version=&#8221;4.17.1&#8243; _module_preset=&#8221;default&#8221; width=&#8221;93%&#8221; animation_style=&#8221;flip&#8221; global_colors_info=&#8221;{}&#8221;][\/et_pb_image][\/et_pb_column][et_pb_column type=&#8221;1_3&#8243; _builder_version=&#8221;4.17.1&#8243; _module_preset=&#8221;default&#8221; global_colors_info=&#8221;{}&#8221;][et_pb_image src=&#8221;https:\/\/www.systab.it\/wp-content\/uploads\/2023\/07\/Immagine-WhatsApp-2023-05-28-o.jpg&#8221; alt=&#8221;foratura&#8221; title_text=&#8221;Immagine WhatsApp 2023-05-28 o&#8221; show_in_lightbox=&#8221;on&#8221; _builder_version=&#8221;4.17.1&#8243; _module_preset=&#8221;default&#8221; animation_style=&#8221;flip&#8221; global_colors_info=&#8221;{}&#8221;][\/et_pb_image][\/et_pb_column][et_pb_column type=&#8221;1_3&#8243; _builder_version=&#8221;4.17.1&#8243; _module_preset=&#8221;default&#8221; global_colors_info=&#8221;{}&#8221;][et_pb_image src=&#8221;https:\/\/www.systab.it\/wp-content\/uploads\/2023\/07\/6.jpg&#8221; title_text=&#8221;6&#8243; show_in_lightbox=&#8221;on&#8221; _builder_version=&#8221;4.17.1&#8243; _module_preset=&#8221;default&#8221; width=&#8221;57%&#8221; animation_style=&#8221;flip&#8221; global_colors_info=&#8221;{}&#8221;][\/et_pb_image][\/et_pb_column][\/et_pb_row][et_pb_row admin_label=&#8221;row&#8221; _builder_version=&#8221;4.16&#8243; background_size=&#8221;initial&#8221; background_position=&#8221;top_left&#8221; background_repeat=&#8221;repeat&#8221; custom_padding=&#8221;39px|||||&#8221; global_colors_info=&#8221;{}&#8221;][et_pb_column type=&#8221;4_4&#8243; _builder_version=&#8221;4.16&#8243; custom_padding=&#8221;|||&#8221; global_colors_info=&#8221;{}&#8221; custom_padding__hover=&#8221;|||&#8221;][et_pb_text admin_label=&#8221;Text&#8221; _builder_version=&#8221;4.17.1&#8243; background_size=&#8221;initial&#8221; background_position=&#8221;top_left&#8221; background_repeat=&#8221;repeat&#8221; hover_enabled=&#8221;0&#8243; global_colors_info=&#8221;{}&#8221; sticky_enabled=&#8221;0&#8243;]<\/p>\n<h1> CONSOLIDAMENTO MINI CONDOMINIO CON TECNICA MISTA<\/h1>\n<p><strong>PROBLEMATICA<\/strong><\/p>\n<p>Di Norma scegliamo una tecnologia di consolidamento che ottimizzi il rapporto risultato \u2013 costi \u2013 bassa invasivit\u00e0 e si procede con lo stesso sistema su tutto il fabbricato da consolidare. Pu\u00f2 succedere per\u00f2 che per ridurre i costi o non intervenire in modo invasivo sui muri interni, si opti per soluzioni miste.<\/p>\n<p>In questa case history si \u00e8 deciso di:<\/p>\n<ul>\n<li>consolidare l\u2019angolo a valle, interessato dai cedimenti maggiori, con <strong>Pali Precaricati <\/strong>impostati su un nuovo cordolo di fondazione<\/li>\n<li>consolidare il nodo terreno &#8211; fondazione di tutto il resto della struttura con <strong>iniezioni di resina a lenta espansione<\/strong>.<\/li>\n<\/ul>\n<p>Si tratta di un mini condominio composto da 2 unit\u00e0 abitative e situato sulle splendide colline di Rignano sull\u2019Arno in provincia di Firenze.<\/p>\n<p>L\u2019edificio \u00e8 realizzato in muratura di mattoni e sasso e\u00a0 ha subito un importante dissesto dovuto a cedimenti differenziali del terreno. Il cedimento pi\u00f9 evidente si \u00e8 verificato nell\u2019angolato sud, con tipiche lesioni a 45\u00b0 passanti su entrambi i lati. Per\u00f2 un po&#8217; tutta la struttura ha subito movimenti seppur pi\u00f9 lievi, che hanno danneggiato sia i muri interni che pavimentazione e solai, interessati da diverse crepe e fessurazioni.<\/p>\n<p><strong>SOLUZIONE E DESCRIZIONE INTERVENTO<\/strong><\/p>\n<p style=\"text-align: justify; line-height: 19.9pt; background: white; vertical-align: baseline; margin: 0cm 0cm 15.0pt 0cm;\"><span style=\"font-size: 11.0pt; font-family: 'Montserrat Light'; color: black;\">I Tecnici incaricati hanno valutato tutte le possibili tecnologie di consolidamento delle fondazioni, orientandosi per\u00f2 fin da subito su fondazioni profonde. Infatti in situazioni geotecniche dove i cedimenti interessano strati di terreno molto importanti, i micropali rappresentano certamente la soluzione pi\u00f9 sicura. Tra le varie metodologie gli Ingegneri si sono orientati sui <b><a href=\"https:\/\/www.systab.it\/pali-precaricati-systab\/modalita-operative\/\">Pali Precaricati di SYStab<\/a><\/b>, infatti questa tipologia di micropalo presenta indubbi vantaggi rispetto ai metodi di palificazione tradizionali. Visto che l\u2019intervento risultava troppo invasivo per operare sui muri interni si \u00e8 deciso di combinare i micropali con le iniezioni di <a href=\"https:\/\/www.systab.it\/iniezione-resine-espandenti\/\">resine espandenti a densit\u00e0 differenziata<\/a>. <\/span><\/p>\n<p><strong>TEMPISTICHE E VANTAGGI RISPETTO A TECNICHE TRADIZIONALI<\/strong><\/p>\n<p>Il consolidamento eseguito con micropali precaricati ha permesso di stabilizzare l\u2019angolo interessato dai cedimenti maggiori, ridando sicurezza e permettendo il ripristino delle crepe nei muri. \u00a0Questa metodologia di consolidamento ha svariati vantaggi che la caratterizzano rispetto alle tecniche tradizionali e abbinata alle iniezioni di resina permette di risolvere la stragrande maggioranza dei dissesti:<\/p>\n<ul>\n<li><strong>tempi di messa in opera molto rapidi\u00a0<\/strong>rispetto alle metodologie classiche<\/li>\n<li><strong>non produce alcun materiale di risulta<\/strong><\/li>\n<li><strong>non vengono impiegati normalmente n\u00e9\u00a0fanghi n\u00e9\u00a0acqua<\/strong>(cantiere asciutto idoneo anche in ambienti stretti e interni)<\/li>\n<li>non produce\u00a0alcuna <strong>vibrazione dannosa per le sovrastrutture<\/strong><\/li>\n<li>la\u00a0<strong>portata di ogni micropalo viene testata<\/strong>in corso d\u2019opera<\/li>\n<li><strong>precarico per l\u2019annullamento dei cedimenti primari\u00a0<\/strong>per tutti i pali<\/li>\n<li><strong>possibilit\u00e0 di sollevamenti e recupero della planarit\u00e0 <\/strong>se la struttura lo consente e ne ha necessit\u00e0.<\/li>\n<\/ul>\n<p>consolidamento con l\u2019esecuzione di prove di collaudo pre e post iniezione ha richiesto due giorni e non sono stati necessari scavi ne opere preparatorie.<\/p>\n<p>Contattaci per maggiori informazioni su questa Case History<\/p>\n<p>\n<div class=\"wpcf7 no-js\" id=\"wpcf7-f23-o1\" lang=\"it-IT\" dir=\"ltr\" data-wpcf7-id=\"23\">\n<div class=\"screen-reader-response\"><p role=\"status\" aria-live=\"polite\" aria-atomic=\"true\"><\/p> <ul><\/ul><\/div>\n<form action=\"\/en\/wp-json\/wp\/v2\/pages\/14835#wpcf7-f23-o1\" method=\"post\" class=\"wpcf7-form init cf7-style  wpcf7-acceptance-as-validation\" aria-label=\"Modulo di contatto\" novalidate=\"novalidate\" data-status=\"init\">\n<fieldset class=\"hidden-fields-container\"><input type=\"hidden\" name=\"_wpcf7\" value=\"23\" \/><input type=\"hidden\" name=\"_wpcf7_version\" value=\"6.1.4\" \/><input type=\"hidden\" name=\"_wpcf7_locale\" value=\"it_IT\" \/><input type=\"hidden\" name=\"_wpcf7_unit_tag\" value=\"wpcf7-f23-o1\" \/><input type=\"hidden\" name=\"_wpcf7_container_post\" value=\"0\" \/><input type=\"hidden\" name=\"_wpcf7_posted_data_hash\" value=\"\" \/><input type=\"hidden\" name=\"_wpcf7_recaptcha_response\" value=\"\" \/>\n<\/fieldset>\n<div class=\"vc_row\">\n\t<div class=\"vc_col-sm-6\">\n\t\t<p>Il tuo nome (richiesto)\n\t\t<\/p>\n\t\t<p><span class=\"wpcf7-form-control-wrap\" data-name=\"your-name\"><input size=\"40\" maxlength=\"400\" class=\"wpcf7-form-control wpcf7-text wpcf7-validates-as-required\" aria-required=\"true\" aria-invalid=\"false\" value=\"\" type=\"text\" name=\"your-name\" \/><\/span>\n\t\t<\/p>\n\t<\/div>\n\t<div class=\"vc_col-sm-6\">\n\t\t<p>La tua email (richiesto)\n\t\t<\/p>\n\t\t<p><span class=\"wpcf7-form-control-wrap\" data-name=\"your-email\"><input size=\"40\" maxlength=\"400\" class=\"wpcf7-form-control wpcf7-email wpcf7-validates-as-required wpcf7-text wpcf7-validates-as-email\" aria-required=\"true\" aria-invalid=\"false\" value=\"\" type=\"email\" name=\"your-email\" \/><\/span>\n\t\t<\/p>\n\t<\/div>\n<\/div>\n<div class=\"vc_row\">\n\t<div class=\"vc_col-sm-6\">\n\t\t<p>Provincia<br \/>\n<span class=\"wpcf7-form-control-wrap\" data-name=\"Provincia\"><input size=\"40\" maxlength=\"400\" class=\"wpcf7-form-control wpcf7-text\" aria-invalid=\"false\" value=\"\" type=\"text\" name=\"Provincia\" \/><\/span>\n\t\t<\/p>\n\t<\/div>\n\t<div class=\"vc_col-sm-6\">\n\t\t<p>Il Tuo Telefono (richiesto)<br \/>\n<span class=\"wpcf7-form-control-wrap\" data-name=\"Telefono\"><input size=\"40\" maxlength=\"400\" class=\"wpcf7-form-control wpcf7-tel wpcf7-validates-as-required wpcf7-text wpcf7-validates-as-tel\" aria-required=\"true\" aria-invalid=\"false\" value=\"\" type=\"tel\" name=\"Telefono\" \/><\/span>\n\t\t<\/p>\n\t<\/div>\n<\/div>\n<p>Il tuo messaggio\n<\/p>\n<p><span class=\"wpcf7-form-control-wrap\" data-name=\"your-message\"><textarea cols=\"40\" rows=\"5\" maxlength=\"2000\" class=\"wpcf7-form-control wpcf7-textarea\" aria-invalid=\"false\" name=\"your-message\"><\/textarea><\/span>\n<\/p>\n<p><span class=\"wpcf7-form-control-wrap\" data-name=\"Privacy\"><span class=\"wpcf7-form-control wpcf7-acceptance\"><span class=\"wpcf7-list-item\"><input type=\"checkbox\" name=\"Privacy\" value=\"1\" aria-invalid=\"false\" \/><\/span><\/span><\/span> Accetto la <a href=\"http:\/\/www.systab.it\/privacy\/\" target=\"_blank\">legge sulla privacy<\/a>\n<\/p>\n<p><span class=\"wpcf7-form-control-wrap\" data-name=\"checkbox-869\"><span class=\"wpcf7-form-control wpcf7-checkbox\"><span class=\"wpcf7-list-item first last\"><input type=\"checkbox\" name=\"checkbox-869[]\" value=\"Desidero iscrivermi alla vostra newsletter\" \/><span class=\"wpcf7-list-item-label\">Desidero iscrivermi alla vostra newsletter<\/span><\/span><\/span><\/span>\n<\/p>\n<p style=\"max-height:0px;\">&nbsp;\n<\/p>\n<p>[anr_nocaptcha g-recaptcha-response]\n<\/p>\n<p style=\"text-align:right; max-height:0px;\"><button class=\"wpcf7-form-control wpcf7-submit has-spinner et_pb_button et_pb_bg_layout_light\" type=\"submit\" value=\"Send\">Send<\/button>\n<\/p>\n<p style=\"max-height:0px;\">&nbsp;\n<\/p><div class=\"wpcf7-response-output\" aria-hidden=\"true\"><\/div>\n<\/form>\n<\/div>\n[\/et_pb_text][\/et_pb_column][\/et_pb_row][\/et_pb_section]<\/p>\n","protected":false},"excerpt":{"rendered":"<p>L\u2019intervento ha interessato una abitazione civile sita nella provincia di Firenze, in zona collinare<\/p>\n","protected":false},"author":2,"featured_media":14836,"parent":0,"menu_order":0,"comment_status":"closed","ping_status":"closed","template":"","meta":{"_et_pb_use_builder":"on","_et_pb_old_content":"[gallery size=\"medium\" columns=\"4\" link=\"none\" ids=\"14838,14839,14840\"]\n\n<strong>PROBLEMATICA<\/strong>\n\nDi Norma scegliamo una tecnologia di consolidamento che ottimizzi il rapporto risultato \u2013 costi \u2013 bassa invasivit\u00e0 e si procede con lo stesso sistema su tutto il fabbricato da consolidare. Pu\u00f2 succedere per\u00f2 che per ridurre i costi o non intervenire in modo invasivo sui muri interni, si opti per soluzioni miste.\n\nIn questa case history si \u00e8 deciso di:\n<ul>\n \t<li>consolidare l\u2019angolo a valle, interessato dai cedimenti maggiori, con <strong>Pali Precaricati <\/strong>impostati su un nuovo cordolo di fondazione<\/li>\n \t<li>consolidare il nodo terreno - fondazione di tutto il resto della struttura con <strong>iniezioni di resina a lenta espansione<\/strong>.<\/li>\n<\/ul>\nSi tratta di un mini condominio composto da 2 unit\u00e0 abitative e situato sulle splendide colline di Rignano sull\u2019Arno in provincia di Firenze.\n\nL\u2019edificio \u00e8 realizzato in muratura di mattoni e sasso e\u00a0 ha subito un importante dissesto dovuto a cedimenti differenziali del terreno. Il cedimento pi\u00f9 evidente si \u00e8 verificato nell\u2019angolato sud, con tipiche lesioni a 45\u00b0 passanti su entrambi i lati. Per\u00f2 un po' tutta la struttura ha subito movimenti seppur pi\u00f9 lievi, che hanno danneggiato sia i muri interni che pavimentazione e solai, interessati da diverse crepe e fessurazioni.\n\n<strong>SOLUZIONE E DESCRIZIONE INTERVENTO<\/strong>\n<p style=\"text-align: justify; line-height: 19.9pt; background: white; vertical-align: baseline; margin: 0cm 0cm 15.0pt 0cm;\"><span style=\"font-size: 11.0pt; font-family: 'Montserrat Light'; color: black;\">I Tecnici incaricati hanno valutato tutte le possibili tecnologie di consolidamento delle fondazioni, orientandosi per\u00f2 fin da subito su fondazioni profonde. Infatti in situazioni geotecniche dove i cedimenti interessano strati di terreno molto importanti, i micropali rappresentano certamente la soluzione pi\u00f9 sicura. Tra le varie metodologie gli Ingegneri si sono orientati sui <b><a href=\"https:\/\/www.systab.it\/pali-precaricati-systab\/modalita-operative\/\">Pali Precaricati di SYStab<\/a><\/b>, infatti questa tipologia di micropalo presenta indubbi vantaggi rispetto ai metodi di palificazione tradizionali. Visto che l\u2019intervento risultava troppo invasivo per operare sui muri interni si \u00e8 deciso di combinare i micropali con le iniezioni di <a href=\"https:\/\/www.systab.it\/iniezione-resine-espandenti\/\">resine espandenti a densit\u00e0 differenziata<\/a>. <\/span><\/p>\n<strong>TEMPISTICHE E VANTAGGI RISPETTO A TECNICHE TRADIZIONALI<\/strong>\n\nIl consolidamento eseguito con micropali precaricati ha permesso di stabilizzare l\u2019angolo interessato dai cedimenti maggiori, ridando sicurezza e permettendo il ripristino delle crepe nei muri. \u00a0Questa metodologia di consolidamento ha svariati vantaggi che la caratterizzano rispetto alle tecniche tradizionali e abbinata alle iniezioni di resina permette di risolvere la stragrande maggioranza dei dissesti:\n<ul>\n \t<li><strong>tempi di messa in opera molto rapidi\u00a0<\/strong>rispetto alle metodologie classiche<\/li>\n \t<li><strong>non produce alcun materiale di risulta<\/strong><\/li>\n \t<li><strong>non vengono impiegati normalmente n\u00e9\u00a0fanghi n\u00e9\u00a0acqua<\/strong>(cantiere asciutto idoneo anche in ambienti stretti e interni)<\/li>\n \t<li>non produce\u00a0alcuna <strong>vibrazione dannosa per le sovrastrutture<\/strong><\/li>\n \t<li>la\u00a0<strong>portata di ogni micropalo viene testata<\/strong>in corso d\u2019opera<\/li>\n \t<li><strong>precarico per l\u2019annullamento dei cedimenti primari\u00a0<\/strong>per tutti i pali<\/li>\n \t<li><strong>possibilit\u00e0 di sollevamenti e recupero della planarit\u00e0 <\/strong>se la struttura lo consente e ne ha necessit\u00e0.<\/li>\n<\/ul>\nconsolidamento con l\u2019esecuzione di prove di collaudo pre e post iniezione ha richiesto due giorni e non sono stati necessari scavi ne opere preparatorie.\n\nContattaci per maggiori informazioni su questa Case History\n\n[contact-form-7 id=\"23\" title=\"CONTATTACI PER MAGGIORI INFORMAZIONI SU QUESTA CASE HISTORY\"]","_et_gb_content_width":"","footnotes":""},"class_list":["post-14835","page","type-page","status-publish","has-post-thumbnail","hentry"],"_links":{"self":[{"href":"https:\/\/www.systab.it\/en\/wp-json\/wp\/v2\/pages\/14835","targetHints":{"allow":["GET"]}}],"collection":[{"href":"https:\/\/www.systab.it\/en\/wp-json\/wp\/v2\/pages"}],"about":[{"href":"https:\/\/www.systab.it\/en\/wp-json\/wp\/v2\/types\/page"}],"author":[{"embeddable":true,"href":"https:\/\/www.systab.it\/en\/wp-json\/wp\/v2\/users\/2"}],"replies":[{"embeddable":true,"href":"https:\/\/www.systab.it\/en\/wp-json\/wp\/v2\/comments?post=14835"}],"version-history":[{"count":8,"href":"https:\/\/www.systab.it\/en\/wp-json\/wp\/v2\/pages\/14835\/revisions"}],"predecessor-version":[{"id":16936,"href":"https:\/\/www.systab.it\/en\/wp-json\/wp\/v2\/pages\/14835\/revisions\/16936"}],"wp:featuredmedia":[{"embeddable":true,"href":"https:\/\/www.systab.it\/en\/wp-json\/wp\/v2\/media\/14836"}],"wp:attachment":[{"href":"https:\/\/www.systab.it\/en\/wp-json\/wp\/v2\/media?parent=14835"}],"curies":[{"name":"wp","href":"https:\/\/api.w.org\/{rel}","templated":true}]}}